{"id":16767,"date":"2023-10-31T16:55:35","date_gmt":"2023-10-31T15:55:35","guid":{"rendered":"https:\/\/baralivres.ma\/?post_type=product&#038;p=16767"},"modified":"2023-12-18T14:41:07","modified_gmt":"2023-12-18T13:41:07","slug":"comment-jai-vire-mon-patron","status":"publish","type":"product","link":"https:\/\/baralivres.ma\/?product=comment-jai-vire-mon-patron","title":{"rendered":"Comment j&rsquo;ai vir\u00e9 mon patron"},"content":{"rendered":"<p>Nicolas, un homme mari\u00e9 avec deux fils et un emploi dans l&rsquo;industrie pharmaceutique, avait apparemment tout pour lui, mais sa vie \u00e9tait loin d&rsquo;\u00eatre \u00e9panouissante. Il se sentait constamment \u00e9puis\u00e9, frustr\u00e9, et sa motivation d\u00e9clinait rapidement. Un matin, il a atteint son point de rupture, d\u00e9cidant de renvoyer son patron et de se lancer dans une nouvelle aventure. Anim\u00e9 par le d\u00e9sir de trouver du sens et de vivre en toute libert\u00e9, Nicolas a embarqu\u00e9 avec sa femme, Sandrine, pour un tour du monde en famille, emportant avec eux leur entreprise en ligne dans leurs sacs \u00e0 dos. Leur p\u00e9riple, d\u00e9butant \u00e0 Bali et se poursuivant jusqu&rsquo;au Bhoutan, a \u00e9t\u00e9 une aventure humaine, entrepreneuriale et spirituelle palpitante, marqu\u00e9e par les doutes, les impr\u00e9vus, les rencontres inspirantes et les exp\u00e9riences qui ont transform\u00e9 leur vie.<\/p>\n<p>Ce livre relate l&rsquo;histoire inspirante et courageuse de Nicolas, un ancien employ\u00e9 qui a trouv\u00e9 le courage de se r\u00e9inventer. Il offre des conseils pour vous lib\u00e9rer d&rsquo;un travail qui vous emprisonne, surmonter vos peurs et les croyances limitantes, et partir \u00e0 la d\u00e9couverte de vous-m\u00eame pour vous \u00e9panouir pleinement dans le monde de l&rsquo;entrepreneuriat.<\/p>\n","protected":false},"excerpt":{"rendered":"<p>Nicolas, insatisfait dans l&rsquo;industrie pharmaceutique, quitte son emploi, voyage autour du monde en famille, trouve le bonheur entrepreneurial.<\/p>\n","protected":false},"featured_media":20641,"comment_status":"open","ping_status":"closed","template":"","meta":{"inline_featured_image":false},"product_cat":[204,91],"product_tag":[],"class_list":{"0":"post-16767","1":"product","2":"type-product","3":"status-publish","4":"has-post-thumbnail","6":"product_cat-francais","7":"product_cat-developpement","8":"pa_auteurs-nicolas-de-vicq","10":"first","11":"instock","12":"shipping-taxable","13":"purchasable","14":"product-type-simple"},"_links":{"self":[{"href":"https:\/\/baralivres.ma\/index.php?rest_route=\/wp\/v2\/product\/16767","targetHints":{"allow":["GET"]}}],"collection":[{"href":"https:\/\/baralivres.ma\/index.php?rest_route=\/wp\/v2\/product"}],"about":[{"href":"https:\/\/baralivres.ma\/index.php?rest_route=\/wp\/v2\/types\/product"}],"replies":[{"embeddable":true,"href":"https:\/\/baralivres.ma\/index.php?rest_route=%2Fwp%2Fv2%2Fcomments&post=16767"}],"version-history":[{"count":1,"href":"https:\/\/baralivres.ma\/index.php?rest_route=\/wp\/v2\/product\/16767\/revisions"}],"predecessor-version":[{"id":16768,"href":"https:\/\/baralivres.ma\/index.php?rest_route=\/wp\/v2\/product\/16767\/revisions\/16768"}],"wp:featuredmedia":[{"embeddable":true,"href":"https:\/\/baralivres.ma\/index.php?rest_route=\/wp\/v2\/media\/20641"}],"wp:attachment":[{"href":"https:\/\/baralivres.ma\/index.php?rest_route=%2Fwp%2Fv2%2Fmedia&parent=16767"}],"wp:term":[{"taxonomy":"product_cat","embeddable":true,"href":"https:\/\/baralivres.ma\/index.php?rest_route=%2Fwp%2Fv2%2Fproduct_cat&post=16767"},{"taxonomy":"product_tag","embeddable":true,"href":"https:\/\/baralivres.ma\/index.php?rest_route=%2Fwp%2Fv2%2Fproduct_tag&post=16767"}],"curies":[{"name":"wp","href":"https:\/\/api.w.org\/{rel}","templated":true}]}}