{"id":16758,"date":"2023-10-31T16:50:26","date_gmt":"2023-10-31T15:50:26","guid":{"rendered":"https:\/\/baralivres.ma\/?post_type=product&#038;p=16758"},"modified":"2023-10-31T16:50:27","modified_gmt":"2023-10-31T15:50:27","slug":"devenez-un-grand-orateur-ted","status":"publish","type":"product","link":"https:\/\/baralivres.ma\/?product=devenez-un-grand-orateur-ted","title":{"rendered":"Devenez un grand orateur TED"},"content":{"rendered":"<p>Les id\u00e9es ont pris une place centrale dans le XXIe si\u00e8cle, et la capacit\u00e9 \u00e0 articuler et d\u00e9fendre les v\u00f4tres est aujourd&rsquo;hui une comp\u00e9tence essentielle pour r\u00e9aliser vos objectifs et concr\u00e9tiser vos aspirations. Les conf\u00e9rences TED sont d\u00e9sormais la r\u00e9f\u00e9rence incontournable en mati\u00e8re de prise de parole en public, \u00e9tant \u00e0 la fois efficaces et m\u00e9morables. Dans cet ouvrage, Carmine Gallo d\u00e9cortique les discours les plus remarquables, r\u00e9v\u00e9lant les secrets des orateurs les plus en vogue, en s&rsquo;appuyant sur les derni\u00e8res avanc\u00e9es en psychologie, en communication et en neurosciences. De l&rsquo;importance du r\u00e9cit \u00e0 la r\u00e8gle des 18 minutes, en passant par le choix des accessoires de pr\u00e9sentation, d\u00e9couvrez les techniques qui vous aideront \u00e0 devenir un ma\u00eetre de l&rsquo;\u00e9loquence. \u00ab Devenez un grand orateur TED \u00bb est un ouvrage astucieux et pr\u00e9cieux qui vous fournira les cl\u00e9s pour une pr\u00e9sentation percutante. \u00bb Daniel H. Pink, auteur \u00e0 succ\u00e8s de \u00ab La V\u00e9rit\u00e9 sur ce qui nous motive \u00bb.<\/p>\n<p>Carmine Gallo, auteur \u00e0 succ\u00e8s des \u00ab Secrets de pr\u00e9sentation de Steve Jobs \u00bb, met au service de grandes marques telles que Pfizer, LinkedIn, Intel et Coca-Cola son expertise en communication. En tant que conf\u00e9rencier renomm\u00e9, il accompagne les dirigeants les plus \u00e9minents du monde dans leur art de la prise de parole en public.<\/p>\n","protected":false},"excerpt":{"rendered":"<p>Les id\u00e9es cruciales, l&rsquo;art de la parole, et les secrets des orateurs pour devenir un grand orateur TED.<\/p>\n","protected":false},"featured_media":16759,"comment_status":"open","ping_status":"closed","template":"","meta":{"inline_featured_image":false},"product_cat":[204,91],"product_tag":[],"class_list":{"0":"post-16758","1":"product","2":"type-product","3":"status-publish","4":"has-post-thumbnail","6":"product_cat-francais","7":"product_cat-developpement","8":"pa_auteurs-sylvie-deraime","10":"first","11":"instock","12":"shipping-taxable","13":"purchasable","14":"product-type-simple"},"_links":{"self":[{"href":"https:\/\/baralivres.ma\/index.php?rest_route=\/wp\/v2\/product\/16758","targetHints":{"allow":["GET"]}}],"collection":[{"href":"https:\/\/baralivres.ma\/index.php?rest_route=\/wp\/v2\/product"}],"about":[{"href":"https:\/\/baralivres.ma\/index.php?rest_route=\/wp\/v2\/types\/product"}],"replies":[{"embeddable":true,"href":"https:\/\/baralivres.ma\/index.php?rest_route=%2Fwp%2Fv2%2Fcomments&post=16758"}],"version-history":[{"count":1,"href":"https:\/\/baralivres.ma\/index.php?rest_route=\/wp\/v2\/product\/16758\/revisions"}],"predecessor-version":[{"id":16760,"href":"https:\/\/baralivres.ma\/index.php?rest_route=\/wp\/v2\/product\/16758\/revisions\/16760"}],"wp:featuredmedia":[{"embeddable":true,"href":"https:\/\/baralivres.ma\/index.php?rest_route=\/wp\/v2\/media\/16759"}],"wp:attachment":[{"href":"https:\/\/baralivres.ma\/index.php?rest_route=%2Fwp%2Fv2%2Fmedia&parent=16758"}],"wp:term":[{"taxonomy":"product_cat","embeddable":true,"href":"https:\/\/baralivres.ma\/index.php?rest_route=%2Fwp%2Fv2%2Fproduct_cat&post=16758"},{"taxonomy":"product_tag","embeddable":true,"href":"https:\/\/baralivres.ma\/index.php?rest_route=%2Fwp%2Fv2%2Fproduct_tag&post=16758"}],"curies":[{"name":"wp","href":"https:\/\/api.w.org\/{rel}","templated":true}]}}