{"id":16749,"date":"2023-10-31T16:44:04","date_gmt":"2023-10-31T15:44:04","guid":{"rendered":"https:\/\/baralivres.ma\/?post_type=product&#038;p=16749"},"modified":"2023-10-31T16:44:05","modified_gmt":"2023-10-31T15:44:05","slug":"responsabilisez-et-autonomisez-votre-equipe-avec-process-communication-model","status":"publish","type":"product","link":"https:\/\/baralivres.ma\/?product=responsabilisez-et-autonomisez-votre-equipe-avec-process-communication-model","title":{"rendered":"Responsabilisez et autonomisez votre \u00e9quipe avec Process Communication Model\u00ae"},"content":{"rendered":"<p>Passer du management ax\u00e9 sur l&rsquo;\u00e9galit\u00e9 au management ax\u00e9 sur l&rsquo;\u00e9quit\u00e9<\/p>\n<p>Que vous soyez \u00e0 la t\u00eate d&rsquo;une entreprise, en tant que directeur, manager, ou responsable d&rsquo;une association, la capacit\u00e9 \u00e0 communiquer efficacement et \u00e0 d\u00e9l\u00e9guer est essentielle pour atteindre vos objectifs.<\/p>\n<p>Le mod\u00e8le de la Coordination des autonomies permet de favoriser l&rsquo;ind\u00e9pendance et l&rsquo;auto-gestion de chaque membre de votre \u00e9quipe, de promouvoir la diversit\u00e9 des comp\u00e9tences au sein de celle-ci, et de vous permettre de passer de la position du \u00ab\u00a0manager qui sait tout\u00a0\u00bb \u00e0 celle d&rsquo;un \u00ab\u00a0leader qui cultive\u00a0\u00bb.<\/p>\n<p>Pour parvenir \u00e0 cette transformation, ce livre vous enseignera comment tirer parti de deux outils puissants et compl\u00e9mentaires : le DRSO (Diagnostic de R\u00e9sonance Syst\u00e9mique des Organisations) pour piloter votre \u00e9quipe sur le long terme, et le Process Communication Model\u00ae, une cl\u00e9 essentielle pour am\u00e9liorer la communication interpersonnelle.<\/p>\n","protected":false},"excerpt":{"rendered":"<p>Transition du management de l&rsquo;\u00e9galit\u00e9 \u00e0 l&rsquo;\u00e9quit\u00e9, communication, d\u00e9l\u00e9gation, autonomie, diversit\u00e9, leadership, DRSO, Process Communication Model\u00ae.<\/p>\n","protected":false},"featured_media":16751,"comment_status":"open","ping_status":"closed","template":"","meta":{"inline_featured_image":false},"product_cat":[204,91],"product_tag":[],"class_list":{"0":"post-16749","1":"product","2":"type-product","3":"status-publish","4":"has-post-thumbnail","6":"product_cat-francais","7":"product_cat-developpement","8":"pa_auteurs-vincent-favrie","10":"first","11":"instock","12":"shipping-taxable","13":"purchasable","14":"product-type-simple"},"_links":{"self":[{"href":"https:\/\/baralivres.ma\/index.php?rest_route=\/wp\/v2\/product\/16749","targetHints":{"allow":["GET"]}}],"collection":[{"href":"https:\/\/baralivres.ma\/index.php?rest_route=\/wp\/v2\/product"}],"about":[{"href":"https:\/\/baralivres.ma\/index.php?rest_route=\/wp\/v2\/types\/product"}],"replies":[{"embeddable":true,"href":"https:\/\/baralivres.ma\/index.php?rest_route=%2Fwp%2Fv2%2Fcomments&post=16749"}],"version-history":[{"count":1,"href":"https:\/\/baralivres.ma\/index.php?rest_route=\/wp\/v2\/product\/16749\/revisions"}],"predecessor-version":[{"id":16752,"href":"https:\/\/baralivres.ma\/index.php?rest_route=\/wp\/v2\/product\/16749\/revisions\/16752"}],"wp:featuredmedia":[{"embeddable":true,"href":"https:\/\/baralivres.ma\/index.php?rest_route=\/wp\/v2\/media\/16751"}],"wp:attachment":[{"href":"https:\/\/baralivres.ma\/index.php?rest_route=%2Fwp%2Fv2%2Fmedia&parent=16749"}],"wp:term":[{"taxonomy":"product_cat","embeddable":true,"href":"https:\/\/baralivres.ma\/index.php?rest_route=%2Fwp%2Fv2%2Fproduct_cat&post=16749"},{"taxonomy":"product_tag","embeddable":true,"href":"https:\/\/baralivres.ma\/index.php?rest_route=%2Fwp%2Fv2%2Fproduct_tag&post=16749"}],"curies":[{"name":"wp","href":"https:\/\/api.w.org\/{rel}","templated":true}]}}