{"id":16746,"date":"2023-10-31T16:35:42","date_gmt":"2023-10-31T15:35:42","guid":{"rendered":"https:\/\/baralivres.ma\/?post_type=product&#038;p=16746"},"modified":"2023-10-31T16:35:42","modified_gmt":"2023-10-31T15:35:42","slug":"reflechissez-et-devenez-riche-le-journal","status":"publish","type":"product","link":"https:\/\/baralivres.ma\/?product=reflechissez-et-devenez-riche-le-journal","title":{"rendered":"R\u00e9fl\u00e9chissez et devenez riche &#8211; Le journal"},"content":{"rendered":"<p>Utilisez ce manuel inspir\u00e9 par \u00ab\u00a0R\u00e9fl\u00e9chissez et devenez riche\u00a0\u00bb de Napoleon Hill pour planifier vos objectifs, r\u00e9aliser vos r\u00eaves et r\u00e9ussir financi\u00e8rement. Il pr\u00e9sente les treize principes de l&rsquo;enrichissement et les six \u00e9tapes pour obtenir ce que vous voulez. Vous pourrez enregistrer vos aspirations, surveiller vos progr\u00e8s et garder le cap sur vos objectifs personnels et professionnels. Ce journal vous aide \u00e0 suivre et \u00e0 r\u00e9aliser vos r\u00eaves, qu&rsquo;il s&rsquo;agisse de carri\u00e8re, d&rsquo;entreprise, de sant\u00e9 ou d&rsquo;aventures. Un outil pour atteindre vos vingt-cinq r\u00eaves les plus ambitieux.<\/p>\n","protected":false},"excerpt":{"rendered":"<div class=\"group w-full text-token-text-primary border-b border-black\/10 gizmo:border-0 dark:border-gray-900\/50 gizmo:dark:border-0 bg-gray-50 gizmo:bg-transparent dark:bg-[#444654] gizmo:dark:bg-transparent\" data-testid=\"conversation-turn-133\">\n<div class=\"p-4 gizmo:py-2 justify-center text-base md:gap-6 md:py-6 m-auto\">\n<div class=\"flex flex-1 gap-4 text-base mx-auto md:gap-6 gizmo:gap-3 gizmo:md:px-5 gizmo:lg:px-1 gizmo:xl:px-5 md:max-w-2xl lg:max-w-[38rem] gizmo:md:max-w-3xl gizmo:lg:max-w-[40rem] gizmo:xl:max-w-[48rem] xl:max-w-3xl }\">\n<div class=\"relative flex w-[calc(100%-50px)] flex-col gizmo:w-full lg:w-[calc(100%-115px)] agent-turn\">\n<div class=\"flex-col gap-1 md:gap-3\">\n<div class=\"flex flex-grow flex-col gap-3 max-w-full\">\n<div class=\"min-h-[20px] flex flex-col items-start gap-3 whitespace-pre-wrap break-words overflow-x-auto\" data-message-author-role=\"assistant\" data-message-id=\"937adc17-cc98-4092-8be2-721803705ac4\">\n<div class=\"markdown prose w-full break-words dark:prose-invert light\">\n<p>Manuel bas\u00e9 sur \u00ab\u00a0R\u00e9fl\u00e9chissez et devenez riche\u00a0\u00bb de Napoleon Hill pour planifier, suivre et r\u00e9aliser des objectifs ambitieux.<\/p>\n<\/div>\n<\/div>\n<\/div>\n<div class=\"flex justify-between empty:hidden gizmo:justify-start gizmo:gap-3 lg:block gizmo:lg:flex\">\n<div class=\"text-gray-400 flex self-end lg:self-center justify-center gizmo:lg:justify-start mt-2 gizmo:mt-0 visible lg:gap-1 lg:absolute lg:top-0 lg:translate-x-full lg:right-0 lg:mt-0 lg:pl-2 gap-2 md:gap-3\"><button class=\"flex ml-auto gizmo:ml-0 gap-2 items-center rounded-md p-1 text-xs gizmo:gap-1.5 gizmo:pl-0 dark:text-gray-400 dark:hover:text-gray-200 disabled:dark:hover:text-gray-400 hover:text-gray-700\"><\/button><\/p>\n<div class=\"flex gap-1\"><\/div>\n<\/div>\n<\/div>\n<\/div>\n<\/div>\n<\/div>\n<\/div>\n<\/div>\n","protected":false},"featured_media":16747,"comment_status":"open","ping_status":"closed","template":"","meta":{"inline_featured_image":false},"product_cat":[204,91],"product_tag":[],"class_list":{"0":"post-16746","1":"product","2":"type-product","3":"status-publish","4":"has-post-thumbnail","6":"product_cat-francais","7":"product_cat-developpement","8":"pa_auteurs-napoleon-hill","10":"first","11":"instock","12":"shipping-taxable","13":"purchasable","14":"product-type-simple"},"_links":{"self":[{"href":"https:\/\/baralivres.ma\/index.php?rest_route=\/wp\/v2\/product\/16746","targetHints":{"allow":["GET"]}}],"collection":[{"href":"https:\/\/baralivres.ma\/index.php?rest_route=\/wp\/v2\/product"}],"about":[{"href":"https:\/\/baralivres.ma\/index.php?rest_route=\/wp\/v2\/types\/product"}],"replies":[{"embeddable":true,"href":"https:\/\/baralivres.ma\/index.php?rest_route=%2Fwp%2Fv2%2Fcomments&post=16746"}],"version-history":[{"count":1,"href":"https:\/\/baralivres.ma\/index.php?rest_route=\/wp\/v2\/product\/16746\/revisions"}],"predecessor-version":[{"id":16748,"href":"https:\/\/baralivres.ma\/index.php?rest_route=\/wp\/v2\/product\/16746\/revisions\/16748"}],"wp:featuredmedia":[{"embeddable":true,"href":"https:\/\/baralivres.ma\/index.php?rest_route=\/wp\/v2\/media\/16747"}],"wp:attachment":[{"href":"https:\/\/baralivres.ma\/index.php?rest_route=%2Fwp%2Fv2%2Fmedia&parent=16746"}],"wp:term":[{"taxonomy":"product_cat","embeddable":true,"href":"https:\/\/baralivres.ma\/index.php?rest_route=%2Fwp%2Fv2%2Fproduct_cat&post=16746"},{"taxonomy":"product_tag","embeddable":true,"href":"https:\/\/baralivres.ma\/index.php?rest_route=%2Fwp%2Fv2%2Fproduct_tag&post=16746"}],"curies":[{"name":"wp","href":"https:\/\/api.w.org\/{rel}","templated":true}]}}