{"id":16734,"date":"2023-10-31T16:27:28","date_gmt":"2023-10-31T15:27:28","guid":{"rendered":"https:\/\/baralivres.ma\/?post_type=product&#038;p=16734"},"modified":"2023-10-31T16:27:28","modified_gmt":"2023-10-31T15:27:28","slug":"le-secret-2","status":"publish","type":"product","link":"https:\/\/baralivres.ma\/?product=le-secret-2","title":{"rendered":"Le secret"},"content":{"rendered":"<p>Ce message a \u00e9t\u00e9 transmis \u00e0 travers l&rsquo;Histoire par des grands esprits tels que Platon, L\u00e9onard de Vinci, Beethoven, Victor Hugo, et d&rsquo;autres. Aujourd&rsquo;hui, il est accessible \u00e0 tous. Le Secret r\u00e9v\u00e8le comment obtenir, devenir, ou r\u00e9aliser tout ce que vous d\u00e9sirez, r\u00e9v\u00e9lant votre v\u00e9ritable nature et votre immense potentiel. Il a \u00e9t\u00e9 utilis\u00e9 par des personnes pour atteindre la sant\u00e9, la prosp\u00e9rit\u00e9, et le bonheur. Ce savoir est bas\u00e9 sur la loi de l&rsquo;attraction, qui affirme que ce qui est v\u00e9cu int\u00e9rieurement se manifeste \u00e0 l&rsquo;ext\u00e9rieur. Le Secret expose cette loi et d\u00e9montre sa validit\u00e9 gr\u00e2ce \u00e0 de nombreux t\u00e9moignages. En contr\u00f4lant vos pens\u00e9es, vous pouvez augmenter votre fr\u00e9quence vibratoire pour attirer ce que vous d\u00e9sirez.<\/p>\n","protected":false},"excerpt":{"rendered":"<p>\u00ab\u00a0Le Secret\u00a0\u00bb r\u00e9v\u00e8le le pouvoir de la loi de l&rsquo;attraction pour atteindre le succ\u00e8s, le bonheur, et l&rsquo;abondance.<\/p>\n","protected":false},"featured_media":16740,"comment_status":"open","ping_status":"closed","template":"","meta":{"inline_featured_image":false},"product_cat":[204,91],"product_tag":[],"class_list":{"0":"post-16734","1":"product","2":"type-product","3":"status-publish","4":"has-post-thumbnail","6":"product_cat-francais","7":"product_cat-developpement","8":"pa_auteurs-rhonda-byrne","10":"first","11":"instock","12":"shipping-taxable","13":"purchasable","14":"product-type-simple"},"_links":{"self":[{"href":"https:\/\/baralivres.ma\/index.php?rest_route=\/wp\/v2\/product\/16734","targetHints":{"allow":["GET"]}}],"collection":[{"href":"https:\/\/baralivres.ma\/index.php?rest_route=\/wp\/v2\/product"}],"about":[{"href":"https:\/\/baralivres.ma\/index.php?rest_route=\/wp\/v2\/types\/product"}],"replies":[{"embeddable":true,"href":"https:\/\/baralivres.ma\/index.php?rest_route=%2Fwp%2Fv2%2Fcomments&post=16734"}],"version-history":[{"count":2,"href":"https:\/\/baralivres.ma\/index.php?rest_route=\/wp\/v2\/product\/16734\/revisions"}],"predecessor-version":[{"id":16742,"href":"https:\/\/baralivres.ma\/index.php?rest_route=\/wp\/v2\/product\/16734\/revisions\/16742"}],"wp:featuredmedia":[{"embeddable":true,"href":"https:\/\/baralivres.ma\/index.php?rest_route=\/wp\/v2\/media\/16740"}],"wp:attachment":[{"href":"https:\/\/baralivres.ma\/index.php?rest_route=%2Fwp%2Fv2%2Fmedia&parent=16734"}],"wp:term":[{"taxonomy":"product_cat","embeddable":true,"href":"https:\/\/baralivres.ma\/index.php?rest_route=%2Fwp%2Fv2%2Fproduct_cat&post=16734"},{"taxonomy":"product_tag","embeddable":true,"href":"https:\/\/baralivres.ma\/index.php?rest_route=%2Fwp%2Fv2%2Fproduct_tag&post=16734"}],"curies":[{"name":"wp","href":"https:\/\/api.w.org\/{rel}","templated":true}]}}