{"id":16730,"date":"2023-10-31T16:17:46","date_gmt":"2023-10-31T15:17:46","guid":{"rendered":"https:\/\/baralivres.ma\/?post_type=product&#038;p=16730"},"modified":"2023-10-31T16:17:47","modified_gmt":"2023-10-31T15:17:47","slug":"comment-le-secret-a-change-ma-vie","status":"publish","type":"product","link":"https:\/\/baralivres.ma\/?product=comment-le-secret-a-change-ma-vie","title":{"rendered":"Comment Le Secret a chang\u00e9 ma vie"},"content":{"rendered":"<div class=\"group w-full text-token-text-primary border-b border-black\/10 gizmo:border-0 dark:border-gray-900\/50 gizmo:dark:border-0 bg-gray-50 gizmo:bg-transparent dark:bg-[#444654] gizmo:dark:bg-transparent\" data-testid=\"conversation-turn-121\">\n<div class=\"p-4 gizmo:py-2 justify-center text-base md:gap-6 md:py-6 m-auto\">\n<div class=\"flex flex-1 gap-4 text-base mx-auto md:gap-6 gizmo:gap-3 gizmo:md:px-5 gizmo:lg:px-1 gizmo:xl:px-5 md:max-w-2xl lg:max-w-[38rem] gizmo:md:max-w-3xl gizmo:lg:max-w-[40rem] gizmo:xl:max-w-[48rem] xl:max-w-3xl }\">\n<div class=\"relative flex w-[calc(100%-50px)] flex-col gizmo:w-full lg:w-[calc(100%-115px)] agent-turn\">\n<div class=\"flex-col gap-1 md:gap-3\">\n<div class=\"flex flex-grow flex-col gap-3 max-w-full\">\n<div class=\"min-h-[20px] flex flex-col items-start gap-3 whitespace-pre-wrap break-words overflow-x-auto\" data-message-author-role=\"assistant\" data-message-id=\"c02be49d-306b-45a2-aa28-cc0b366e7bfb\">\n<div class=\"markdown prose w-full break-words dark:prose-invert light\">\n<p>Ces t\u00e9moignages pr\u00e9sentent des exp\u00e9riences authentiques de personnes ordinaires qui ont appliqu\u00e9 les principes de \u00ab\u00a0Le Secret\u00a0\u00bb de Rhonda Byrne et la loi de l&rsquo;attraction dans leur vie. Ils racontent comment ils ont am\u00e9lior\u00e9 divers aspects de leur existence, que ce soit dans le domaine financier, de la sant\u00e9, des relations, de l&rsquo;amour, de la famille ou de la carri\u00e8re. Ces r\u00e9cits d\u00e9montrent comment quiconque peut utiliser ces enseignements pour transformer sa propre vie de mani\u00e8re positive. En d\u00e9couvrant \u00ab\u00a0Le Secret\u00a0\u00bb, les lecteurs peuvent acc\u00e9der \u00e0 un pouvoir int\u00e9rieur qui leur permet d&rsquo;attirer tout ce qu&rsquo;ils d\u00e9sirent, de mieux se conna\u00eetre, et de r\u00e9aliser leur magnificence personnelle. Cet ouvrage met en lumi\u00e8re les incroyables possibilit\u00e9s offertes par la loi de l&rsquo;attraction et inspire les lecteurs \u00e0 exploiter leur potentiel.<\/p>\n<\/div>\n<\/div>\n<\/div>\n<div class=\"flex justify-between empty:hidden gizmo:justify-start gizmo:gap-3 lg:block gizmo:lg:flex\">\n<div class=\"text-gray-400 flex self-end lg:self-center justify-center gizmo:lg:justify-start mt-2 gizmo:mt-0 visible lg:gap-1 lg:absolute lg:top-0 lg:translate-x-full lg:right-0 lg:mt-0 lg:pl-2 gap-2 md:gap-3\"><button class=\"flex ml-auto gizmo:ml-0 gap-2 items-center rounded-md p-1 text-xs gizmo:gap-1.5 gizmo:pl-0 dark:text-gray-400 dark:hover:text-gray-200 disabled:dark:hover:text-gray-400 hover:text-gray-700\"><\/button><\/p>\n<div class=\"flex gap-1\"><\/div>\n<\/div>\n<\/div>\n<\/div>\n<\/div>\n<\/div>\n<\/div>\n<\/div>\n","protected":false},"excerpt":{"rendered":"<p>Recueil de t\u00e9moignages sur les transformations gr\u00e2ce \u00e0 \u00ab\u00a0Le Secret\u00a0\u00bb de Rhonda Byrne et la loi de l&rsquo;attraction.<\/p>\n","protected":false},"featured_media":16731,"comment_status":"open","ping_status":"closed","template":"","meta":{"inline_featured_image":false},"product_cat":[204,91],"product_tag":[],"class_list":{"0":"post-16730","1":"product","2":"type-product","3":"status-publish","4":"has-post-thumbnail","6":"product_cat-francais","7":"product_cat-developpement","8":"pa_auteurs-rhonda-byrne","10":"first","11":"instock","12":"shipping-taxable","13":"purchasable","14":"product-type-simple"},"_links":{"self":[{"href":"https:\/\/baralivres.ma\/index.php?rest_route=\/wp\/v2\/product\/16730","targetHints":{"allow":["GET"]}}],"collection":[{"href":"https:\/\/baralivres.ma\/index.php?rest_route=\/wp\/v2\/product"}],"about":[{"href":"https:\/\/baralivres.ma\/index.php?rest_route=\/wp\/v2\/types\/product"}],"replies":[{"embeddable":true,"href":"https:\/\/baralivres.ma\/index.php?rest_route=%2Fwp%2Fv2%2Fcomments&post=16730"}],"version-history":[{"count":1,"href":"https:\/\/baralivres.ma\/index.php?rest_route=\/wp\/v2\/product\/16730\/revisions"}],"predecessor-version":[{"id":16733,"href":"https:\/\/baralivres.ma\/index.php?rest_route=\/wp\/v2\/product\/16730\/revisions\/16733"}],"wp:featuredmedia":[{"embeddable":true,"href":"https:\/\/baralivres.ma\/index.php?rest_route=\/wp\/v2\/media\/16731"}],"wp:attachment":[{"href":"https:\/\/baralivres.ma\/index.php?rest_route=%2Fwp%2Fv2%2Fmedia&parent=16730"}],"wp:term":[{"taxonomy":"product_cat","embeddable":true,"href":"https:\/\/baralivres.ma\/index.php?rest_route=%2Fwp%2Fv2%2Fproduct_cat&post=16730"},{"taxonomy":"product_tag","embeddable":true,"href":"https:\/\/baralivres.ma\/index.php?rest_route=%2Fwp%2Fv2%2Fproduct_tag&post=16730"}],"curies":[{"name":"wp","href":"https:\/\/api.w.org\/{rel}","templated":true}]}}