{"id":16729,"date":"2023-10-31T16:18:39","date_gmt":"2023-10-31T15:18:39","guid":{"rendered":"https:\/\/baralivres.ma\/?post_type=product&#038;p=16729"},"modified":"2023-10-31T16:18:39","modified_gmt":"2023-10-31T15:18:39","slug":"le-pere-goriot-2","status":"publish","type":"product","link":"https:\/\/baralivres.ma\/?product=le-pere-goriot-2","title":{"rendered":"Le P\u00e8re Goriot"},"content":{"rendered":"<p>Rastignac, un jeune homme originaire de province, aspire \u00e0 s&rsquo;int\u00e9grer dans la haute soci\u00e9t\u00e9 parisienne. Cependant, il est en manque \u00e0 la fois de l&rsquo;aisance financi\u00e8re et des codes sociaux requis. Pour atteindre son but, il fr\u00e9quente les femmes influentes, tout en restant proche de son voisin \u00e0 la pension Vauquer, le p\u00e8re Goriot, un vieil homme malheureux abandonn\u00e9 par ses filles. D&rsquo;autres personnages tels que Vautrin, un \u00e9vad\u00e9 de prison, Marsay, un politicien ambitieux, et Rubempr\u00e9, un \u00e9crivain talentueux, partagent ce d\u00e9sir ardent de pouvoir. Chacun apprend \u00e0 sa mani\u00e8re les intrications et les connexions n\u00e9cessaires dans une soci\u00e9t\u00e9 gouvern\u00e9e par les int\u00e9r\u00eats. Les seules figures d\u00e9sint\u00e9ress\u00e9es semblent \u00eatre le p\u00e8re Goriot, vaincu par son amour pour ses enfants, et Mme de Beaus\u00e9ant, rejet\u00e9e par l&rsquo;ensemble de la haute soci\u00e9t\u00e9 parisienne. Cette demeure est comme une cocotte-minute o\u00f9 les passions bouillonnent, et les pages se tournent d&rsquo;elles-m\u00eames, car chaque \u00e9tage de la pension Vauquer devient le reflet de ce que Balzac a imagin\u00e9 avec g\u00e9nie : La Com\u00e9die humaine.<\/p>\n","protected":false},"excerpt":{"rendered":"<p>Rastignac, provincial, seeks Parisian society, encountering ambition, love, and intrigue, reflecting Balzac&rsquo;s La Com\u00e9die humaine.<\/p>\n","protected":false},"featured_media":16732,"comment_status":"open","ping_status":"closed","template":"","meta":{"inline_featured_image":false},"product_cat":[204,143],"product_tag":[],"class_list":{"0":"post-16729","1":"product","2":"type-product","3":"status-publish","4":"has-post-thumbnail","6":"product_cat-francais","7":"product_cat-roman","8":"pa_auteurs-honore-de-balzac-2","10":"first","11":"instock","12":"shipping-taxable","13":"purchasable","14":"product-type-simple"},"_links":{"self":[{"href":"https:\/\/baralivres.ma\/index.php?rest_route=\/wp\/v2\/product\/16729","targetHints":{"allow":["GET"]}}],"collection":[{"href":"https:\/\/baralivres.ma\/index.php?rest_route=\/wp\/v2\/product"}],"about":[{"href":"https:\/\/baralivres.ma\/index.php?rest_route=\/wp\/v2\/types\/product"}],"replies":[{"embeddable":true,"href":"https:\/\/baralivres.ma\/index.php?rest_route=%2Fwp%2Fv2%2Fcomments&post=16729"}],"version-history":[{"count":2,"href":"https:\/\/baralivres.ma\/index.php?rest_route=\/wp\/v2\/product\/16729\/revisions"}],"predecessor-version":[{"id":16736,"href":"https:\/\/baralivres.ma\/index.php?rest_route=\/wp\/v2\/product\/16729\/revisions\/16736"}],"wp:featuredmedia":[{"embeddable":true,"href":"https:\/\/baralivres.ma\/index.php?rest_route=\/wp\/v2\/media\/16732"}],"wp:attachment":[{"href":"https:\/\/baralivres.ma\/index.php?rest_route=%2Fwp%2Fv2%2Fmedia&parent=16729"}],"wp:term":[{"taxonomy":"product_cat","embeddable":true,"href":"https:\/\/baralivres.ma\/index.php?rest_route=%2Fwp%2Fv2%2Fproduct_cat&post=16729"},{"taxonomy":"product_tag","embeddable":true,"href":"https:\/\/baralivres.ma\/index.php?rest_route=%2Fwp%2Fv2%2Fproduct_tag&post=16729"}],"curies":[{"name":"wp","href":"https:\/\/api.w.org\/{rel}","templated":true}]}}