{"id":16724,"date":"2023-10-31T16:14:12","date_gmt":"2023-10-31T15:14:12","guid":{"rendered":"https:\/\/baralivres.ma\/?post_type=product&#038;p=16724"},"modified":"2023-10-31T16:14:13","modified_gmt":"2023-10-31T15:14:13","slug":"cyrano-de-bergerac-2","status":"publish","type":"product","link":"https:\/\/baralivres.ma\/?product=cyrano-de-bergerac-2","title":{"rendered":"Cyrano de Bergerac"},"content":{"rendered":"<p>Un jeune homme aimable et un auteur \u00e0 moiti\u00e9 reconnu, soutenu par Sarah Bernhardt, Edmond Rostand devint soudainement un h\u00e9ros national gr\u00e2ce \u00e0 Cyrano de Bergerac, se voyant imm\u00e9diatement d\u00e9cor\u00e9 de la L\u00e9gion d&rsquo;honneur. Cette pi\u00e8ce somptueuse m\u00ealant po\u00e9sie et esprit militaire, offrant une atmosph\u00e8re historique rappelant \u00e0 la fois Les Trois Mousquetaires et le monde raffin\u00e9 des pr\u00e9cieux, constitua un drame en vers d&rsquo;une virtuosit\u00e9 \u00e9poustouflante, rappelant le g\u00e9nie de Ruy Blas. Cyrano conquit ais\u00e9ment un public fatigu\u00e9 du th\u00e9\u00e2tre intellectuel, galvanis\u00e9 par le patriotisme culturel de l&rsquo;auteur. Comme l&rsquo;a \u00e9crit Jules Renard apr\u00e8s la premi\u00e8re repr\u00e9sentation : \u00ab\u00a0Ainsi, il y a un chef-d&rsquo;\u0153uvre de plus dans le monde.\u00a0\u00bb Il est peut-\u00eatre n\u00e9cessaire de temp\u00e9rer un peu cet \u00e9loge, mais seulement un peu. En d\u00e9pit de ses origines dans la bourgeoisie la plus conventionnelle, Cyrano demeure le summum du th\u00e9\u00e2tre populaire \u00e0 ce jour, et son dernier acte, avec son cadre de couvent et ses feuilles mortes, est tout aussi \u00e9mouvant qu&rsquo;un finale de Verdi.<\/p>\n","protected":false},"excerpt":{"rendered":"<p>Rostand&rsquo;s Cyrano de Bergerac, an instant classic, blended military and poetic prowess, captivating a patriotically-inspired audience.<\/p>\n","protected":false},"featured_media":16727,"comment_status":"open","ping_status":"closed","template":"","meta":{"inline_featured_image":false},"product_cat":[204,143],"product_tag":[],"class_list":{"0":"post-16724","1":"product","2":"type-product","3":"status-publish","4":"has-post-thumbnail","6":"product_cat-francais","7":"product_cat-roman","8":"pa_auteurs-rostand-edmond","10":"first","11":"instock","12":"shipping-taxable","13":"purchasable","14":"product-type-simple"},"_links":{"self":[{"href":"https:\/\/baralivres.ma\/index.php?rest_route=\/wp\/v2\/product\/16724","targetHints":{"allow":["GET"]}}],"collection":[{"href":"https:\/\/baralivres.ma\/index.php?rest_route=\/wp\/v2\/product"}],"about":[{"href":"https:\/\/baralivres.ma\/index.php?rest_route=\/wp\/v2\/types\/product"}],"replies":[{"embeddable":true,"href":"https:\/\/baralivres.ma\/index.php?rest_route=%2Fwp%2Fv2%2Fcomments&post=16724"}],"version-history":[{"count":1,"href":"https:\/\/baralivres.ma\/index.php?rest_route=\/wp\/v2\/product\/16724\/revisions"}],"predecessor-version":[{"id":16728,"href":"https:\/\/baralivres.ma\/index.php?rest_route=\/wp\/v2\/product\/16724\/revisions\/16728"}],"wp:featuredmedia":[{"embeddable":true,"href":"https:\/\/baralivres.ma\/index.php?rest_route=\/wp\/v2\/media\/16727"}],"wp:attachment":[{"href":"https:\/\/baralivres.ma\/index.php?rest_route=%2Fwp%2Fv2%2Fmedia&parent=16724"}],"wp:term":[{"taxonomy":"product_cat","embeddable":true,"href":"https:\/\/baralivres.ma\/index.php?rest_route=%2Fwp%2Fv2%2Fproduct_cat&post=16724"},{"taxonomy":"product_tag","embeddable":true,"href":"https:\/\/baralivres.ma\/index.php?rest_route=%2Fwp%2Fv2%2Fproduct_tag&post=16724"}],"curies":[{"name":"wp","href":"https:\/\/api.w.org\/{rel}","templated":true}]}}