{"id":16717,"date":"2023-10-31T16:11:35","date_gmt":"2023-10-31T15:11:35","guid":{"rendered":"https:\/\/baralivres.ma\/?post_type=product&#038;p=16717"},"modified":"2023-10-31T16:11:35","modified_gmt":"2023-10-31T15:11:35","slug":"philosophie-de-la-vie-conjugale","status":"publish","type":"product","link":"https:\/\/baralivres.ma\/?product=philosophie-de-la-vie-conjugale","title":{"rendered":"Philosophie de la vie conjugale"},"content":{"rendered":"<p>Une fois que l&rsquo;on atteint une certaine \u00e9tape de la vie conjugale en termes de latitude ou de longitude, il peut survenir un l\u00e9ger inconfort r\u00e9current, intermittent, quelque peu comparable \u00e0 des douleurs dentaires&#8230; Par exemple, Caroline, autrefois votre petite amie ch\u00e9rie, votre tr\u00e9sor, est maintenant tout simplement devenue votre \u00e9pouse et elle s&rsquo;appuie excessivement sur votre bras lors de vos promenades en bordure du boulevard, ou bien elle consid\u00e8re qu&rsquo;il est plus \u00e9l\u00e9gant de ne pas vous donner le bras&#8230; Prendre ces situations avec une dose de philosophie, de pragmatisme, d&rsquo;humour et d&#8217;empathie pourrait bien \u00eatre la formule d&rsquo;un mariage r\u00e9ussi, n&rsquo;est-ce pas ?<\/p>\n","protected":false},"excerpt":{"rendered":"<p>\u00c0 un certain stade du mariage, des petits d\u00e9sagr\u00e9ments surgissent, l&rsquo;humour, la tol\u00e9rance et l&#8217;empathie sont essentiels.<\/p>\n","protected":false},"featured_media":16722,"comment_status":"open","ping_status":"closed","template":"","meta":{"inline_featured_image":false},"product_cat":[204,143],"product_tag":[],"class_list":{"0":"post-16717","1":"product","2":"type-product","3":"status-publish","4":"has-post-thumbnail","6":"product_cat-francais","7":"product_cat-roman","8":"pa_auteurs-honore-de-balzac-2","10":"first","11":"instock","12":"shipping-taxable","13":"purchasable","14":"product-type-simple"},"_links":{"self":[{"href":"https:\/\/baralivres.ma\/index.php?rest_route=\/wp\/v2\/product\/16717","targetHints":{"allow":["GET"]}}],"collection":[{"href":"https:\/\/baralivres.ma\/index.php?rest_route=\/wp\/v2\/product"}],"about":[{"href":"https:\/\/baralivres.ma\/index.php?rest_route=\/wp\/v2\/types\/product"}],"replies":[{"embeddable":true,"href":"https:\/\/baralivres.ma\/index.php?rest_route=%2Fwp%2Fv2%2Fcomments&post=16717"}],"version-history":[{"count":1,"href":"https:\/\/baralivres.ma\/index.php?rest_route=\/wp\/v2\/product\/16717\/revisions"}],"predecessor-version":[{"id":16723,"href":"https:\/\/baralivres.ma\/index.php?rest_route=\/wp\/v2\/product\/16717\/revisions\/16723"}],"wp:featuredmedia":[{"embeddable":true,"href":"https:\/\/baralivres.ma\/index.php?rest_route=\/wp\/v2\/media\/16722"}],"wp:attachment":[{"href":"https:\/\/baralivres.ma\/index.php?rest_route=%2Fwp%2Fv2%2Fmedia&parent=16717"}],"wp:term":[{"taxonomy":"product_cat","embeddable":true,"href":"https:\/\/baralivres.ma\/index.php?rest_route=%2Fwp%2Fv2%2Fproduct_cat&post=16717"},{"taxonomy":"product_tag","embeddable":true,"href":"https:\/\/baralivres.ma\/index.php?rest_route=%2Fwp%2Fv2%2Fproduct_tag&post=16717"}],"curies":[{"name":"wp","href":"https:\/\/api.w.org\/{rel}","templated":true}]}}