{"id":16708,"date":"2023-10-31T16:07:00","date_gmt":"2023-10-31T15:07:00","guid":{"rendered":"https:\/\/baralivres.ma\/?post_type=product&#038;p=16708"},"modified":"2023-10-31T16:07:01","modified_gmt":"2023-10-31T15:07:01","slug":"la-dame-pale","status":"publish","type":"product","link":"https:\/\/baralivres.ma\/?product=la-dame-pale","title":{"rendered":"La Dame p\u00e2le"},"content":{"rendered":"<p>En plein c\u0153ur des montagnes des Carpathes, au sein du myst\u00e9rieux ch\u00e2teau de Brankovan, les princes Gr\u00e9goriska et Kostaki se livrent \u00e0 une f\u00e9roce comp\u00e9tition pour gagner le c\u0153ur de la belle Hedwige. Cependant, il se trouve que Kostaki est un vampire qui, chaque nuit, c\u00e8de \u00e0 sa soif de sang en pr\u00e9sence de la jeune femme, devenant ainsi le centre d&rsquo;un conflit acharn\u00e9 entre les deux fr\u00e8res. Une histoire \u00e9nigmatique m\u00ealant romantisme et fantastique, o\u00f9 le suspense rivalise avec la passion.<\/p>\n","protected":false},"excerpt":{"rendered":"<p>Dans les Carpathes, les princes Gr\u00e9goriska et Kostaki se disputent Hedwige, tandis que Kostaki est un vampire.<\/p>\n","protected":false},"featured_media":16714,"comment_status":"open","ping_status":"closed","template":"","meta":{"inline_featured_image":false},"product_cat":[204,143],"product_tag":[],"class_list":{"0":"post-16708","1":"product","2":"type-product","3":"status-publish","4":"has-post-thumbnail","6":"product_cat-francais","7":"product_cat-roman","8":"pa_auteurs-alexandre-dumas-pere","10":"first","11":"instock","12":"shipping-taxable","13":"purchasable","14":"product-type-simple"},"_links":{"self":[{"href":"https:\/\/baralivres.ma\/index.php?rest_route=\/wp\/v2\/product\/16708","targetHints":{"allow":["GET"]}}],"collection":[{"href":"https:\/\/baralivres.ma\/index.php?rest_route=\/wp\/v2\/product"}],"about":[{"href":"https:\/\/baralivres.ma\/index.php?rest_route=\/wp\/v2\/types\/product"}],"replies":[{"embeddable":true,"href":"https:\/\/baralivres.ma\/index.php?rest_route=%2Fwp%2Fv2%2Fcomments&post=16708"}],"version-history":[{"count":2,"href":"https:\/\/baralivres.ma\/index.php?rest_route=\/wp\/v2\/product\/16708\/revisions"}],"predecessor-version":[{"id":16716,"href":"https:\/\/baralivres.ma\/index.php?rest_route=\/wp\/v2\/product\/16708\/revisions\/16716"}],"wp:featuredmedia":[{"embeddable":true,"href":"https:\/\/baralivres.ma\/index.php?rest_route=\/wp\/v2\/media\/16714"}],"wp:attachment":[{"href":"https:\/\/baralivres.ma\/index.php?rest_route=%2Fwp%2Fv2%2Fmedia&parent=16708"}],"wp:term":[{"taxonomy":"product_cat","embeddable":true,"href":"https:\/\/baralivres.ma\/index.php?rest_route=%2Fwp%2Fv2%2Fproduct_cat&post=16708"},{"taxonomy":"product_tag","embeddable":true,"href":"https:\/\/baralivres.ma\/index.php?rest_route=%2Fwp%2Fv2%2Fproduct_tag&post=16708"}],"curies":[{"name":"wp","href":"https:\/\/api.w.org\/{rel}","templated":true}]}}