{"id":16701,"date":"2023-10-31T16:04:23","date_gmt":"2023-10-31T15:04:23","guid":{"rendered":"https:\/\/baralivres.ma\/?post_type=product&#038;p=16701"},"modified":"2023-10-31T16:04:24","modified_gmt":"2023-10-31T15:04:24","slug":"le-labyrinthe-de-la-solitude-critique-de-la-pyramide","status":"publish","type":"product","link":"https:\/\/baralivres.ma\/?product=le-labyrinthe-de-la-solitude-critique-de-la-pyramide","title":{"rendered":"Le Labyrinthe de la solitude \/ Critique de la pyramide"},"content":{"rendered":"<p>\u00ab\u00a0Le Mexique fait partie d&rsquo;une histoire bien plus vaste, \u00e9tant le th\u00e9\u00e2tre de r\u00e9volutions en r\u00e9ponse aux lacunes du d\u00e9veloppement. Ces mouvements r\u00e9volutionnaires en Am\u00e9rique latine ont \u00e9t\u00e9 des tentatives face \u00e0 des mod\u00e8les de d\u00e9veloppement, \u00e0 la fois de l&rsquo;Est et de l&rsquo;Ouest, qui semblent \u00eatre des compilations d&rsquo;atrocit\u00e9s. Nous nous interrogeons : pouvons-nous concevoir des mod\u00e8les plus humains, plus en ad\u00e9quation avec notre identit\u00e9 ?<\/p>\n<p>En tant que peuples de la p\u00e9riph\u00e9rie, r\u00e9sidents des marges de l&rsquo;Histoire, les Latino-Am\u00e9ricains se consid\u00e8rent comme des convives non invit\u00e9s, arrivant par la porte de service de l&rsquo;Occident, des intrus qui arrivent \u00e0 la modernit\u00e9 alors que les lumi\u00e8res commencent \u00e0 s&rsquo;\u00e9teindre. Toujours en d\u00e9calage, nous \u00e9mergeons quand il est d\u00e9j\u00e0 tard dans l&rsquo;Histoire ; notre pass\u00e9 est flou, voire m\u00e9pris\u00e9. Nos peuples ont somnol\u00e9 pendant un si\u00e8cle et pendant ce sommeil, ils ont \u00e9t\u00e9 d\u00e9pouill\u00e9s, se retrouvant maintenant en haillons. Malgr\u00e9 cela, au cours de ce si\u00e8cle, sur nos terres pourtant hostiles \u00e0 la pens\u00e9e, des artistes ont \u00e9merg\u00e9, tels des po\u00e8tes, \u00e9crivains et peintres, rivalisant avec les plus grands des autres continents, bien que dispers\u00e9s et sans interruption.\u00a0\u00bb<\/p>\n<p>\u00ab\u00a0Labyrinthe de la solitude\u00a0\u00bb repr\u00e9sente une \u0153uvre majeure de la litt\u00e9rature contemporaine mexicaine, mettant en lumi\u00e8re ces complexit\u00e9s et ces questionnements identitaires.<\/p>\n","protected":false},"excerpt":{"rendered":"<p>Mexique : R\u00e9volutions contre mod\u00e8les, identit\u00e9 complexe, artistes \u00e9mergents, \u00ab\u00a0Labyrinthe de la solitude\u00a0\u00bb essentiel.<\/p>\n","protected":false},"featured_media":16709,"comment_status":"open","ping_status":"closed","template":"","meta":{"inline_featured_image":false},"product_cat":[204,143],"product_tag":[],"class_list":{"0":"post-16701","1":"product","2":"type-product","3":"status-publish","4":"has-post-thumbnail","6":"product_cat-francais","7":"product_cat-roman","8":"pa_auteurs-octavio-paz","10":"first","11":"instock","12":"shipping-taxable","13":"purchasable","14":"product-type-simple"},"_links":{"self":[{"href":"https:\/\/baralivres.ma\/index.php?rest_route=\/wp\/v2\/product\/16701","targetHints":{"allow":["GET"]}}],"collection":[{"href":"https:\/\/baralivres.ma\/index.php?rest_route=\/wp\/v2\/product"}],"about":[{"href":"https:\/\/baralivres.ma\/index.php?rest_route=\/wp\/v2\/types\/product"}],"replies":[{"embeddable":true,"href":"https:\/\/baralivres.ma\/index.php?rest_route=%2Fwp%2Fv2%2Fcomments&post=16701"}],"version-history":[{"count":1,"href":"https:\/\/baralivres.ma\/index.php?rest_route=\/wp\/v2\/product\/16701\/revisions"}],"predecessor-version":[{"id":16710,"href":"https:\/\/baralivres.ma\/index.php?rest_route=\/wp\/v2\/product\/16701\/revisions\/16710"}],"wp:featuredmedia":[{"embeddable":true,"href":"https:\/\/baralivres.ma\/index.php?rest_route=\/wp\/v2\/media\/16709"}],"wp:attachment":[{"href":"https:\/\/baralivres.ma\/index.php?rest_route=%2Fwp%2Fv2%2Fmedia&parent=16701"}],"wp:term":[{"taxonomy":"product_cat","embeddable":true,"href":"https:\/\/baralivres.ma\/index.php?rest_route=%2Fwp%2Fv2%2Fproduct_cat&post=16701"},{"taxonomy":"product_tag","embeddable":true,"href":"https:\/\/baralivres.ma\/index.php?rest_route=%2Fwp%2Fv2%2Fproduct_tag&post=16701"}],"curies":[{"name":"wp","href":"https:\/\/api.w.org\/{rel}","templated":true}]}}