{"id":16698,"date":"2023-10-31T16:03:53","date_gmt":"2023-10-31T15:03:53","guid":{"rendered":"https:\/\/baralivres.ma\/?post_type=product&#038;p=16698"},"modified":"2023-10-31T16:03:53","modified_gmt":"2023-10-31T15:03:53","slug":"le-dictionnaire-des-idees-recues","status":"publish","type":"product","link":"https:\/\/baralivres.ma\/?product=le-dictionnaire-des-idees-recues","title":{"rendered":"Le Dictionnaire des id\u00e9es re\u00e7ues"},"content":{"rendered":"<p>Il est probable que toute id\u00e9e ou convention qui devient publique est en r\u00e9alit\u00e9 une absurdit\u00e9, car elle a \u00e9t\u00e9 accept\u00e9e par la majorit\u00e9.\u00a0\u00bb Cette citation d&rsquo;ouverture tir\u00e9e du Dictionnaire des id\u00e9es re\u00e7ues, une \u0153uvre inachev\u00e9e avec de nombreux manuscrits, r\u00e9sume l&rsquo;esprit incisif de Chamfort. Flaubert explore une multitude de sujets, tels que \u00ab\u00a0actrice\u00a0\u00bb, \u00ab\u00a0m\u00e9lancolie\u00a0\u00bb, \u00ab\u00a0p\u00e9dantisme\u00a0\u00bb, \u00ab\u00a0voyageur\u00a0\u00bb, \u00ab\u00a0candeur\u00a0\u00bb, \u00ab\u00a0duel\u00a0\u00bb, \u00ab\u00a0laboureurs\u00a0\u00bb, \u00ab\u00a0religion\u00a0\u00bb, et y d\u00e9couvre des pens\u00e9es st\u00e9r\u00e9otyp\u00e9es et des clich\u00e9s, traquant leur vide avec une ironie cinglante. En fin de compte, le dictionnaire est con\u00e7u pour \u00eatre une source de rire, mais il n&rsquo;est destin\u00e9 qu&rsquo;aux ignorants.<\/p>\n","protected":false},"excerpt":{"rendered":"<p>Les id\u00e9es publiques sont souvent absurdes car elles plaisent \u00e0 la majorit\u00e9, critique incisive et ironique.<\/p>\n","protected":false},"featured_media":16705,"comment_status":"open","ping_status":"closed","template":"","meta":{"inline_featured_image":false},"product_cat":[204,143],"product_tag":[],"class_list":{"0":"post-16698","1":"product","2":"type-product","3":"status-publish","4":"has-post-thumbnail","6":"product_cat-francais","7":"product_cat-roman","8":"pa_auteurs-gustave-flaubert","10":"first","11":"instock","12":"shipping-taxable","13":"purchasable","14":"product-type-simple"},"_links":{"self":[{"href":"https:\/\/baralivres.ma\/index.php?rest_route=\/wp\/v2\/product\/16698","targetHints":{"allow":["GET"]}}],"collection":[{"href":"https:\/\/baralivres.ma\/index.php?rest_route=\/wp\/v2\/product"}],"about":[{"href":"https:\/\/baralivres.ma\/index.php?rest_route=\/wp\/v2\/types\/product"}],"replies":[{"embeddable":true,"href":"https:\/\/baralivres.ma\/index.php?rest_route=%2Fwp%2Fv2%2Fcomments&post=16698"}],"version-history":[{"count":2,"href":"https:\/\/baralivres.ma\/index.php?rest_route=\/wp\/v2\/product\/16698\/revisions"}],"predecessor-version":[{"id":16707,"href":"https:\/\/baralivres.ma\/index.php?rest_route=\/wp\/v2\/product\/16698\/revisions\/16707"}],"wp:featuredmedia":[{"embeddable":true,"href":"https:\/\/baralivres.ma\/index.php?rest_route=\/wp\/v2\/media\/16705"}],"wp:attachment":[{"href":"https:\/\/baralivres.ma\/index.php?rest_route=%2Fwp%2Fv2%2Fmedia&parent=16698"}],"wp:term":[{"taxonomy":"product_cat","embeddable":true,"href":"https:\/\/baralivres.ma\/index.php?rest_route=%2Fwp%2Fv2%2Fproduct_cat&post=16698"},{"taxonomy":"product_tag","embeddable":true,"href":"https:\/\/baralivres.ma\/index.php?rest_route=%2Fwp%2Fv2%2Fproduct_tag&post=16698"}],"curies":[{"name":"wp","href":"https:\/\/api.w.org\/{rel}","templated":true}]}}