{"id":16695,"date":"2023-10-31T16:01:33","date_gmt":"2023-10-31T15:01:33","guid":{"rendered":"https:\/\/baralivres.ma\/?post_type=product&#038;p=16695"},"modified":"2023-10-31T16:01:34","modified_gmt":"2023-10-31T15:01:34","slug":"la-condition-ouvriere","status":"publish","type":"product","link":"https:\/\/baralivres.ma\/?product=la-condition-ouvriere","title":{"rendered":"La Condition ouvri\u00e8re"},"content":{"rendered":"<p>En d\u00e9cembre 1934, Simone Weil a commenc\u00e9 \u00e0 travailler comme ouvri\u00e8re dans une usine, la consid\u00e9rant comme une vocation n\u00e9cessaire pour d\u00e9couvrir la v\u00e9rit\u00e9 en s&rsquo;exposant directement \u00e0 la r\u00e9alit\u00e9. Elle a rejet\u00e9 l&rsquo;id\u00e9e de simplement \u00e9tudier la classe ouvri\u00e8re en tant que professeur agr\u00e9g\u00e9, pr\u00e9f\u00e9rant s&rsquo;immerger dans la vie des opprim\u00e9s pour mieux comprendre leur situation. Son travail en usine \u00e9tait une fa\u00e7on de montrer sa solidarit\u00e9, un choix qui s&rsquo;est manifest\u00e9 \u00e9galement dans son soutien aux anarchistes espagnols et son engagement ult\u00e9rieur dans les rangs de la France libre. Simone Weil a critiqu\u00e9 la politique mensong\u00e8re des dirigeants bolcheviks, soulignant qu&rsquo;ils pr\u00e9tendaient lib\u00e9rer la classe ouvri\u00e8re sans r\u00e9ellement comprendre les conditions r\u00e9elles de vie et de travail des ouvriers, n&rsquo;ayant probablement jamais v\u00e9cu cette r\u00e9alit\u00e9. Ce qui la r\u00e9pugnait le plus pendant les guerres, qu&rsquo;elles soient mondiales ou de classes, c&rsquo;\u00e9tait la position de ceux qui \u00e9taient \u00e0 l&rsquo;abri des combats.<\/p>\n","protected":false},"excerpt":{"rendered":"<p>Simone Weil devient ouvri\u00e8re pour vivre la v\u00e9rit\u00e9 des opprim\u00e9s, critiquant la politique mensong\u00e8re.<\/p>\n","protected":false},"featured_media":16699,"comment_status":"open","ping_status":"closed","template":"","meta":{"inline_featured_image":false},"product_cat":[204,143],"product_tag":[],"class_list":{"0":"post-16695","1":"product","2":"type-product","3":"status-publish","4":"has-post-thumbnail","6":"product_cat-francais","7":"product_cat-roman","8":"pa_auteurs-simone-weil","10":"first","11":"instock","12":"shipping-taxable","13":"purchasable","14":"product-type-simple"},"_links":{"self":[{"href":"https:\/\/baralivres.ma\/index.php?rest_route=\/wp\/v2\/product\/16695","targetHints":{"allow":["GET"]}}],"collection":[{"href":"https:\/\/baralivres.ma\/index.php?rest_route=\/wp\/v2\/product"}],"about":[{"href":"https:\/\/baralivres.ma\/index.php?rest_route=\/wp\/v2\/types\/product"}],"replies":[{"embeddable":true,"href":"https:\/\/baralivres.ma\/index.php?rest_route=%2Fwp%2Fv2%2Fcomments&post=16695"}],"version-history":[{"count":1,"href":"https:\/\/baralivres.ma\/index.php?rest_route=\/wp\/v2\/product\/16695\/revisions"}],"predecessor-version":[{"id":16700,"href":"https:\/\/baralivres.ma\/index.php?rest_route=\/wp\/v2\/product\/16695\/revisions\/16700"}],"wp:featuredmedia":[{"embeddable":true,"href":"https:\/\/baralivres.ma\/index.php?rest_route=\/wp\/v2\/media\/16699"}],"wp:attachment":[{"href":"https:\/\/baralivres.ma\/index.php?rest_route=%2Fwp%2Fv2%2Fmedia&parent=16695"}],"wp:term":[{"taxonomy":"product_cat","embeddable":true,"href":"https:\/\/baralivres.ma\/index.php?rest_route=%2Fwp%2Fv2%2Fproduct_cat&post=16695"},{"taxonomy":"product_tag","embeddable":true,"href":"https:\/\/baralivres.ma\/index.php?rest_route=%2Fwp%2Fv2%2Fproduct_tag&post=16695"}],"curies":[{"name":"wp","href":"https:\/\/api.w.org\/{rel}","templated":true}]}}