{"id":16686,"date":"2023-10-31T15:58:09","date_gmt":"2023-10-31T14:58:09","guid":{"rendered":"https:\/\/baralivres.ma\/?post_type=product&#038;p=16686"},"modified":"2025-04-17T15:43:19","modified_gmt":"2025-04-17T14:43:19","slug":"la-douleur-2","status":"publish","type":"product","link":"https:\/\/baralivres.ma\/?product=la-douleur-2","title":{"rendered":"La douleur"},"content":{"rendered":"<p>Dans l&rsquo;\u00e9dition Folioplus classiques, vous trouverez le texte complet d&rsquo;une \u0153uvre litt\u00e9raire, accompagn\u00e9 d&rsquo;une analyse visuelle compl\u00e9mentaire \u00e9voquant l&rsquo;\u0153uvre. Ensuite, cette publication pr\u00e9sente une \u00e9tude approfondie organis\u00e9e en six sections :<\/p>\n<ul>\n<li>Contexte litt\u00e9raire : \u00c9criture post\u00e9rieure aux \u00e9v\u00e9nements des camps<\/li>\n<li>Cat\u00e9gorie et style litt\u00e9raire : Entre r\u00e9cit autobiographique et cr\u00e9ation fictionnelle<\/li>\n<li>Portrait de l&rsquo;\u00e9crivain au travail : La m\u00e9taphore de la tapisserie de P\u00e9n\u00e9lope : \u00e9crire, recommencer<\/li>\n<li>Recueil de textes associ\u00e9s : Enfances pendant la p\u00e9riode de guerre<\/li>\n<li>Ordre chronologique : Marguerite Duras et son \u00e9poque<\/li>\n<li>Fiche informative : Suggestions pour analyser et rendre compte de sa lecture.<\/li>\n<\/ul>\n<p>Cette publication est recommand\u00e9e pour les classes de lyc\u00e9e.<\/p>\n","protected":false},"excerpt":{"rendered":"<p>Texte complet avec analyse visuelle, contexte, style, \u00e9crivain, guerre, chronologie. Recommand\u00e9 pour lyc\u00e9e.<\/p>\n","protected":false},"featured_media":16693,"comment_status":"open","ping_status":"closed","template":"","meta":{"inline_featured_image":false},"product_cat":[3873,143],"product_tag":[],"class_list":{"0":"post-16686","1":"product","2":"type-product","3":"status-publish","4":"has-post-thumbnail","6":"product_cat-roman-en-francais","7":"product_cat-roman","8":"pa_auteurs-marguerite-duras","10":"first","11":"instock","12":"shipping-taxable","13":"purchasable","14":"product-type-simple"},"_links":{"self":[{"href":"https:\/\/baralivres.ma\/index.php?rest_route=\/wp\/v2\/product\/16686","targetHints":{"allow":["GET"]}}],"collection":[{"href":"https:\/\/baralivres.ma\/index.php?rest_route=\/wp\/v2\/product"}],"about":[{"href":"https:\/\/baralivres.ma\/index.php?rest_route=\/wp\/v2\/types\/product"}],"replies":[{"embeddable":true,"href":"https:\/\/baralivres.ma\/index.php?rest_route=%2Fwp%2Fv2%2Fcomments&post=16686"}],"version-history":[{"count":1,"href":"https:\/\/baralivres.ma\/index.php?rest_route=\/wp\/v2\/product\/16686\/revisions"}],"predecessor-version":[{"id":16694,"href":"https:\/\/baralivres.ma\/index.php?rest_route=\/wp\/v2\/product\/16686\/revisions\/16694"}],"wp:featuredmedia":[{"embeddable":true,"href":"https:\/\/baralivres.ma\/index.php?rest_route=\/wp\/v2\/media\/16693"}],"wp:attachment":[{"href":"https:\/\/baralivres.ma\/index.php?rest_route=%2Fwp%2Fv2%2Fmedia&parent=16686"}],"wp:term":[{"taxonomy":"product_cat","embeddable":true,"href":"https:\/\/baralivres.ma\/index.php?rest_route=%2Fwp%2Fv2%2Fproduct_cat&post=16686"},{"taxonomy":"product_tag","embeddable":true,"href":"https:\/\/baralivres.ma\/index.php?rest_route=%2Fwp%2Fv2%2Fproduct_tag&post=16686"}],"curies":[{"name":"wp","href":"https:\/\/api.w.org\/{rel}","templated":true}]}}