{"id":16683,"date":"2023-10-31T15:53:40","date_gmt":"2023-10-31T14:53:40","guid":{"rendered":"https:\/\/baralivres.ma\/?post_type=product&#038;p=16683"},"modified":"2023-10-31T15:58:46","modified_gmt":"2023-10-31T14:58:46","slug":"le-premier-million","status":"publish","type":"product","link":"https:\/\/baralivres.ma\/?product=le-premier-million","title":{"rendered":"LE PREMIER MILLION"},"content":{"rendered":"<p>Le parcours de ce protagoniste, un peu comme Harry Potter pour les adultes, est sem\u00e9 d&#8217;emb\u00fbches. Malgr\u00e9 sa timidit\u00e9 et son faible niveau d&rsquo;\u00e9ducation, il r\u00eave de faire son premier million, une t\u00e2che souvent per\u00e7ue comme la plus difficile. La vie le frappe durement en le privant de son h\u00e9ritage, en le renvoyant de l&rsquo;entreprise familiale et en le chassant de son logement.<\/p>\n<p>Lorsqu&rsquo;il sauve un client menac\u00e9 par un voyou dans une station-service, il a la chance de rencontrer le Millionnaire, qui l&rsquo;invite dans son somptueux manoir. L\u00e0, il re\u00e7oit un enseignement myst\u00e9rieux et d\u00e9couvre des concepts essentiels pour r\u00e9ussir. Il apprend des principes tels que la Chambre de l&rsquo;Espoir, les sept maillons de la cha\u00eene d&rsquo;or du succ\u00e8s, la touche de Midas, et bien d&rsquo;autres encore.<\/p>\n<p>Gr\u00e2ce \u00e0 cette initiation \u00e0 la richesse, le protagoniste r\u00e9ussit \u00e0 r\u00e9aliser son premier million en moins d&rsquo;un an. Cependant, il emporte avec lui une le\u00e7on de vie inestimable, car le chemin vers le succ\u00e8s financier implique \u00e9galement une transformation personnelle. Le Premier Million vous invite \u00e0 d\u00e9couvrir comment faire rapidement votre premier million, en mettant un peu de vous-m\u00eame dans ce p\u00e9riple.<\/p>\n","protected":false},"excerpt":{"rendered":"<div class=\"group w-full text-token-text-primary border-b border-black\/10 gizmo:border-0 dark:border-gray-900\/50 gizmo:dark:border-0 bg-gray-50 gizmo:bg-transparent dark:bg-[#444654] gizmo:dark:bg-transparent\" data-testid=\"conversation-turn-105\">\n<div class=\"p-4 gizmo:py-2 justify-center text-base md:gap-6 md:py-6 m-auto\">\n<div class=\"flex flex-1 gap-4 text-base mx-auto md:gap-6 gizmo:gap-3 gizmo:md:px-5 gizmo:lg:px-1 gizmo:xl:px-5 md:max-w-2xl lg:max-w-[38rem] gizmo:md:max-w-3xl gizmo:lg:max-w-[40rem] gizmo:xl:max-w-[48rem] xl:max-w-3xl }\">\n<div class=\"relative flex w-[calc(100%-50px)] flex-col gizmo:w-full lg:w-[calc(100%-115px)] agent-turn\">\n<div class=\"flex-col gap-1 md:gap-3\">\n<div class=\"flex flex-grow flex-col gap-3 max-w-full\">\n<div class=\"min-h-[20px] flex flex-col items-start gap-3 whitespace-pre-wrap break-words overflow-x-auto\" data-message-author-role=\"assistant\" data-message-id=\"026483da-dc77-41cc-99c6-9e755f28d98d\">\n<div class=\"markdown prose w-full break-words dark:prose-invert light\">\n<p>Un jeune timide et malchanceux apprend les secrets de la richesse gr\u00e2ce \u00e0 un myst\u00e9rieux Millionnaire.<\/p>\n<\/div>\n<\/div>\n<\/div>\n<div class=\"flex justify-between empty:hidden gizmo:justify-start gizmo:gap-3 lg:block gizmo:lg:flex\">\n<div class=\"text-gray-400 flex self-end lg:self-center justify-center gizmo:lg:justify-start mt-2 gizmo:mt-0 visible lg:gap-1 lg:absolute lg:top-0 lg:translate-x-full lg:right-0 lg:mt-0 lg:pl-2 gap-2 md:gap-3\">\n<p>&nbsp;<\/p>\n<div class=\"flex gap-1\"><\/div>\n<\/div>\n<\/div>\n<\/div>\n<\/div>\n<\/div>\n<\/div>\n<\/div>\n","protected":false},"featured_media":16687,"comment_status":"open","ping_status":"closed","template":"","meta":{"inline_featured_image":false},"product_cat":[204,91],"product_tag":[],"class_list":{"0":"post-16683","1":"product","2":"type-product","3":"status-publish","4":"has-post-thumbnail","6":"product_cat-francais","7":"product_cat-developpement","8":"pa_auteurs-marc-fisher","10":"first","11":"instock","12":"shipping-taxable","13":"purchasable","14":"product-type-simple"},"_links":{"self":[{"href":"https:\/\/baralivres.ma\/index.php?rest_route=\/wp\/v2\/product\/16683","targetHints":{"allow":["GET"]}}],"collection":[{"href":"https:\/\/baralivres.ma\/index.php?rest_route=\/wp\/v2\/product"}],"about":[{"href":"https:\/\/baralivres.ma\/index.php?rest_route=\/wp\/v2\/types\/product"}],"replies":[{"embeddable":true,"href":"https:\/\/baralivres.ma\/index.php?rest_route=%2Fwp%2Fv2%2Fcomments&post=16683"}],"version-history":[{"count":2,"href":"https:\/\/baralivres.ma\/index.php?rest_route=\/wp\/v2\/product\/16683\/revisions"}],"predecessor-version":[{"id":16696,"href":"https:\/\/baralivres.ma\/index.php?rest_route=\/wp\/v2\/product\/16683\/revisions\/16696"}],"wp:featuredmedia":[{"embeddable":true,"href":"https:\/\/baralivres.ma\/index.php?rest_route=\/wp\/v2\/media\/16687"}],"wp:attachment":[{"href":"https:\/\/baralivres.ma\/index.php?rest_route=%2Fwp%2Fv2%2Fmedia&parent=16683"}],"wp:term":[{"taxonomy":"product_cat","embeddable":true,"href":"https:\/\/baralivres.ma\/index.php?rest_route=%2Fwp%2Fv2%2Fproduct_cat&post=16683"},{"taxonomy":"product_tag","embeddable":true,"href":"https:\/\/baralivres.ma\/index.php?rest_route=%2Fwp%2Fv2%2Fproduct_tag&post=16683"}],"curies":[{"name":"wp","href":"https:\/\/api.w.org\/{rel}","templated":true}]}}