{"id":16682,"date":"2023-10-31T15:52:26","date_gmt":"2023-10-31T14:52:26","guid":{"rendered":"https:\/\/baralivres.ma\/?post_type=product&#038;p=16682"},"modified":"2023-10-31T15:52:27","modified_gmt":"2023-10-31T14:52:27","slug":"le-parti-pris-des-choses","status":"publish","type":"product","link":"https:\/\/baralivres.ma\/?product=le-parti-pris-des-choses","title":{"rendered":"Le parti pris des choses"},"content":{"rendered":"<p>Dans l&rsquo;\u00e9dition Folioplus classiques, le texte complet est accompagn\u00e9 d&rsquo;une analyse visuelle, offrant une r\u00e9sonance picturale de l&rsquo;\u0153uvre, suivie d&rsquo;une approche organis\u00e9e en six axes : &#8211; MOUVEMENT LITT\u00c9RAIRE : \u00c0 contre-courant &#8211; GENRE ET REGISTRE : La r\u00e9flexion po\u00e9tique &#8211; L&rsquo;\u00c9CRIVAIN ET SON PROCESSUS CR\u00c9ATIF : La gen\u00e8se du recueil &#8211; RASSEMBLEMENT DE TEXTES : Une po\u00e9tique de la cosmogonie &#8211; CHRONOLOGIE : Francis Ponge et son \u00e9poque &#8211; FICHE : Des suggestions pour approfondir la lecture, recommand\u00e9 pour les lyc\u00e9ens.<\/p>\n","protected":false},"excerpt":{"rendered":"<p>Analyse approfondie d&rsquo;une \u0153uvre litt\u00e9raire, enrichie d&rsquo;images, pour lyc\u00e9ens, offrant multiples perspectives.<\/p>\n","protected":false},"featured_media":16684,"comment_status":"open","ping_status":"closed","template":"","meta":{"inline_featured_image":false},"product_cat":[204,143],"product_tag":[],"class_list":{"0":"post-16682","1":"product","2":"type-product","3":"status-publish","4":"has-post-thumbnail","6":"product_cat-francais","7":"product_cat-roman","8":"pa_auteurs-francis-ponge","10":"first","11":"instock","12":"shipping-taxable","13":"purchasable","14":"product-type-simple"},"_links":{"self":[{"href":"https:\/\/baralivres.ma\/index.php?rest_route=\/wp\/v2\/product\/16682","targetHints":{"allow":["GET"]}}],"collection":[{"href":"https:\/\/baralivres.ma\/index.php?rest_route=\/wp\/v2\/product"}],"about":[{"href":"https:\/\/baralivres.ma\/index.php?rest_route=\/wp\/v2\/types\/product"}],"replies":[{"embeddable":true,"href":"https:\/\/baralivres.ma\/index.php?rest_route=%2Fwp%2Fv2%2Fcomments&post=16682"}],"version-history":[{"count":1,"href":"https:\/\/baralivres.ma\/index.php?rest_route=\/wp\/v2\/product\/16682\/revisions"}],"predecessor-version":[{"id":16685,"href":"https:\/\/baralivres.ma\/index.php?rest_route=\/wp\/v2\/product\/16682\/revisions\/16685"}],"wp:featuredmedia":[{"embeddable":true,"href":"https:\/\/baralivres.ma\/index.php?rest_route=\/wp\/v2\/media\/16684"}],"wp:attachment":[{"href":"https:\/\/baralivres.ma\/index.php?rest_route=%2Fwp%2Fv2%2Fmedia&parent=16682"}],"wp:term":[{"taxonomy":"product_cat","embeddable":true,"href":"https:\/\/baralivres.ma\/index.php?rest_route=%2Fwp%2Fv2%2Fproduct_cat&post=16682"},{"taxonomy":"product_tag","embeddable":true,"href":"https:\/\/baralivres.ma\/index.php?rest_route=%2Fwp%2Fv2%2Fproduct_tag&post=16682"}],"curies":[{"name":"wp","href":"https:\/\/api.w.org\/{rel}","templated":true}]}}