{"id":16679,"date":"2023-10-31T15:48:37","date_gmt":"2023-10-31T14:48:37","guid":{"rendered":"https:\/\/baralivres.ma\/?post_type=product&#038;p=16679"},"modified":"2023-10-31T15:48:38","modified_gmt":"2023-10-31T14:48:38","slug":"la-psychologie-2","status":"publish","type":"product","link":"https:\/\/baralivres.ma\/?product=la-psychologie-2","title":{"rendered":"La Psychologie"},"content":{"rendered":"<p>Voici une introduction d\u00e9taill\u00e9e \u00e0 la psychologie, offrant une pr\u00e9sentation claire et accessible sur diff\u00e9rents domaines cl\u00e9s de cette discipline. Elle explore la perception, les m\u00e9canismes de la m\u00e9moire, et clarifie la distinction entre psychanalyse et psychoth\u00e9rapie. Ce livre aborde la psychologie en tant qu&rsquo;\u00e9tude scientifique du comportement humain et des processus mentaux, soulignant la complexit\u00e9 de son objet d&rsquo;\u00e9tude : l&rsquo;\u00eatre humain. Il met en lumi\u00e8re la diversit\u00e9 des th\u00e9ories qui cherchent \u00e0 comprendre le fonctionnement humain, aussi bien dans son aspect normal que pathologique, en embrassant \u00e0 la fois les perspectives biologiques et sociales, illustr\u00e9es par des exemples concrets et des sch\u00e9mas explicatifs.<\/p>\n<p>En plus de cela, le livre explore les applications vari\u00e9es de la psychologie, allant de la sant\u00e9 \u00e0 l&rsquo;\u00e9ducation en passant par le domaine sportif. Enfin, il propose un ab\u00e9c\u00e9daire et une bibliographie compl\u00e8te, en faisant ainsi un outil de r\u00e9f\u00e9rence pour approfondir ses connaissances dans ce domaine.<\/p>\n","protected":false},"excerpt":{"rendered":"<p>Introduction claire \u00e0 la psychologie : comportement humain, m\u00e9moire, diff\u00e9rences th\u00e9rapeutiques, applications diverses, outil r\u00e9f\u00e9rence.<\/p>\n","protected":false},"featured_media":16680,"comment_status":"open","ping_status":"closed","template":"","meta":{"inline_featured_image":false},"product_cat":[204,143],"product_tag":[],"class_list":{"0":"post-16679","1":"product","2":"type-product","3":"status-publish","4":"has-post-thumbnail","6":"product_cat-francais","7":"product_cat-roman","8":"pa_auteurs-elisabeth-demont","10":"first","11":"instock","12":"shipping-taxable","13":"purchasable","14":"product-type-simple"},"_links":{"self":[{"href":"https:\/\/baralivres.ma\/index.php?rest_route=\/wp\/v2\/product\/16679","targetHints":{"allow":["GET"]}}],"collection":[{"href":"https:\/\/baralivres.ma\/index.php?rest_route=\/wp\/v2\/product"}],"about":[{"href":"https:\/\/baralivres.ma\/index.php?rest_route=\/wp\/v2\/types\/product"}],"replies":[{"embeddable":true,"href":"https:\/\/baralivres.ma\/index.php?rest_route=%2Fwp%2Fv2%2Fcomments&post=16679"}],"version-history":[{"count":1,"href":"https:\/\/baralivres.ma\/index.php?rest_route=\/wp\/v2\/product\/16679\/revisions"}],"predecessor-version":[{"id":16681,"href":"https:\/\/baralivres.ma\/index.php?rest_route=\/wp\/v2\/product\/16679\/revisions\/16681"}],"wp:featuredmedia":[{"embeddable":true,"href":"https:\/\/baralivres.ma\/index.php?rest_route=\/wp\/v2\/media\/16680"}],"wp:attachment":[{"href":"https:\/\/baralivres.ma\/index.php?rest_route=%2Fwp%2Fv2%2Fmedia&parent=16679"}],"wp:term":[{"taxonomy":"product_cat","embeddable":true,"href":"https:\/\/baralivres.ma\/index.php?rest_route=%2Fwp%2Fv2%2Fproduct_cat&post=16679"},{"taxonomy":"product_tag","embeddable":true,"href":"https:\/\/baralivres.ma\/index.php?rest_route=%2Fwp%2Fv2%2Fproduct_tag&post=16679"}],"curies":[{"name":"wp","href":"https:\/\/api.w.org\/{rel}","templated":true}]}}