{"id":16668,"date":"2023-10-31T15:44:44","date_gmt":"2023-10-31T14:44:44","guid":{"rendered":"https:\/\/baralivres.ma\/?post_type=product&#038;p=16668"},"modified":"2023-10-31T15:44:45","modified_gmt":"2023-10-31T14:44:45","slug":"le-joueur","status":"publish","type":"product","link":"https:\/\/baralivres.ma\/?product=le-joueur","title":{"rendered":"Le Joueur"},"content":{"rendered":"<p>Dans une ville thermale allemande, se croisent diverses classes sociales, allant des aristocrates aux aventuriers venus des quatre coins de l&rsquo;Europe. Parmi eux se trouve une famille russe d\u00e9muni, emp\u00eatr\u00e9e dans des querelles d&rsquo;h\u00e9ritage, misant sur la roulette pour se refaire. Le protagoniste, motiv\u00e9 par l&rsquo;amour, se lance dans le jeu pour sauver une jeune fille \u00e9touff\u00e9e par une dette \u00e9crasante. Cependant, il succombe progressivement au tourbillon du casino et s&rsquo;\u00e9gare dans l&rsquo;ivresse du jeu. Ce roman explore l&rsquo;obsession maladive du joueur, un th\u00e8me que Freud explorera plus tard, mettant en lumi\u00e8re la mani\u00e8re dont ce dernier se punit, avec une culpabilit\u00e9 irrationnelle, en jouant de fa\u00e7on compulsive. \u00c9crit en parall\u00e8le de Crime et Ch\u00e2timent, Le Joueur offre une magnifique r\u00e9flexion sur le vice et la punition.<\/p>\n","protected":false},"excerpt":{"rendered":"<p>Famille russe, querelles d&rsquo;h\u00e9ritage, amour, dette, obsession du jeu, punition, vice, r\u00e9demptio<\/p>\n","protected":false},"featured_media":16676,"comment_status":"open","ping_status":"closed","template":"","meta":{"inline_featured_image":false},"product_cat":[204,143],"product_tag":[],"class_list":{"0":"post-16668","1":"product","2":"type-product","3":"status-publish","4":"has-post-thumbnail","6":"product_cat-francais","7":"product_cat-roman","8":"pa_auteurs-fiodor-mikhailovitch-dostoievski","10":"first","11":"instock","12":"shipping-taxable","13":"purchasable","14":"product-type-simple"},"_links":{"self":[{"href":"https:\/\/baralivres.ma\/index.php?rest_route=\/wp\/v2\/product\/16668","targetHints":{"allow":["GET"]}}],"collection":[{"href":"https:\/\/baralivres.ma\/index.php?rest_route=\/wp\/v2\/product"}],"about":[{"href":"https:\/\/baralivres.ma\/index.php?rest_route=\/wp\/v2\/types\/product"}],"replies":[{"embeddable":true,"href":"https:\/\/baralivres.ma\/index.php?rest_route=%2Fwp%2Fv2%2Fcomments&post=16668"}],"version-history":[{"count":1,"href":"https:\/\/baralivres.ma\/index.php?rest_route=\/wp\/v2\/product\/16668\/revisions"}],"predecessor-version":[{"id":16677,"href":"https:\/\/baralivres.ma\/index.php?rest_route=\/wp\/v2\/product\/16668\/revisions\/16677"}],"wp:featuredmedia":[{"embeddable":true,"href":"https:\/\/baralivres.ma\/index.php?rest_route=\/wp\/v2\/media\/16676"}],"wp:attachment":[{"href":"https:\/\/baralivres.ma\/index.php?rest_route=%2Fwp%2Fv2%2Fmedia&parent=16668"}],"wp:term":[{"taxonomy":"product_cat","embeddable":true,"href":"https:\/\/baralivres.ma\/index.php?rest_route=%2Fwp%2Fv2%2Fproduct_cat&post=16668"},{"taxonomy":"product_tag","embeddable":true,"href":"https:\/\/baralivres.ma\/index.php?rest_route=%2Fwp%2Fv2%2Fproduct_tag&post=16668"}],"curies":[{"name":"wp","href":"https:\/\/api.w.org\/{rel}","templated":true}]}}