{"id":16665,"date":"2023-10-31T15:42:38","date_gmt":"2023-10-31T14:42:38","guid":{"rendered":"https:\/\/baralivres.ma\/?post_type=product&#038;p=16665"},"modified":"2023-10-31T15:42:39","modified_gmt":"2023-10-31T14:42:39","slug":"les-songes-et-les-sorts","status":"publish","type":"product","link":"https:\/\/baralivres.ma\/?product=les-songes-et-les-sorts","title":{"rendered":"Les Songes et les Sorts"},"content":{"rendered":"<p>\u00ab\u00a0Mon objectif est de pr\u00e9senter une collection de textes dont je peux garantir l&rsquo;authenticit\u00e9, plut\u00f4t que de proposer un nouveau syst\u00e8me de compr\u00e9hension des r\u00eaves, une t\u00e2che pour laquelle je ne suis pas qualifi\u00e9e. Cependant, pour mieux appr\u00e9hender les pages \u00e0 venir, il est peut-\u00eatre n\u00e9cessaire d&rsquo;expliquer l&rsquo;\u00e9tat d&rsquo;esprit dans lequel j&rsquo;aborde le r\u00e9cit de cette s\u00e9rie de r\u00eaves. \u00c0 mes yeux (et il va sans dire que ceci est une perspective tr\u00e8s personnelle), l&rsquo;exp\u00e9rience du r\u00eaveur pr\u00e9sente des similitudes avec celle du po\u00e8te, et l&rsquo;on peut comparer les \u00e9l\u00e9ments oniriques \u00e0 l&rsquo;\u00e9tat brut, avec leurs significations symboliques infiniment interchangeables, aux mots ordinaires ou po\u00e9tiques align\u00e9s dans un dictionnaire. Le dormeur assemble des images de la m\u00eame mani\u00e8re que le po\u00e8te assemble des mots&#8230;\u00a0\u00bb Dans un ouvrage m\u00e9connu publi\u00e9 en 1938, Marguerite Yourcenar partage quelques-uns de ses r\u00eaves et offre des visions captivantes o\u00f9 se rencontrent des cath\u00e9drales gothiques, des chevaux au galop et des sc\u00e8nes v\u00e9nitiennes. Ces 22 r\u00e9cits oniriques, sorte de flashes sensoriels, esquissent \u00e9galement de mani\u00e8re plus subtile une v\u00e9ritable po\u00e9tique du r\u00eave.\u00a0\u00bb<\/p>\n","protected":false},"excerpt":{"rendered":"<p>Yourcenar partage des r\u00eaves et compare l&rsquo;exp\u00e9rience du r\u00eaveur \u00e0 celle du po\u00e8te dans un ouvrage m\u00e9connu.<\/p>\n","protected":false},"featured_media":16672,"comment_status":"open","ping_status":"closed","template":"","meta":{"inline_featured_image":false},"product_cat":[204,143],"product_tag":[],"class_list":{"0":"post-16665","1":"product","2":"type-product","3":"status-publish","4":"has-post-thumbnail","6":"product_cat-francais","7":"product_cat-roman","8":"pa_auteurs-marguerite-yourcenar","10":"first","11":"instock","12":"shipping-taxable","13":"purchasable","14":"product-type-simple"},"_links":{"self":[{"href":"https:\/\/baralivres.ma\/index.php?rest_route=\/wp\/v2\/product\/16665","targetHints":{"allow":["GET"]}}],"collection":[{"href":"https:\/\/baralivres.ma\/index.php?rest_route=\/wp\/v2\/product"}],"about":[{"href":"https:\/\/baralivres.ma\/index.php?rest_route=\/wp\/v2\/types\/product"}],"replies":[{"embeddable":true,"href":"https:\/\/baralivres.ma\/index.php?rest_route=%2Fwp%2Fv2%2Fcomments&post=16665"}],"version-history":[{"count":1,"href":"https:\/\/baralivres.ma\/index.php?rest_route=\/wp\/v2\/product\/16665\/revisions"}],"predecessor-version":[{"id":16673,"href":"https:\/\/baralivres.ma\/index.php?rest_route=\/wp\/v2\/product\/16665\/revisions\/16673"}],"wp:featuredmedia":[{"embeddable":true,"href":"https:\/\/baralivres.ma\/index.php?rest_route=\/wp\/v2\/media\/16672"}],"wp:attachment":[{"href":"https:\/\/baralivres.ma\/index.php?rest_route=%2Fwp%2Fv2%2Fmedia&parent=16665"}],"wp:term":[{"taxonomy":"product_cat","embeddable":true,"href":"https:\/\/baralivres.ma\/index.php?rest_route=%2Fwp%2Fv2%2Fproduct_cat&post=16665"},{"taxonomy":"product_tag","embeddable":true,"href":"https:\/\/baralivres.ma\/index.php?rest_route=%2Fwp%2Fv2%2Fproduct_tag&post=16665"}],"curies":[{"name":"wp","href":"https:\/\/api.w.org\/{rel}","templated":true}]}}