{"id":16663,"date":"2023-10-31T15:41:38","date_gmt":"2023-10-31T14:41:38","guid":{"rendered":"https:\/\/baralivres.ma\/?post_type=product&#038;p=16663"},"modified":"2023-10-31T15:43:01","modified_gmt":"2023-10-31T14:43:01","slug":"le-golfeur-et-le-millionnaire","status":"publish","type":"product","link":"https:\/\/baralivres.ma\/?product=le-golfeur-et-le-millionnaire","title":{"rendered":"Le Golfeur et le Millionnaire"},"content":{"rendered":"<div class=\"group w-full text-token-text-primary border-b border-black\/10 gizmo:border-0 dark:border-gray-900\/50 gizmo:dark:border-0 bg-gray-50 gizmo:bg-transparent dark:bg-[#444654] gizmo:dark:bg-transparent\" data-testid=\"conversation-turn-101\">\n<div class=\"p-4 gizmo:py-2 justify-center text-base md:gap-6 md:py-6 m-auto\">\n<div class=\"flex flex-1 gap-4 text-base mx-auto md:gap-6 gizmo:gap-3 gizmo:md:px-5 gizmo:lg:px-1 gizmo:xl:px-5 md:max-w-2xl lg:max-w-[38rem] gizmo:md:max-w-3xl gizmo:lg:max-w-[40rem] gizmo:xl:max-w-[48rem] xl:max-w-3xl }\">\n<div class=\"relative flex w-[calc(100%-50px)] flex-col gizmo:w-full lg:w-[calc(100%-115px)] agent-turn\">\n<div class=\"flex-col gap-1 md:gap-3\">\n<div class=\"flex flex-grow flex-col gap-3 max-w-full\">\n<div class=\"min-h-[20px] flex flex-col items-start gap-3 whitespace-pre-wrap break-words overflow-x-auto\" data-message-author-role=\"assistant\" data-message-id=\"3e342957-d49d-49dd-a6d8-30c110c9bb54\">\n<div class=\"markdown prose w-full break-words dark:prose-invert light\">\n<p>Dans cette fable instructive, le Millionnaire partage des le\u00e7ons de vie et d&rsquo;affaires avec un jeune golfeur, transmettant des conseils sur la mani\u00e8re de surmonter les doutes, de croire en soi, de se lib\u00e9rer des fardeaux du pass\u00e9, et de vivre la vie de libert\u00e9 tant convoit\u00e9e. Les enseignements peuvent b\u00e9n\u00e9ficier \u00e0 quiconque, qu&rsquo;il soit golfeur ou professionnel, en qu\u00eate de succ\u00e8s, d&rsquo;assurance et d&rsquo;accomplissement des r\u00eaves. Une histoire simple, riche en sagesse et en inspirations pour atteindre vos objectifs.<\/p>\n<\/div>\n<\/div>\n<\/div>\n<div class=\"flex justify-between empty:hidden gizmo:justify-start gizmo:gap-3 lg:block gizmo:lg:flex\">\n<div class=\"text-gray-400 flex self-end lg:self-center justify-center gizmo:lg:justify-start mt-2 gizmo:mt-0 visible lg:gap-1 lg:absolute lg:top-0 lg:translate-x-full lg:right-0 lg:mt-0 lg:pl-2 gap-2 md:gap-3\">\n<p>&nbsp;<\/p>\n<div class=\"flex gap-1\"><\/div>\n<\/div>\n<\/div>\n<\/div>\n<\/div>\n<\/div>\n<\/div>\n<\/div>\n","protected":false},"excerpt":{"rendered":"<p>Une fable enseignant le succ\u00e8s, l&rsquo;assurance, l&rsquo;acceptation des \u00e9checs, et la r\u00e9alisation des r\u00eaves. Inspirant et instructif.<\/p>\n","protected":false},"featured_media":16669,"comment_status":"open","ping_status":"closed","template":"","meta":{"inline_featured_image":false},"product_cat":[204,91],"product_tag":[],"class_list":{"0":"post-16663","1":"product","2":"type-product","3":"status-publish","4":"has-post-thumbnail","6":"product_cat-francais","7":"product_cat-developpement","8":"pa_auteurs-mark-fisher","10":"first","11":"instock","12":"shipping-taxable","13":"purchasable","14":"product-type-simple"},"_links":{"self":[{"href":"https:\/\/baralivres.ma\/index.php?rest_route=\/wp\/v2\/product\/16663","targetHints":{"allow":["GET"]}}],"collection":[{"href":"https:\/\/baralivres.ma\/index.php?rest_route=\/wp\/v2\/product"}],"about":[{"href":"https:\/\/baralivres.ma\/index.php?rest_route=\/wp\/v2\/types\/product"}],"replies":[{"embeddable":true,"href":"https:\/\/baralivres.ma\/index.php?rest_route=%2Fwp%2Fv2%2Fcomments&post=16663"}],"version-history":[{"count":2,"href":"https:\/\/baralivres.ma\/index.php?rest_route=\/wp\/v2\/product\/16663\/revisions"}],"predecessor-version":[{"id":16674,"href":"https:\/\/baralivres.ma\/index.php?rest_route=\/wp\/v2\/product\/16663\/revisions\/16674"}],"wp:featuredmedia":[{"embeddable":true,"href":"https:\/\/baralivres.ma\/index.php?rest_route=\/wp\/v2\/media\/16669"}],"wp:attachment":[{"href":"https:\/\/baralivres.ma\/index.php?rest_route=%2Fwp%2Fv2%2Fmedia&parent=16663"}],"wp:term":[{"taxonomy":"product_cat","embeddable":true,"href":"https:\/\/baralivres.ma\/index.php?rest_route=%2Fwp%2Fv2%2Fproduct_cat&post=16663"},{"taxonomy":"product_tag","embeddable":true,"href":"https:\/\/baralivres.ma\/index.php?rest_route=%2Fwp%2Fv2%2Fproduct_tag&post=16663"}],"curies":[{"name":"wp","href":"https:\/\/api.w.org\/{rel}","templated":true}]}}