{"id":16659,"date":"2023-10-31T15:39:03","date_gmt":"2023-10-31T14:39:03","guid":{"rendered":"https:\/\/baralivres.ma\/?post_type=product&#038;p=16659"},"modified":"2023-10-31T15:39:04","modified_gmt":"2023-10-31T14:39:04","slug":"nous-sommes-tous-des-feministes","status":"publish","type":"product","link":"https:\/\/baralivres.ma\/?product=nous-sommes-tous-des-feministes","title":{"rendered":"Nous sommes tous des f\u00e9ministes"},"content":{"rendered":"<p>\u00c0 travers le globe, la question de l&rsquo;\u00e9galit\u00e9 des sexes rev\u00eat une importance capitale. Ainsi, j&rsquo;aimerais aujourd&rsquo;hui que nous imaginions un monde nouveau et que nous travaillions en ce sens. Un monde caract\u00e9ris\u00e9 par une plus grande \u00e9quit\u00e9, o\u00f9 hommes et femmes trouveront davantage de bonheur et d&rsquo;authenticit\u00e9 en eux-m\u00eames. Le point de d\u00e9part r\u00e9side ici : il nous faut \u00e9duquer nos filles d&rsquo;une mani\u00e8re diff\u00e9rente, tout comme il est imp\u00e9ratif d&rsquo;\u00e9lever nos gar\u00e7ons de mani\u00e8re diff\u00e9rente. Dans ces deux discours, Chimamanda Ngozi Adichie incarne une voix rare et puissante en faveur de l&rsquo;\u00e9mancipation.<\/p>\n","protected":false},"excerpt":{"rendered":"<p>L&rsquo;\u00e9galit\u00e9 des sexes est cruciale ; Chimamanda Ngozi Adichie pr\u00f4ne une \u00e9ducation diff\u00e9renci\u00e9e pour un monde \u00e9quitable.<\/p>\n","protected":false},"featured_media":16660,"comment_status":"open","ping_status":"closed","template":"","meta":{"inline_featured_image":false},"product_cat":[204,143],"product_tag":[],"class_list":{"0":"post-16659","1":"product","2":"type-product","3":"status-publish","4":"has-post-thumbnail","6":"product_cat-francais","7":"product_cat-roman","8":"pa_auteurs-chimamanda-ngozi-adichie","10":"first","11":"instock","12":"shipping-taxable","13":"purchasable","14":"product-type-simple"},"_links":{"self":[{"href":"https:\/\/baralivres.ma\/index.php?rest_route=\/wp\/v2\/product\/16659","targetHints":{"allow":["GET"]}}],"collection":[{"href":"https:\/\/baralivres.ma\/index.php?rest_route=\/wp\/v2\/product"}],"about":[{"href":"https:\/\/baralivres.ma\/index.php?rest_route=\/wp\/v2\/types\/product"}],"replies":[{"embeddable":true,"href":"https:\/\/baralivres.ma\/index.php?rest_route=%2Fwp%2Fv2%2Fcomments&post=16659"}],"version-history":[{"count":1,"href":"https:\/\/baralivres.ma\/index.php?rest_route=\/wp\/v2\/product\/16659\/revisions"}],"predecessor-version":[{"id":16664,"href":"https:\/\/baralivres.ma\/index.php?rest_route=\/wp\/v2\/product\/16659\/revisions\/16664"}],"wp:featuredmedia":[{"embeddable":true,"href":"https:\/\/baralivres.ma\/index.php?rest_route=\/wp\/v2\/media\/16660"}],"wp:attachment":[{"href":"https:\/\/baralivres.ma\/index.php?rest_route=%2Fwp%2Fv2%2Fmedia&parent=16659"}],"wp:term":[{"taxonomy":"product_cat","embeddable":true,"href":"https:\/\/baralivres.ma\/index.php?rest_route=%2Fwp%2Fv2%2Fproduct_cat&post=16659"},{"taxonomy":"product_tag","embeddable":true,"href":"https:\/\/baralivres.ma\/index.php?rest_route=%2Fwp%2Fv2%2Fproduct_tag&post=16659"}],"curies":[{"name":"wp","href":"https:\/\/api.w.org\/{rel}","templated":true}]}}