{"id":16653,"date":"2023-10-31T15:38:06","date_gmt":"2023-10-31T14:38:06","guid":{"rendered":"https:\/\/baralivres.ma\/?post_type=product&#038;p=16653"},"modified":"2023-10-31T15:38:07","modified_gmt":"2023-10-31T14:38:07","slug":"la-jeune-millionnaire","status":"publish","type":"product","link":"https:\/\/baralivres.ma\/?product=la-jeune-millionnaire","title":{"rendered":"La jeune millionnaire"},"content":{"rendered":"<p>Eliane Gamache Latourelle a surmont\u00e9 une dette de 20 000 $ et r\u00e9ussi \u00e0 devenir millionnaire \u00e0 30 ans, malgr\u00e9 un pass\u00e9 familial difficile et des d\u00e9ceptions amoureuses. Elle partage ses secrets de succ\u00e8s, d\u00e9montrant qu&rsquo;il est possible de r\u00e9ussir m\u00eame en \u00e9tant jeune, femme, et blonde, dans le monde des affaires souvent domin\u00e9 par les hommes. Le livre se termine en \u00e9voquant les le\u00e7ons importantes apprises de son p\u00e8re mourant du cancer.<\/p>\n","protected":false},"excerpt":{"rendered":"<p>Eliane Gamache Latourelle surmonte dette, devient millionnaire \u00e0 30 ans, partage ses secrets de succ\u00e8s. Inspirant.<\/p>\n","protected":false},"featured_media":16661,"comment_status":"open","ping_status":"closed","template":"","meta":{"inline_featured_image":false},"product_cat":[204,91],"product_tag":[],"class_list":{"0":"post-16653","1":"product","2":"type-product","3":"status-publish","4":"has-post-thumbnail","6":"product_cat-francais","7":"product_cat-developpement","8":"pa_auteurs-mark-fisher","10":"first","11":"instock","12":"shipping-taxable","13":"purchasable","14":"product-type-simple"},"_links":{"self":[{"href":"https:\/\/baralivres.ma\/index.php?rest_route=\/wp\/v2\/product\/16653","targetHints":{"allow":["GET"]}}],"collection":[{"href":"https:\/\/baralivres.ma\/index.php?rest_route=\/wp\/v2\/product"}],"about":[{"href":"https:\/\/baralivres.ma\/index.php?rest_route=\/wp\/v2\/types\/product"}],"replies":[{"embeddable":true,"href":"https:\/\/baralivres.ma\/index.php?rest_route=%2Fwp%2Fv2%2Fcomments&post=16653"}],"version-history":[{"count":1,"href":"https:\/\/baralivres.ma\/index.php?rest_route=\/wp\/v2\/product\/16653\/revisions"}],"predecessor-version":[{"id":16662,"href":"https:\/\/baralivres.ma\/index.php?rest_route=\/wp\/v2\/product\/16653\/revisions\/16662"}],"wp:featuredmedia":[{"embeddable":true,"href":"https:\/\/baralivres.ma\/index.php?rest_route=\/wp\/v2\/media\/16661"}],"wp:attachment":[{"href":"https:\/\/baralivres.ma\/index.php?rest_route=%2Fwp%2Fv2%2Fmedia&parent=16653"}],"wp:term":[{"taxonomy":"product_cat","embeddable":true,"href":"https:\/\/baralivres.ma\/index.php?rest_route=%2Fwp%2Fv2%2Fproduct_cat&post=16653"},{"taxonomy":"product_tag","embeddable":true,"href":"https:\/\/baralivres.ma\/index.php?rest_route=%2Fwp%2Fv2%2Fproduct_tag&post=16653"}],"curies":[{"name":"wp","href":"https:\/\/api.w.org\/{rel}","templated":true}]}}