{"id":16651,"date":"2023-10-31T15:36:11","date_gmt":"2023-10-31T14:36:11","guid":{"rendered":"https:\/\/baralivres.ma\/?post_type=product&#038;p=16651"},"modified":"2023-10-31T15:36:12","modified_gmt":"2023-10-31T14:36:12","slug":"lart-daimer","status":"publish","type":"product","link":"https:\/\/baralivres.ma\/?product=lart-daimer","title":{"rendered":"L&rsquo;art d&rsquo;aimer"},"content":{"rendered":"<p>Dolmanc\u00e9 : \u00c9pargnez-moi la n\u00e9cessit\u00e9 de r\u00e9v\u00e9ler mes transgressions, car leur nombre et leur nature me pousseraient \u00e0 la g\u00eane. Peut-\u00eatre un jour, je pourrais vous les confesser. Mme de Saint-Ange, l&rsquo;enla\u00e7ant : Vous, homme exceptionnel&#8230; je vous v\u00e9n\u00e8re. Il faut \u00eatre dot\u00e9 d&rsquo;une intelligence et d&rsquo;une audace extraordinaires pour avoir exp\u00e9riment\u00e9 tous les plaisirs comme vous l&rsquo;avez fait. Seul un esprit g\u00e9nial a le privil\u00e8ge de briser les cha\u00eenes de l&rsquo;ignorance et de la b\u00eatise. Embrassez-moi, vous \u00eates absolument irr\u00e9sistible. Dans un somptueux boudoir, trois d\u00e9bauch\u00e9s en parfaite sant\u00e9 et dot\u00e9s d&rsquo;une grande cr\u00e9ativit\u00e9 accueillent une jeune femme avide d&rsquo;apprendre&#8230;<\/p>\n","protected":false},"excerpt":{"rendered":"<p>Dolmanc\u00e9 h\u00e9site \u00e0 r\u00e9v\u00e9ler ses fautes, Mme de Saint-Ange admire son audace, trois libertins initi\u00e9s accueillent une novice.<\/p>\n","protected":false},"featured_media":16654,"comment_status":"open","ping_status":"closed","template":"","meta":{"inline_featured_image":false},"product_cat":[204,143],"product_tag":[],"class_list":{"0":"post-16651","1":"product","2":"type-product","3":"status-publish","4":"has-post-thumbnail","6":"product_cat-francais","7":"product_cat-roman","8":"pa_auteurs-collectif","10":"first","11":"instock","12":"shipping-taxable","13":"purchasable","14":"product-type-simple"},"_links":{"self":[{"href":"https:\/\/baralivres.ma\/index.php?rest_route=\/wp\/v2\/product\/16651","targetHints":{"allow":["GET"]}}],"collection":[{"href":"https:\/\/baralivres.ma\/index.php?rest_route=\/wp\/v2\/product"}],"about":[{"href":"https:\/\/baralivres.ma\/index.php?rest_route=\/wp\/v2\/types\/product"}],"replies":[{"embeddable":true,"href":"https:\/\/baralivres.ma\/index.php?rest_route=%2Fwp%2Fv2%2Fcomments&post=16651"}],"version-history":[{"count":1,"href":"https:\/\/baralivres.ma\/index.php?rest_route=\/wp\/v2\/product\/16651\/revisions"}],"predecessor-version":[{"id":16656,"href":"https:\/\/baralivres.ma\/index.php?rest_route=\/wp\/v2\/product\/16651\/revisions\/16656"}],"wp:featuredmedia":[{"embeddable":true,"href":"https:\/\/baralivres.ma\/index.php?rest_route=\/wp\/v2\/media\/16654"}],"wp:attachment":[{"href":"https:\/\/baralivres.ma\/index.php?rest_route=%2Fwp%2Fv2%2Fmedia&parent=16651"}],"wp:term":[{"taxonomy":"product_cat","embeddable":true,"href":"https:\/\/baralivres.ma\/index.php?rest_route=%2Fwp%2Fv2%2Fproduct_cat&post=16651"},{"taxonomy":"product_tag","embeddable":true,"href":"https:\/\/baralivres.ma\/index.php?rest_route=%2Fwp%2Fv2%2Fproduct_tag&post=16651"}],"curies":[{"name":"wp","href":"https:\/\/api.w.org\/{rel}","templated":true}]}}