{"id":16649,"date":"2023-10-31T15:36:21","date_gmt":"2023-10-31T14:36:21","guid":{"rendered":"https:\/\/baralivres.ma\/?post_type=product&#038;p=16649"},"modified":"2023-10-31T15:36:22","modified_gmt":"2023-10-31T14:36:22","slug":"rouge-bresil","status":"publish","type":"product","link":"https:\/\/baralivres.ma\/?product=rouge-bresil","title":{"rendered":"Rouge Br\u00e9sil"},"content":{"rendered":"<p>L&rsquo;exploration fran\u00e7aise du Br\u00e9sil constitue un r\u00e9cit peu connu mais fascinant de la p\u00e9riode de la Renaissance. \u00ab\u00a0Rouge Br\u00e9sil\u00a0\u00bb narre l&rsquo;histoire de deux enfants, Just et Colombe, forc\u00e9s de participer \u00e0 cette aventure pour servir d&rsquo;interpr\u00e8tes aupr\u00e8s des tribus indig\u00e8nes. Chaque aspect de cette entreprise est d\u00e9mesur\u00e9 : le d\u00e9cor sauvage de la baie de Rio, encore domin\u00e9 par les jungles et les tribus indiennes cannibales. Les protagonistes incluent le chevalier de Villegagnon, chef de l&rsquo;exp\u00e9dition, impr\u00e9gn\u00e9 de nostalgie des croisades, impr\u00e9visible et cultiv\u00e9, \u00e9voquant des figures telles que Cyrano ou d&rsquo;Artagnan.<\/p>\n<p>Les \u00e9v\u00e9nements de ce drame confin\u00e9 dans une France tropicale pr\u00e9figurent, avec une avance de dix ans, les conflits des guerres de religion. Rempli de portraits, de paysages et d&rsquo;action, \u00ab\u00a0Rouge Br\u00e9sil\u00a0\u00bb, \u00e9crit dans un style empreint d&rsquo;une ironie \u00e0 la mani\u00e8re de Voltaire, prend la forme d&rsquo;un roman d&rsquo;apprentissage et d&rsquo;amour. Mais au-del\u00e0, \u00e0 travers les destin\u00e9es et les choix de Just et Colombe, ce livre met en sc\u00e8ne deux visions oppos\u00e9es de l&rsquo;homme et de la nature.<\/p>\n<p>D&rsquo;un c\u00f4t\u00e9, il y a la civilisation europ\u00e9enne, conqu\u00e9rante et pr\u00e9tendument universelle, qui aspire \u00e0 \u00eatre lib\u00e9ratrice mais d\u00e9couvre sa nature meurtri\u00e8re. De l&rsquo;autre, il y a le monde indig\u00e8ne, avec sa sensualit\u00e9, son sens de l&rsquo;harmonie et du sacr\u00e9, et son incessant appel au bonheur.<\/p>\n","protected":false},"excerpt":{"rendered":"<p>Enfants fran\u00e7ais, exp\u00e9dition au Br\u00e9sil, conflits culturels, nature : civilisation europ\u00e9enne vs monde indig\u00e8ne.<\/p>\n","protected":false},"featured_media":16655,"comment_status":"open","ping_status":"closed","template":"","meta":{"inline_featured_image":false},"product_cat":[204,143],"product_tag":[],"class_list":{"0":"post-16649","1":"product","2":"type-product","3":"status-publish","4":"has-post-thumbnail","6":"product_cat-francais","7":"product_cat-roman","8":"pa_auteurs-jean-christophe-rufin","10":"first","11":"instock","12":"shipping-taxable","13":"purchasable","14":"product-type-simple"},"_links":{"self":[{"href":"https:\/\/baralivres.ma\/index.php?rest_route=\/wp\/v2\/product\/16649","targetHints":{"allow":["GET"]}}],"collection":[{"href":"https:\/\/baralivres.ma\/index.php?rest_route=\/wp\/v2\/product"}],"about":[{"href":"https:\/\/baralivres.ma\/index.php?rest_route=\/wp\/v2\/types\/product"}],"replies":[{"embeddable":true,"href":"https:\/\/baralivres.ma\/index.php?rest_route=%2Fwp%2Fv2%2Fcomments&post=16649"}],"version-history":[{"count":1,"href":"https:\/\/baralivres.ma\/index.php?rest_route=\/wp\/v2\/product\/16649\/revisions"}],"predecessor-version":[{"id":16657,"href":"https:\/\/baralivres.ma\/index.php?rest_route=\/wp\/v2\/product\/16649\/revisions\/16657"}],"wp:featuredmedia":[{"embeddable":true,"href":"https:\/\/baralivres.ma\/index.php?rest_route=\/wp\/v2\/media\/16655"}],"wp:attachment":[{"href":"https:\/\/baralivres.ma\/index.php?rest_route=%2Fwp%2Fv2%2Fmedia&parent=16649"}],"wp:term":[{"taxonomy":"product_cat","embeddable":true,"href":"https:\/\/baralivres.ma\/index.php?rest_route=%2Fwp%2Fv2%2Fproduct_cat&post=16649"},{"taxonomy":"product_tag","embeddable":true,"href":"https:\/\/baralivres.ma\/index.php?rest_route=%2Fwp%2Fv2%2Fproduct_tag&post=16649"}],"curies":[{"name":"wp","href":"https:\/\/api.w.org\/{rel}","templated":true}]}}