{"id":16646,"date":"2023-10-31T15:34:36","date_gmt":"2023-10-31T14:34:36","guid":{"rendered":"https:\/\/baralivres.ma\/?post_type=product&#038;p=16646"},"modified":"2023-10-31T15:34:37","modified_gmt":"2023-10-31T14:34:37","slug":"le-millionnaire","status":"publish","type":"product","link":"https:\/\/baralivres.ma\/?product=le-millionnaire","title":{"rendered":"Le Millionnaire"},"content":{"rendered":"<div class=\"group w-full text-token-text-primary border-b border-black\/10 gizmo:border-0 dark:border-gray-900\/50 gizmo:dark:border-0 bg-gray-50 gizmo:bg-transparent dark:bg-[#444654] gizmo:dark:bg-transparent\" data-testid=\"conversation-turn-91\">\n<div class=\"p-4 gizmo:py-2 justify-center text-base md:gap-6 md:py-6 m-auto\">\n<div class=\"flex flex-1 gap-4 text-base mx-auto md:gap-6 gizmo:gap-3 gizmo:md:px-5 gizmo:lg:px-1 gizmo:xl:px-5 md:max-w-2xl lg:max-w-[38rem] gizmo:md:max-w-3xl gizmo:lg:max-w-[40rem] gizmo:xl:max-w-[48rem] xl:max-w-3xl }\">\n<div class=\"relative flex w-[calc(100%-50px)] flex-col gizmo:w-full lg:w-[calc(100%-115px)] agent-turn\">\n<div class=\"flex-col gap-1 md:gap-3\">\n<div class=\"flex flex-grow flex-col gap-3 max-w-full\">\n<div class=\"min-h-[20px] flex flex-col items-start gap-3 whitespace-pre-wrap break-words overflow-x-auto\" data-message-author-role=\"assistant\" data-message-id=\"60dee9ca-0f6a-49eb-8071-38a2a4b1c4c6\">\n<div class=\"markdown prose w-full break-words dark:prose-invert light\">\n<p>\u00c0 l&rsquo;instar de L&rsquo;Alchimiste de Paulo Coelho et Le Secret de Rhonda Byrne, Le Millionnaire, traduit en plus de 30 langues, a transform\u00e9 la vie de plus de 2 millions de lecteurs \u00e0 travers le monde. Cet ouvrage offre une sagesse pr\u00e9cieuse pour r\u00e9aliser les r\u00eaves de bonheur et de richesse. Si vous \u00eates ambitieux, talentueux, mais insatisfait de votre travail ou en recherche d&rsquo;argent, ce livre peut changer votre vie. Suivez l&rsquo;histoire d&rsquo;un homme d\u00e9courag\u00e9 qui rencontre un vieux millionnaire et apprend les secrets de la prosp\u00e9rit\u00e9 en quelques le\u00e7ons. En quelques ann\u00e9es, il atteint son premier million, mais avec une obligation. Pourquoi ne seriez-vous pas le prochain \u00e0 transformer votre vie gr\u00e2ce \u00e0 cette sagesse sur la richesse ?<\/p>\n<\/div>\n<\/div>\n<\/div>\n<div class=\"flex justify-between empty:hidden gizmo:justify-start gizmo:gap-3 lg:block gizmo:lg:flex\">\n<div class=\"text-gray-400 flex self-end lg:self-center justify-center gizmo:lg:justify-start mt-2 gizmo:mt-0 visible lg:gap-1 lg:absolute lg:top-0 lg:translate-x-full lg:right-0 lg:mt-0 lg:pl-2 gap-2 md:gap-3\"><button class=\"flex ml-auto gizmo:ml-0 gap-2 items-center rounded-md p-1 text-xs gizmo:gap-1.5 gizmo:pl-0 dark:text-gray-400 dark:hover:text-gray-200 disabled:dark:hover:text-gray-400 hover:text-gray-700\"><\/button><\/p>\n<div class=\"flex gap-1\"><\/div>\n<\/div>\n<\/div>\n<\/div>\n<\/div>\n<\/div>\n<\/div>\n<\/div>\n","protected":false},"excerpt":{"rendered":"<p>Le Millionnaire, comme L&rsquo;Alchimiste et Le Secret, inspire la richesse et le bonheur gr\u00e2ce \u00e0 la sagesse.<\/p>\n","protected":false},"featured_media":16650,"comment_status":"open","ping_status":"closed","template":"","meta":{"inline_featured_image":false},"product_cat":[204,91],"product_tag":[],"class_list":{"0":"post-16646","1":"product","2":"type-product","3":"status-publish","4":"has-post-thumbnail","6":"product_cat-francais","7":"product_cat-developpement","8":"pa_auteurs-mark-fisher","10":"first","11":"instock","12":"shipping-taxable","13":"purchasable","14":"product-type-simple"},"_links":{"self":[{"href":"https:\/\/baralivres.ma\/index.php?rest_route=\/wp\/v2\/product\/16646","targetHints":{"allow":["GET"]}}],"collection":[{"href":"https:\/\/baralivres.ma\/index.php?rest_route=\/wp\/v2\/product"}],"about":[{"href":"https:\/\/baralivres.ma\/index.php?rest_route=\/wp\/v2\/types\/product"}],"replies":[{"embeddable":true,"href":"https:\/\/baralivres.ma\/index.php?rest_route=%2Fwp%2Fv2%2Fcomments&post=16646"}],"version-history":[{"count":1,"href":"https:\/\/baralivres.ma\/index.php?rest_route=\/wp\/v2\/product\/16646\/revisions"}],"predecessor-version":[{"id":16652,"href":"https:\/\/baralivres.ma\/index.php?rest_route=\/wp\/v2\/product\/16646\/revisions\/16652"}],"wp:featuredmedia":[{"embeddable":true,"href":"https:\/\/baralivres.ma\/index.php?rest_route=\/wp\/v2\/media\/16650"}],"wp:attachment":[{"href":"https:\/\/baralivres.ma\/index.php?rest_route=%2Fwp%2Fv2%2Fmedia&parent=16646"}],"wp:term":[{"taxonomy":"product_cat","embeddable":true,"href":"https:\/\/baralivres.ma\/index.php?rest_route=%2Fwp%2Fv2%2Fproduct_cat&post=16646"},{"taxonomy":"product_tag","embeddable":true,"href":"https:\/\/baralivres.ma\/index.php?rest_route=%2Fwp%2Fv2%2Fproduct_tag&post=16646"}],"curies":[{"name":"wp","href":"https:\/\/api.w.org\/{rel}","templated":true}]}}