{"id":16643,"date":"2023-10-31T15:33:02","date_gmt":"2023-10-31T14:33:02","guid":{"rendered":"https:\/\/baralivres.ma\/?post_type=product&#038;p=16643"},"modified":"2025-04-17T15:44:05","modified_gmt":"2025-04-17T14:44:05","slug":"programme-du-bac-le-malade-imaginaire","status":"publish","type":"product","link":"https:\/\/baralivres.ma\/?product=programme-du-bac-le-malade-imaginaire","title":{"rendered":"Programme du Bac &#8211; Le Malade imaginaire"},"content":{"rendered":"<p>Moli\u00e8re mourant a produit l&rsquo;une de ses plus belles com\u00e9dies, et l&rsquo;une des pi\u00e8ces les plus actuelles. Qui ne se croit malade ? Qui ne d\u00e9pend un jour de ses m\u00e9decins, au point de refuser de gu\u00e9rir ? Et quel m\u00e9decin n&rsquo;est tent\u00e9 par le secret voire l&rsquo;arrogance ? En faisant rire de ce qui fait pleurer, Moli\u00e8re exacerbe tous les ressorts du comique pour dire le ridicule et l&rsquo;incomp\u00e9tence des m\u00e9decins, mais aussi la cr\u00e9dulit\u00e9 de ceux qui demandent leurs soins. La com\u00e9die se fait satire, pour d\u00e9noncer ce qu&rsquo;elle donne en spectacle.<\/p>\n","protected":false},"excerpt":{"rendered":"<p>Moli\u00e8re critique les m\u00e9decins, la cr\u00e9dulit\u00e9 et le ridicule \u00e0 travers une com\u00e9die satirique intense.<\/p>\n","protected":false},"featured_media":16647,"comment_status":"open","ping_status":"closed","template":"","meta":{"inline_featured_image":false},"product_cat":[3873,143],"product_tag":[],"class_list":{"0":"post-16643","1":"product","2":"type-product","3":"status-publish","4":"has-post-thumbnail","6":"product_cat-roman-en-francais","7":"product_cat-roman","8":"pa_auteurs-moliere","10":"first","11":"instock","12":"shipping-taxable","13":"purchasable","14":"product-type-simple"},"_links":{"self":[{"href":"https:\/\/baralivres.ma\/index.php?rest_route=\/wp\/v2\/product\/16643","targetHints":{"allow":["GET"]}}],"collection":[{"href":"https:\/\/baralivres.ma\/index.php?rest_route=\/wp\/v2\/product"}],"about":[{"href":"https:\/\/baralivres.ma\/index.php?rest_route=\/wp\/v2\/types\/product"}],"replies":[{"embeddable":true,"href":"https:\/\/baralivres.ma\/index.php?rest_route=%2Fwp%2Fv2%2Fcomments&post=16643"}],"version-history":[{"count":1,"href":"https:\/\/baralivres.ma\/index.php?rest_route=\/wp\/v2\/product\/16643\/revisions"}],"predecessor-version":[{"id":16648,"href":"https:\/\/baralivres.ma\/index.php?rest_route=\/wp\/v2\/product\/16643\/revisions\/16648"}],"wp:featuredmedia":[{"embeddable":true,"href":"https:\/\/baralivres.ma\/index.php?rest_route=\/wp\/v2\/media\/16647"}],"wp:attachment":[{"href":"https:\/\/baralivres.ma\/index.php?rest_route=%2Fwp%2Fv2%2Fmedia&parent=16643"}],"wp:term":[{"taxonomy":"product_cat","embeddable":true,"href":"https:\/\/baralivres.ma\/index.php?rest_route=%2Fwp%2Fv2%2Fproduct_cat&post=16643"},{"taxonomy":"product_tag","embeddable":true,"href":"https:\/\/baralivres.ma\/index.php?rest_route=%2Fwp%2Fv2%2Fproduct_tag&post=16643"}],"curies":[{"name":"wp","href":"https:\/\/api.w.org\/{rel}","templated":true}]}}