{"id":16642,"date":"2023-10-31T15:31:31","date_gmt":"2023-10-31T14:31:31","guid":{"rendered":"https:\/\/baralivres.ma\/?post_type=product&#038;p=16642"},"modified":"2023-10-31T15:31:32","modified_gmt":"2023-10-31T14:31:32","slug":"la-magie-de-sautodiriger","status":"publish","type":"product","link":"https:\/\/baralivres.ma\/?product=la-magie-de-sautodiriger","title":{"rendered":"La magie de s&rsquo;autodiriger"},"content":{"rendered":"<p>Un guide extraordinaire pour r\u00e9ussir une vie \u00e9panouie !<\/p>\n<p>L&rsquo;esprit humain poss\u00e8de un potentiel impressionnant, capable d&rsquo;apporter richesse, bonheur et paix int\u00e9rieure \u00e0 chacun. Malheureusement, la plupart d&rsquo;entre nous n&rsquo;exploitent pas pleinement cette sagesse, ce qui engendre de nombreux probl\u00e8mes.<\/p>\n<p>Si vous faites partie de ceux qui aspirent \u00e0 plus, ce livre est fait pour vous. Si vous avez d\u00e9cid\u00e9 de mettre fin aux r\u00e9sultats m\u00e9diocres, \u00e0 la d\u00e9ception et \u00e0 l&#8217;emprisonnement mental, il est temps de prendre des mesures pour transformer durablement votre fa\u00e7on de penser.<\/p>\n","protected":false},"excerpt":{"rendered":"<p>Guide pour exploiter le potentiel humain, surmonter la m\u00e9diocrit\u00e9, et transformer sa mani\u00e8re de penser.<\/p>\n","protected":false},"featured_media":16644,"comment_status":"open","ping_status":"closed","template":"","meta":{"inline_featured_image":false},"product_cat":[204,91],"product_tag":[],"class_list":{"0":"post-16642","1":"product","2":"type-product","3":"status-publish","4":"has-post-thumbnail","6":"product_cat-francais","7":"product_cat-developpement","8":"pa_auteurs-david-joseph-schwaetz","10":"first","11":"instock","12":"shipping-taxable","13":"purchasable","14":"product-type-simple"},"_links":{"self":[{"href":"https:\/\/baralivres.ma\/index.php?rest_route=\/wp\/v2\/product\/16642","targetHints":{"allow":["GET"]}}],"collection":[{"href":"https:\/\/baralivres.ma\/index.php?rest_route=\/wp\/v2\/product"}],"about":[{"href":"https:\/\/baralivres.ma\/index.php?rest_route=\/wp\/v2\/types\/product"}],"replies":[{"embeddable":true,"href":"https:\/\/baralivres.ma\/index.php?rest_route=%2Fwp%2Fv2%2Fcomments&post=16642"}],"version-history":[{"count":1,"href":"https:\/\/baralivres.ma\/index.php?rest_route=\/wp\/v2\/product\/16642\/revisions"}],"predecessor-version":[{"id":16645,"href":"https:\/\/baralivres.ma\/index.php?rest_route=\/wp\/v2\/product\/16642\/revisions\/16645"}],"wp:featuredmedia":[{"embeddable":true,"href":"https:\/\/baralivres.ma\/index.php?rest_route=\/wp\/v2\/media\/16644"}],"wp:attachment":[{"href":"https:\/\/baralivres.ma\/index.php?rest_route=%2Fwp%2Fv2%2Fmedia&parent=16642"}],"wp:term":[{"taxonomy":"product_cat","embeddable":true,"href":"https:\/\/baralivres.ma\/index.php?rest_route=%2Fwp%2Fv2%2Fproduct_cat&post=16642"},{"taxonomy":"product_tag","embeddable":true,"href":"https:\/\/baralivres.ma\/index.php?rest_route=%2Fwp%2Fv2%2Fproduct_tag&post=16642"}],"curies":[{"name":"wp","href":"https:\/\/api.w.org\/{rel}","templated":true}]}}