{"id":16637,"date":"2023-10-31T15:28:45","date_gmt":"2023-10-31T14:28:45","guid":{"rendered":"https:\/\/baralivres.ma\/?post_type=product&#038;p=16637"},"modified":"2023-10-31T15:28:46","modified_gmt":"2023-10-31T14:28:46","slug":"rendez-vous-au-plus-haut-sommet","status":"publish","type":"product","link":"https:\/\/baralivres.ma\/?product=rendez-vous-au-plus-haut-sommet","title":{"rendered":"Rendez-vous au plus haut sommet"},"content":{"rendered":"<p>Zig Ziglar, en continuit\u00e9 avec son best-seller \u00ab\u00a0Rendez-vous au sommet,\u00a0\u00bb propose dans cet ouvrage des conseils efficaces pour am\u00e9liorer votre image et vous \u00e9lever vers l&rsquo;excellence. Il vous incite \u00e0 reconna\u00eetre et \u00e0 d\u00e9velopper votre potentiel, \u00e0 vous engager pour devenir la meilleure version de vous-m\u00eame. \u00c9crit dans un style conversationnel, ce livre est con\u00e7u pour \u00eatre consult\u00e9 r\u00e9guli\u00e8rement, soulign\u00e9, et mis en pratique. Il ne se contente pas d&rsquo;\u00eatre un manuel de r\u00e9ussite, mais plut\u00f4t un guide exceptionnel pour atteindre votre meilleur niveau.<\/p>\n","protected":false},"excerpt":{"rendered":"<p>Ce livre de Zig Ziglar, la suite de \u00ab\u00a0Rendez-vous au sommet,\u00a0\u00bb vous incite \u00e0 d\u00e9velopper votre potentiel et \u00e0 vous d\u00e9marquer.<\/p>\n","protected":false},"featured_media":16640,"comment_status":"open","ping_status":"closed","template":"","meta":{"inline_featured_image":false},"product_cat":[204,91],"product_tag":[],"class_list":{"0":"post-16637","1":"product","2":"type-product","3":"status-publish","4":"has-post-thumbnail","6":"product_cat-francais","7":"product_cat-developpement","8":"pa_auteurs-ziglar-zig","10":"first","11":"instock","12":"shipping-taxable","13":"purchasable","14":"product-type-simple"},"_links":{"self":[{"href":"https:\/\/baralivres.ma\/index.php?rest_route=\/wp\/v2\/product\/16637","targetHints":{"allow":["GET"]}}],"collection":[{"href":"https:\/\/baralivres.ma\/index.php?rest_route=\/wp\/v2\/product"}],"about":[{"href":"https:\/\/baralivres.ma\/index.php?rest_route=\/wp\/v2\/types\/product"}],"replies":[{"embeddable":true,"href":"https:\/\/baralivres.ma\/index.php?rest_route=%2Fwp%2Fv2%2Fcomments&post=16637"}],"version-history":[{"count":1,"href":"https:\/\/baralivres.ma\/index.php?rest_route=\/wp\/v2\/product\/16637\/revisions"}],"predecessor-version":[{"id":16641,"href":"https:\/\/baralivres.ma\/index.php?rest_route=\/wp\/v2\/product\/16637\/revisions\/16641"}],"wp:featuredmedia":[{"embeddable":true,"href":"https:\/\/baralivres.ma\/index.php?rest_route=\/wp\/v2\/media\/16640"}],"wp:attachment":[{"href":"https:\/\/baralivres.ma\/index.php?rest_route=%2Fwp%2Fv2%2Fmedia&parent=16637"}],"wp:term":[{"taxonomy":"product_cat","embeddable":true,"href":"https:\/\/baralivres.ma\/index.php?rest_route=%2Fwp%2Fv2%2Fproduct_cat&post=16637"},{"taxonomy":"product_tag","embeddable":true,"href":"https:\/\/baralivres.ma\/index.php?rest_route=%2Fwp%2Fv2%2Fproduct_tag&post=16637"}],"curies":[{"name":"wp","href":"https:\/\/api.w.org\/{rel}","templated":true}]}}