{"id":16635,"date":"2023-10-31T15:27:17","date_gmt":"2023-10-31T14:27:17","guid":{"rendered":"https:\/\/baralivres.ma\/?post_type=product&#038;p=16635"},"modified":"2025-04-17T15:44:19","modified_gmt":"2025-04-17T14:44:19","slug":"knock-ou-le-triomphe-de-la-medecine","status":"publish","type":"product","link":"https:\/\/baralivres.ma\/?product=knock-ou-le-triomphe-de-la-medecine","title":{"rendered":"Knock ou Le Triomphe de la M\u00e9decine"},"content":{"rendered":"<p>Dans le passage de \u00ab\u00a0Le tambour\u00a0\u00bb, les personnages discutent des sensations ressenties apr\u00e8s avoir mang\u00e9. Le tambour d\u00e9crit une sensation de d\u00e9mangeaison \u00e0 certains moments apr\u00e8s le d\u00eener, qu&rsquo;il associe \u00e0 une sorte de chatouillement ou grattouillement. Knock intervient pour clarifier la diff\u00e9rence entre ces sensations. Le tambour admet que c&rsquo;est plut\u00f4t un grattouillement mais admet \u00e9galement un l\u00e9ger chatouillement. Knock sugg\u00e8re que cela pourrait \u00eatre plus prononc\u00e9 apr\u00e8s avoir consomm\u00e9 de la t\u00eate de veau \u00e0 la vinaigrette, mais le tambour nie en avoir mang\u00e9, bien qu&rsquo;il pense que cela accentuerait la sensation de grattouillement.<\/p>\n<p>En d&rsquo;autres termes, les personnages discutent des sensations de d\u00e9mangeaisons ressenties apr\u00e8s les repas, le tambour mentionnant une l\u00e9g\u00e8re d\u00e9mangeaison qui pourrait \u00eatre attribu\u00e9e \u00e0 une forme de chatouillement ou de grattouillement. Knock sp\u00e9cule que manger de la t\u00eate de veau \u00e0 la vinaigrette pourrait intensifier cette sensation, mais le tambour affirme ne jamais en avoir mang\u00e9, bien qu&rsquo;il suppose que cela augmenterait l&rsquo;effet de grattouillement.<\/p>\n","protected":false},"excerpt":{"rendered":"<p>\u00c9change comique sur des d\u00e9mangeaisons post-d\u00eener, li\u00e9es \u00e0 la t\u00eate de veau hypoth\u00e9tique.<\/p>\n","protected":false},"featured_media":16638,"comment_status":"open","ping_status":"closed","template":"","meta":{"inline_featured_image":false},"product_cat":[3873,143],"product_tag":[],"class_list":{"0":"post-16635","1":"product","2":"type-product","3":"status-publish","4":"has-post-thumbnail","6":"product_cat-roman-en-francais","7":"product_cat-roman","8":"pa_auteurs-jules-romains","10":"first","11":"instock","12":"shipping-taxable","13":"purchasable","14":"product-type-simple"},"_links":{"self":[{"href":"https:\/\/baralivres.ma\/index.php?rest_route=\/wp\/v2\/product\/16635","targetHints":{"allow":["GET"]}}],"collection":[{"href":"https:\/\/baralivres.ma\/index.php?rest_route=\/wp\/v2\/product"}],"about":[{"href":"https:\/\/baralivres.ma\/index.php?rest_route=\/wp\/v2\/types\/product"}],"replies":[{"embeddable":true,"href":"https:\/\/baralivres.ma\/index.php?rest_route=%2Fwp%2Fv2%2Fcomments&post=16635"}],"version-history":[{"count":1,"href":"https:\/\/baralivres.ma\/index.php?rest_route=\/wp\/v2\/product\/16635\/revisions"}],"predecessor-version":[{"id":16639,"href":"https:\/\/baralivres.ma\/index.php?rest_route=\/wp\/v2\/product\/16635\/revisions\/16639"}],"wp:featuredmedia":[{"embeddable":true,"href":"https:\/\/baralivres.ma\/index.php?rest_route=\/wp\/v2\/media\/16638"}],"wp:attachment":[{"href":"https:\/\/baralivres.ma\/index.php?rest_route=%2Fwp%2Fv2%2Fmedia&parent=16635"}],"wp:term":[{"taxonomy":"product_cat","embeddable":true,"href":"https:\/\/baralivres.ma\/index.php?rest_route=%2Fwp%2Fv2%2Fproduct_cat&post=16635"},{"taxonomy":"product_tag","embeddable":true,"href":"https:\/\/baralivres.ma\/index.php?rest_route=%2Fwp%2Fv2%2Fproduct_tag&post=16635"}],"curies":[{"name":"wp","href":"https:\/\/api.w.org\/{rel}","templated":true}]}}