{"id":16629,"date":"2023-10-31T15:24:03","date_gmt":"2023-10-31T14:24:03","guid":{"rendered":"https:\/\/baralivres.ma\/?post_type=product&#038;p=16629"},"modified":"2023-10-31T15:24:03","modified_gmt":"2023-10-31T14:24:03","slug":"crepuscule-des-idoles-ou-comment-philosopher-a-coups-de-marteau","status":"publish","type":"product","link":"https:\/\/baralivres.ma\/?product=crepuscule-des-idoles-ou-comment-philosopher-a-coups-de-marteau","title":{"rendered":"Cr\u00e9puscule des idoles ou Comment philosopher \u00e0 coups de marteau"},"content":{"rendered":"<p>\u00ab\u00a0La vision que je porte sur le monde me r\u00e9v\u00e8le qu&rsquo;il abonde en idoles plut\u00f4t qu&rsquo;en r\u00e9alit\u00e9s. Ce constat d\u00e9coule \u00e0 la fois de ma perspective critique et de l&rsquo;\u00e9coute s\u00e9lective des rumeurs. Ce court ouvrage s&rsquo;apparente \u00e0 une d\u00e9claration de guerre d&rsquo;envergure. Les idoles scrut\u00e9es ici ne sont pas seulement celles de l&rsquo;\u00e9poque, mais des divinit\u00e9s intemporelles, confront\u00e9es au marteau de l&rsquo;analyse comme un diapason. Elles ne sont pas seulement anciennes, confiantes et arrogantes dans leur importance, mais \u00e9galement vides de sens. Ironiquement, ce sont pourtant celles en lesquelles la croyance demeure la plus forte. Il est d&rsquo;ailleurs int\u00e9ressant de noter que la plus \u00e9minente parmi elles n&rsquo;est jamais d\u00e9sign\u00e9e sous le nom d&rsquo;idole, bien que cela soit sa v\u00e9ritable nature.\u00a0\u00bb &#8211; F. N.<\/p>\n","protected":false},"excerpt":{"rendered":"<p>Vision critique d\u00e9voile idol\u00e2trie, d\u00e9clarant guerre aux divinit\u00e9s \u00e9ternelles, creuses malgr\u00e9 croyance r\u00e9pandue.<\/p>\n","protected":false},"featured_media":16632,"comment_status":"open","ping_status":"closed","template":"","meta":{"inline_featured_image":false},"product_cat":[204,143],"product_tag":[],"class_list":{"0":"post-16629","1":"product","2":"type-product","3":"status-publish","4":"has-post-thumbnail","6":"product_cat-francais","7":"product_cat-roman","8":"pa_auteurs-friedrich-nietzsche","10":"first","11":"instock","12":"shipping-taxable","13":"purchasable","14":"product-type-simple"},"_links":{"self":[{"href":"https:\/\/baralivres.ma\/index.php?rest_route=\/wp\/v2\/product\/16629","targetHints":{"allow":["GET"]}}],"collection":[{"href":"https:\/\/baralivres.ma\/index.php?rest_route=\/wp\/v2\/product"}],"about":[{"href":"https:\/\/baralivres.ma\/index.php?rest_route=\/wp\/v2\/types\/product"}],"replies":[{"embeddable":true,"href":"https:\/\/baralivres.ma\/index.php?rest_route=%2Fwp%2Fv2%2Fcomments&post=16629"}],"version-history":[{"count":1,"href":"https:\/\/baralivres.ma\/index.php?rest_route=\/wp\/v2\/product\/16629\/revisions"}],"predecessor-version":[{"id":16634,"href":"https:\/\/baralivres.ma\/index.php?rest_route=\/wp\/v2\/product\/16629\/revisions\/16634"}],"wp:featuredmedia":[{"embeddable":true,"href":"https:\/\/baralivres.ma\/index.php?rest_route=\/wp\/v2\/media\/16632"}],"wp:attachment":[{"href":"https:\/\/baralivres.ma\/index.php?rest_route=%2Fwp%2Fv2%2Fmedia&parent=16629"}],"wp:term":[{"taxonomy":"product_cat","embeddable":true,"href":"https:\/\/baralivres.ma\/index.php?rest_route=%2Fwp%2Fv2%2Fproduct_cat&post=16629"},{"taxonomy":"product_tag","embeddable":true,"href":"https:\/\/baralivres.ma\/index.php?rest_route=%2Fwp%2Fv2%2Fproduct_tag&post=16629"}],"curies":[{"name":"wp","href":"https:\/\/api.w.org\/{rel}","templated":true}]}}