{"id":16620,"date":"2023-10-31T15:20:29","date_gmt":"2023-10-31T14:20:29","guid":{"rendered":"https:\/\/baralivres.ma\/?post_type=product&#038;p=16620"},"modified":"2023-10-31T15:20:30","modified_gmt":"2023-10-31T14:20:30","slug":"six-etudes-de-psychologie","status":"publish","type":"product","link":"https:\/\/baralivres.ma\/?product=six-etudes-de-psychologie","title":{"rendered":"Six \u00e9tudes de psychologie"},"content":{"rendered":"<p>Jean Piaget explore dans son ouvrage \u00ab\u00a0Six \u00e9tudes de psychologie\u00a0\u00bb des sujets fondamentaux tels que l&rsquo;\u00e9volution de la pens\u00e9e et du comportement, l&rsquo;\u00e9mergence des fonctions logiques, perceptuelles et affectives. La premi\u00e8re section du livre d\u00e9crit les diff\u00e9rentes \u00e9tapes du d\u00e9veloppement mental de l&rsquo;enfance \u00e0 l&rsquo;adolescence. La seconde partie se concentre davantage sur les m\u00e9thodes et vise \u00e0 \u00e9tablir les principes d&rsquo;une th\u00e9orie de la connaissance.<\/p>\n<p>Bien que les \u00e9crits de Piaget soient souvent consid\u00e9r\u00e9s comme ardus et destin\u00e9s \u00e0 des sp\u00e9cialistes, ce volume-ci se d\u00e9marque en offrant \u00e0 la fois une synth\u00e8se saisissante et une introduction compl\u00e8te \u00e0 l&rsquo;\u0153uvre du c\u00e9l\u00e8bre psychologue.<\/p>\n","protected":false},"excerpt":{"rendered":"<p>Piaget explore le d\u00e9veloppement mental de l&rsquo;enfant et les fondements de la connaissance.<\/p>\n","protected":false},"featured_media":16627,"comment_status":"open","ping_status":"closed","template":"","meta":{"inline_featured_image":false},"product_cat":[204,143],"product_tag":[],"class_list":{"0":"post-16620","1":"product","2":"type-product","3":"status-publish","4":"has-post-thumbnail","6":"product_cat-francais","7":"product_cat-roman","8":"pa_auteurs-jean-piaget","10":"first","11":"instock","12":"shipping-taxable","13":"purchasable","14":"product-type-simple"},"_links":{"self":[{"href":"https:\/\/baralivres.ma\/index.php?rest_route=\/wp\/v2\/product\/16620","targetHints":{"allow":["GET"]}}],"collection":[{"href":"https:\/\/baralivres.ma\/index.php?rest_route=\/wp\/v2\/product"}],"about":[{"href":"https:\/\/baralivres.ma\/index.php?rest_route=\/wp\/v2\/types\/product"}],"replies":[{"embeddable":true,"href":"https:\/\/baralivres.ma\/index.php?rest_route=%2Fwp%2Fv2%2Fcomments&post=16620"}],"version-history":[{"count":1,"href":"https:\/\/baralivres.ma\/index.php?rest_route=\/wp\/v2\/product\/16620\/revisions"}],"predecessor-version":[{"id":16628,"href":"https:\/\/baralivres.ma\/index.php?rest_route=\/wp\/v2\/product\/16620\/revisions\/16628"}],"wp:featuredmedia":[{"embeddable":true,"href":"https:\/\/baralivres.ma\/index.php?rest_route=\/wp\/v2\/media\/16627"}],"wp:attachment":[{"href":"https:\/\/baralivres.ma\/index.php?rest_route=%2Fwp%2Fv2%2Fmedia&parent=16620"}],"wp:term":[{"taxonomy":"product_cat","embeddable":true,"href":"https:\/\/baralivres.ma\/index.php?rest_route=%2Fwp%2Fv2%2Fproduct_cat&post=16620"},{"taxonomy":"product_tag","embeddable":true,"href":"https:\/\/baralivres.ma\/index.php?rest_route=%2Fwp%2Fv2%2Fproduct_tag&post=16620"}],"curies":[{"name":"wp","href":"https:\/\/api.w.org\/{rel}","templated":true}]}}