{"id":16616,"date":"2023-10-31T15:19:24","date_gmt":"2023-10-31T14:19:24","guid":{"rendered":"https:\/\/baralivres.ma\/?post_type=product&#038;p=16616"},"modified":"2023-10-31T15:19:25","modified_gmt":"2023-10-31T14:19:25","slug":"la-loi-de-lattraction","status":"publish","type":"product","link":"https:\/\/baralivres.ma\/?product=la-loi-de-lattraction","title":{"rendered":"La loi de l&rsquo;attraction"},"content":{"rendered":"<p>Explorez la loi de l&rsquo;attraction pour am\u00e9liorer votre vie, en attirant des exp\u00e9riences positives et en \u00e9liminant les ind\u00e9sirables. Ce guide complet vous enseigne comment utiliser cette loi pour r\u00e9aliser des changements significatifs dans divers domaines de votre vie, de la prosp\u00e9rit\u00e9 \u00e0 la relation id\u00e9ale, en passant par la carri\u00e8re. Vous trouverez des directives pour attirer ce que vous d\u00e9sirez et \u00e9loigner ce que vous ne voulez pas. Transformez votre r\u00e9alit\u00e9 en utilisant la loi de l&rsquo;attraction pour atteindre vos objectifs et aspirations.<\/p>\n","protected":false},"excerpt":{"rendered":"<p>Guide complet pour ma\u00eetriser la loi de l&rsquo;attraction, attirer le positif et \u00e9liminer le n\u00e9gatif dans la vie.<\/p>\n","protected":false},"featured_media":16622,"comment_status":"open","ping_status":"closed","template":"","meta":{"inline_featured_image":false},"product_cat":[204,91],"product_tag":[],"class_list":{"0":"post-16616","1":"product","2":"type-product","3":"status-publish","4":"has-post-thumbnail","6":"product_cat-francais","7":"product_cat-developpement","8":"pa_auteurs-michael-j-losier","10":"first","11":"instock","12":"shipping-taxable","13":"purchasable","14":"product-type-simple"},"_links":{"self":[{"href":"https:\/\/baralivres.ma\/index.php?rest_route=\/wp\/v2\/product\/16616","targetHints":{"allow":["GET"]}}],"collection":[{"href":"https:\/\/baralivres.ma\/index.php?rest_route=\/wp\/v2\/product"}],"about":[{"href":"https:\/\/baralivres.ma\/index.php?rest_route=\/wp\/v2\/types\/product"}],"replies":[{"embeddable":true,"href":"https:\/\/baralivres.ma\/index.php?rest_route=%2Fwp%2Fv2%2Fcomments&post=16616"}],"version-history":[{"count":1,"href":"https:\/\/baralivres.ma\/index.php?rest_route=\/wp\/v2\/product\/16616\/revisions"}],"predecessor-version":[{"id":16623,"href":"https:\/\/baralivres.ma\/index.php?rest_route=\/wp\/v2\/product\/16616\/revisions\/16623"}],"wp:featuredmedia":[{"embeddable":true,"href":"https:\/\/baralivres.ma\/index.php?rest_route=\/wp\/v2\/media\/16622"}],"wp:attachment":[{"href":"https:\/\/baralivres.ma\/index.php?rest_route=%2Fwp%2Fv2%2Fmedia&parent=16616"}],"wp:term":[{"taxonomy":"product_cat","embeddable":true,"href":"https:\/\/baralivres.ma\/index.php?rest_route=%2Fwp%2Fv2%2Fproduct_cat&post=16616"},{"taxonomy":"product_tag","embeddable":true,"href":"https:\/\/baralivres.ma\/index.php?rest_route=%2Fwp%2Fv2%2Fproduct_tag&post=16616"}],"curies":[{"name":"wp","href":"https:\/\/api.w.org\/{rel}","templated":true}]}}