{"id":16613,"date":"2023-10-31T15:18:58","date_gmt":"2023-10-31T14:18:58","guid":{"rendered":"https:\/\/baralivres.ma\/?post_type=product&#038;p=16613"},"modified":"2023-10-31T15:18:58","modified_gmt":"2023-10-31T14:18:58","slug":"refus-dobeissance","status":"publish","type":"product","link":"https:\/\/baralivres.ma\/?product=refus-dobeissance","title":{"rendered":"Refus d&rsquo;ob\u00e9issance"},"content":{"rendered":"<p>\u00ab\u00a0La guerre reste ancr\u00e9e en moi d&rsquo;une mani\u00e8re inoubliable. J&rsquo;aimerais sinc\u00e8rement pouvoir l&rsquo;effacer de ma m\u00e9moire. Parfois, je parviens \u00e0 passer deux ou trois jours sans y penser, mais soudainement, elle ressurgit dans mon esprit. Je peux la revoir, la ressentir, l&rsquo;entendre, et je la vis \u00e0 nouveau comme si c&rsquo;\u00e9tait hier. La peur m&rsquo;envahit. Ce soir, alors que le soleil se couche sur un magnifique jour de juillet, la plaine en dessous de moi est baign\u00e9e d&rsquo;une teinte rouge\u00e2tre, signe que les bl\u00e9s vont bient\u00f4t \u00eatre r\u00e9colt\u00e9s. Tout semble immobile et paisible, mais vingt ans se sont \u00e9coul\u00e9s depuis les \u00e9v\u00e9nements. Malgr\u00e9 les exp\u00e9riences de la vie, les douleurs et les moments de bonheur, je n&rsquo;ai jamais pu me d\u00e9barrasser des cicatrices de la guerre. L&rsquo;horreur de ces quatre ann\u00e9es demeure en moi, une empreinte ind\u00e9l\u00e9bile. Tous ceux qui ont surv\u00e9cu portent cette empreinte.\u00a0\u00bb C&rsquo;est un texte poignant dans lequel Jean Giono, \u00e0 la veille de la Seconde Guerre mondiale, plaide ardemment en faveur de la paix.<\/p>\n","protected":false},"excerpt":{"rendered":"<p>Jean Giono exprime l&rsquo;impact ind\u00e9l\u00e9bile de la guerre sur l&rsquo;\u00e2me humaine et appelle \u00e0 la paix.<\/p>\n","protected":false},"featured_media":16619,"comment_status":"open","ping_status":"closed","template":"","meta":{"inline_featured_image":false},"product_cat":[204,143],"product_tag":[],"class_list":{"0":"post-16613","1":"product","2":"type-product","3":"status-publish","4":"has-post-thumbnail","6":"product_cat-francais","7":"product_cat-roman","8":"pa_auteurs-jean-giono","10":"first","11":"instock","12":"shipping-taxable","13":"purchasable","14":"product-type-simple"},"_links":{"self":[{"href":"https:\/\/baralivres.ma\/index.php?rest_route=\/wp\/v2\/product\/16613","targetHints":{"allow":["GET"]}}],"collection":[{"href":"https:\/\/baralivres.ma\/index.php?rest_route=\/wp\/v2\/product"}],"about":[{"href":"https:\/\/baralivres.ma\/index.php?rest_route=\/wp\/v2\/types\/product"}],"replies":[{"embeddable":true,"href":"https:\/\/baralivres.ma\/index.php?rest_route=%2Fwp%2Fv2%2Fcomments&post=16613"}],"version-history":[{"count":1,"href":"https:\/\/baralivres.ma\/index.php?rest_route=\/wp\/v2\/product\/16613\/revisions"}],"predecessor-version":[{"id":16621,"href":"https:\/\/baralivres.ma\/index.php?rest_route=\/wp\/v2\/product\/16613\/revisions\/16621"}],"wp:featuredmedia":[{"embeddable":true,"href":"https:\/\/baralivres.ma\/index.php?rest_route=\/wp\/v2\/media\/16619"}],"wp:attachment":[{"href":"https:\/\/baralivres.ma\/index.php?rest_route=%2Fwp%2Fv2%2Fmedia&parent=16613"}],"wp:term":[{"taxonomy":"product_cat","embeddable":true,"href":"https:\/\/baralivres.ma\/index.php?rest_route=%2Fwp%2Fv2%2Fproduct_cat&post=16613"},{"taxonomy":"product_tag","embeddable":true,"href":"https:\/\/baralivres.ma\/index.php?rest_route=%2Fwp%2Fv2%2Fproduct_tag&post=16613"}],"curies":[{"name":"wp","href":"https:\/\/api.w.org\/{rel}","templated":true}]}}