{"id":16610,"date":"2023-10-31T15:16:42","date_gmt":"2023-10-31T14:16:42","guid":{"rendered":"https:\/\/baralivres.ma\/?post_type=product&#038;p=16610"},"modified":"2023-10-31T15:16:43","modified_gmt":"2023-10-31T14:16:43","slug":"la-crise-du-monde-moderne","status":"publish","type":"product","link":"https:\/\/baralivres.ma\/?product=la-crise-du-monde-moderne","title":{"rendered":"La crise du monde moderne"},"content":{"rendered":"<p>\u00ab\u00a0Un des caract\u00e8res particuliers du monde moderne, c&rsquo;est la scission qu&rsquo;on y remarque entre l&rsquo;Orient et l&rsquo;Occident. Il peut y avoir une sorte d&rsquo;\u00e9quivalence entre des civilisations de formes tr\u00e8s diff\u00e9rentes, d\u00e8s lors qu&rsquo;elles reposent toutes sur les m\u00eames principes fondamentaux, dont elles repr\u00e9sentent seulement des applications conditionn\u00e9es par des circonstances vari\u00e9es. Tel est le cas de toutes les civilisations que nous pouvons appeler normales, ou encore traditionnelles ; il n&rsquo;y a entre elles aucune opposition essentielle, et les divergences, s&rsquo;il en existe, ne sont qu&rsquo;ext\u00e9rieures et superficielles. Par contre, une civilisation qui ne reconna\u00eet aucun principe sup\u00e9rieur, qui n&rsquo;est m\u00eame fond\u00e9e en r\u00e9alit\u00e9 que sur une n\u00e9gation des principes, est par l\u00e0 m\u00eame d\u00e9pourvue de tout moyen d&rsquo;entente avec les autres, car cette entente, pour \u00eatre vraiment profonde et efficace, ne peut s&rsquo;\u00e9tablir que par en haut, c&rsquo;est-\u00e0-dire pr\u00e9cis\u00e9ment par ce qui manque \u00e0 cette civilisation anormale et d\u00e9vi\u00e9e. Dans l&rsquo;\u00e9tat pr\u00e9sent du monde, nous avons donc, d&rsquo;un c\u00f4t\u00e9, toutes les civilisations qui sont demeur\u00e9es fid\u00e8les \u00e0 l&rsquo;esprit traditionnel, et qui sont les civilisations orientales, et, de l&rsquo;autre, une civilisation proprement antitraditionnelle, qui est la civilisation occidentale moderne.\u00a0\u00bb Ren\u00e9 Gu\u00e9non.<\/p>\n","protected":false},"excerpt":{"rendered":"<p>Contraste entre civilisations traditionnelles orientales et l&rsquo;Occident moderne, fond\u00e9 sur principes ou n\u00e9gation.<\/p>\n","protected":false},"featured_media":16617,"comment_status":"open","ping_status":"closed","template":"","meta":{"inline_featured_image":false},"product_cat":[204,143],"product_tag":[],"class_list":{"0":"post-16610","1":"product","2":"type-product","3":"status-publish","4":"has-post-thumbnail","6":"product_cat-francais","7":"product_cat-roman","8":"pa_auteurs-rene-guenon","10":"first","11":"instock","12":"shipping-taxable","13":"purchasable","14":"product-type-simple"},"_links":{"self":[{"href":"https:\/\/baralivres.ma\/index.php?rest_route=\/wp\/v2\/product\/16610","targetHints":{"allow":["GET"]}}],"collection":[{"href":"https:\/\/baralivres.ma\/index.php?rest_route=\/wp\/v2\/product"}],"about":[{"href":"https:\/\/baralivres.ma\/index.php?rest_route=\/wp\/v2\/types\/product"}],"replies":[{"embeddable":true,"href":"https:\/\/baralivres.ma\/index.php?rest_route=%2Fwp%2Fv2%2Fcomments&post=16610"}],"version-history":[{"count":1,"href":"https:\/\/baralivres.ma\/index.php?rest_route=\/wp\/v2\/product\/16610\/revisions"}],"predecessor-version":[{"id":16618,"href":"https:\/\/baralivres.ma\/index.php?rest_route=\/wp\/v2\/product\/16610\/revisions\/16618"}],"wp:featuredmedia":[{"embeddable":true,"href":"https:\/\/baralivres.ma\/index.php?rest_route=\/wp\/v2\/media\/16617"}],"wp:attachment":[{"href":"https:\/\/baralivres.ma\/index.php?rest_route=%2Fwp%2Fv2%2Fmedia&parent=16610"}],"wp:term":[{"taxonomy":"product_cat","embeddable":true,"href":"https:\/\/baralivres.ma\/index.php?rest_route=%2Fwp%2Fv2%2Fproduct_cat&post=16610"},{"taxonomy":"product_tag","embeddable":true,"href":"https:\/\/baralivres.ma\/index.php?rest_route=%2Fwp%2Fv2%2Fproduct_tag&post=16610"}],"curies":[{"name":"wp","href":"https:\/\/api.w.org\/{rel}","templated":true}]}}