{"id":16607,"date":"2023-10-31T15:14:16","date_gmt":"2023-10-31T14:14:16","guid":{"rendered":"https:\/\/baralivres.ma\/?post_type=product&#038;p=16607"},"modified":"2023-10-31T15:14:17","modified_gmt":"2023-10-31T14:14:17","slug":"une-seconde-chance","status":"publish","type":"product","link":"https:\/\/baralivres.ma\/?product=une-seconde-chance","title":{"rendered":"Une seconde chance"},"content":{"rendered":"<p>Le nouveau livre de Robert T. Kiyosaki vise \u00e0 transformer les lecteurs en gagnants plut\u00f4t qu&rsquo;en perdants, en prenant le contr\u00f4le de leur avenir financier. Il aborde la crise financi\u00e8re mondiale et critique les solutions obsol\u00e8tes propos\u00e9es par les dirigeants.<\/p>\n<p>L&rsquo;ouvrage utilise des diagrammes et des tableaux pour mettre en \u00e9vidence l&rsquo;irrationalit\u00e9 de ces approches. Il s&rsquo;adresse \u00e0 ceux qui r\u00e9alisent qu&rsquo;il est temps de changer leur mani\u00e8re de penser. L&rsquo;auteur souligne que l&rsquo;\u00e9conomie actuelle rend obsol\u00e8tes certaines strat\u00e9gies financi\u00e8res, comme l&rsquo;\u00e9pargne, les investissements \u00e0 long terme, ou la poursuite de l&rsquo;\u00e9ducation traditionnelle.<\/p>\n<p>Le livre propose un aper\u00e7u des dangers et des opportunit\u00e9s de la crise financi\u00e8re mondiale, en abordant le pass\u00e9, le pr\u00e9sent, et l&rsquo;avenir. Il encourage les lecteurs \u00e0 prendre des d\u00e9cisions \u00e9clair\u00e9es pour un meilleur avenir financier et \u00e0 guider leur entourage dans cette p\u00e9riode de crise persistante.<\/p>\n","protected":false},"excerpt":{"rendered":"<div class=\"group w-full text-token-text-primary border-b border-black\/10 gizmo:border-0 dark:border-gray-900\/50 gizmo:dark:border-0 bg-gray-50 gizmo:bg-transparent dark:bg-[#444654] gizmo:dark:bg-transparent\" data-testid=\"conversation-turn-73\">\n<div class=\"p-4 gizmo:py-2 justify-center text-base md:gap-6 md:py-6 m-auto\">\n<div class=\"flex flex-1 gap-4 text-base mx-auto md:gap-6 gizmo:gap-3 gizmo:md:px-5 gizmo:lg:px-1 gizmo:xl:px-5 md:max-w-2xl lg:max-w-[38rem] gizmo:md:max-w-3xl gizmo:lg:max-w-[40rem] gizmo:xl:max-w-[48rem] xl:max-w-3xl }\">\n<div class=\"relative flex w-[calc(100%-50px)] flex-col gizmo:w-full lg:w-[calc(100%-115px)] agent-turn\">\n<div class=\"flex-col gap-1 md:gap-3\">\n<div class=\"flex flex-grow flex-col gap-3 max-w-full\">\n<div class=\"min-h-[20px] flex flex-col items-start gap-3 whitespace-pre-wrap break-words overflow-x-auto\" data-message-author-role=\"assistant\" data-message-id=\"fc412be7-7d2c-418c-aaa6-57574997349a\">\n<div class=\"markdown prose w-full break-words dark:prose-invert light\">\n<p>Kiyosaki guide vers un avenir financier solide en remettant en question les approches traditionnelles face \u00e0 la crise.<\/p>\n<\/div>\n<\/div>\n<\/div>\n<div class=\"flex justify-between empty:hidden gizmo:justify-start gizmo:gap-3 lg:block gizmo:lg:flex\">\n<div class=\"text-gray-400 flex self-end lg:self-center justify-center gizmo:lg:justify-start mt-2 gizmo:mt-0 visible lg:gap-1 lg:absolute lg:top-0 lg:translate-x-full lg:right-0 lg:mt-0 lg:pl-2 gap-2 md:gap-3\"><button class=\"flex ml-auto gizmo:ml-0 gap-2 items-center rounded-md p-1 text-xs gizmo:gap-1.5 gizmo:pl-0 dark:text-gray-400 dark:hover:text-gray-200 disabled:dark:hover:text-gray-400 hover:text-gray-700\"><\/button><\/p>\n<div class=\"flex gap-1\"><\/div>\n<\/div>\n<\/div>\n<\/div>\n<\/div>\n<\/div>\n<\/div>\n<\/div>\n","protected":false},"featured_media":16614,"comment_status":"open","ping_status":"closed","template":"","meta":{"inline_featured_image":false},"product_cat":[204,91],"product_tag":[],"class_list":{"0":"post-16607","1":"product","2":"type-product","3":"status-publish","4":"has-post-thumbnail","6":"product_cat-francais","7":"product_cat-developpement","8":"pa_auteurs-robert-kiyosaki-2","10":"first","11":"instock","12":"shipping-taxable","13":"purchasable","14":"product-type-simple"},"_links":{"self":[{"href":"https:\/\/baralivres.ma\/index.php?rest_route=\/wp\/v2\/product\/16607","targetHints":{"allow":["GET"]}}],"collection":[{"href":"https:\/\/baralivres.ma\/index.php?rest_route=\/wp\/v2\/product"}],"about":[{"href":"https:\/\/baralivres.ma\/index.php?rest_route=\/wp\/v2\/types\/product"}],"replies":[{"embeddable":true,"href":"https:\/\/baralivres.ma\/index.php?rest_route=%2Fwp%2Fv2%2Fcomments&post=16607"}],"version-history":[{"count":1,"href":"https:\/\/baralivres.ma\/index.php?rest_route=\/wp\/v2\/product\/16607\/revisions"}],"predecessor-version":[{"id":16615,"href":"https:\/\/baralivres.ma\/index.php?rest_route=\/wp\/v2\/product\/16607\/revisions\/16615"}],"wp:featuredmedia":[{"embeddable":true,"href":"https:\/\/baralivres.ma\/index.php?rest_route=\/wp\/v2\/media\/16614"}],"wp:attachment":[{"href":"https:\/\/baralivres.ma\/index.php?rest_route=%2Fwp%2Fv2%2Fmedia&parent=16607"}],"wp:term":[{"taxonomy":"product_cat","embeddable":true,"href":"https:\/\/baralivres.ma\/index.php?rest_route=%2Fwp%2Fv2%2Fproduct_cat&post=16607"},{"taxonomy":"product_tag","embeddable":true,"href":"https:\/\/baralivres.ma\/index.php?rest_route=%2Fwp%2Fv2%2Fproduct_tag&post=16607"}],"curies":[{"name":"wp","href":"https:\/\/api.w.org\/{rel}","templated":true}]}}