{"id":16606,"date":"2023-10-31T15:13:38","date_gmt":"2023-10-31T14:13:38","guid":{"rendered":"https:\/\/baralivres.ma\/?post_type=product&#038;p=16606"},"modified":"2023-10-31T15:13:38","modified_gmt":"2023-10-31T14:13:38","slug":"lady-susan","status":"publish","type":"product","link":"https:\/\/baralivres.ma\/?product=lady-susan","title":{"rendered":"Lady Susan"},"content":{"rendered":"<p>Une veuve charmante et d&rsquo;esprit, mais d\u00e9pourvue de fortune, cherche refuge chez son beau-fr\u00e8re, un opulent banquier. Se d\u00e9voile-t-elle comme une personne sans principes, d\u00e9termin\u00e9e \u00e0 tout pour assurer un mariage avantageux, ou est-elle simplement une s\u00e9ductrice cherchant \u00e0 profiter de la vie ? La r\u00e9ponse \u00e0 cette question risque de co\u00fbter cher au jeune Reginald&#8230; Dans la tradition des grands personnages d&rsquo;Orgueil et Pr\u00e9jug\u00e9 et de Raison et Sentiments, l&rsquo;\u00e9minente auteure de la litt\u00e9rature anglaise, Jane Austen, dresse le portrait vif et malicieux d&rsquo;une femme aventureuse.<\/p>\n","protected":false},"excerpt":{"rendered":"<p>Veuf jolie, sans argent, chez riche beau-fr\u00e8re. Opportuniste ou coquette ? Jane Austen explore l&rsquo;intrigue et caract\u00e8re.<\/p>\n","protected":false},"featured_media":16611,"comment_status":"open","ping_status":"closed","template":"","meta":{"inline_featured_image":false},"product_cat":[204,143],"product_tag":[],"class_list":{"0":"post-16606","1":"product","2":"type-product","3":"status-publish","4":"has-post-thumbnail","6":"product_cat-francais","7":"product_cat-roman","8":"pa_auteurs-jane-austen","10":"first","11":"instock","12":"shipping-taxable","13":"purchasable","14":"product-type-simple"},"_links":{"self":[{"href":"https:\/\/baralivres.ma\/index.php?rest_route=\/wp\/v2\/product\/16606","targetHints":{"allow":["GET"]}}],"collection":[{"href":"https:\/\/baralivres.ma\/index.php?rest_route=\/wp\/v2\/product"}],"about":[{"href":"https:\/\/baralivres.ma\/index.php?rest_route=\/wp\/v2\/types\/product"}],"replies":[{"embeddable":true,"href":"https:\/\/baralivres.ma\/index.php?rest_route=%2Fwp%2Fv2%2Fcomments&post=16606"}],"version-history":[{"count":1,"href":"https:\/\/baralivres.ma\/index.php?rest_route=\/wp\/v2\/product\/16606\/revisions"}],"predecessor-version":[{"id":16612,"href":"https:\/\/baralivres.ma\/index.php?rest_route=\/wp\/v2\/product\/16606\/revisions\/16612"}],"wp:featuredmedia":[{"embeddable":true,"href":"https:\/\/baralivres.ma\/index.php?rest_route=\/wp\/v2\/media\/16611"}],"wp:attachment":[{"href":"https:\/\/baralivres.ma\/index.php?rest_route=%2Fwp%2Fv2%2Fmedia&parent=16606"}],"wp:term":[{"taxonomy":"product_cat","embeddable":true,"href":"https:\/\/baralivres.ma\/index.php?rest_route=%2Fwp%2Fv2%2Fproduct_cat&post=16606"},{"taxonomy":"product_tag","embeddable":true,"href":"https:\/\/baralivres.ma\/index.php?rest_route=%2Fwp%2Fv2%2Fproduct_tag&post=16606"}],"curies":[{"name":"wp","href":"https:\/\/api.w.org\/{rel}","templated":true}]}}