{"id":16602,"date":"2023-10-31T15:12:41","date_gmt":"2023-10-31T14:12:41","guid":{"rendered":"https:\/\/baralivres.ma\/?post_type=product&#038;p=16602"},"modified":"2023-10-31T15:12:42","modified_gmt":"2023-10-31T14:12:42","slug":"plaidoyer-pour-les-intellectuels","status":"publish","type":"product","link":"https:\/\/baralivres.ma\/?product=plaidoyer-pour-les-intellectuels","title":{"rendered":"Plaidoyer pour les intellectuels"},"content":{"rendered":"<p>La r\u00e9\u00e9dition de ce livre paru en 1972 s&rsquo;explique par la n\u00e9cessit\u00e9 de r\u00e9affirmer la vision de l'\u00a0\u00bbintellectuel universel\u00a0\u00bb telle que soutenue par Sartre. Cette vision a souvent \u00e9t\u00e9 d\u00e9form\u00e9e, d&rsquo;o\u00f9 l&rsquo;importance de revenir \u00e0 ses origines pour mettre en lumi\u00e8re ses concepts fondamentaux. Jean-Paul Sartre aborde ici trois questions cruciales &#8211; qu&rsquo;est-ce qu&rsquo;un intellectuel ? Quel est son r\u00f4le ? L&rsquo;\u00e9crivain peut-il \u00eatre consid\u00e9r\u00e9 comme un intellectuel ? Ce texte constitue un rep\u00e8re essentiel pour appr\u00e9hender l&rsquo;\u00e9volution des intellectuels depuis les ann\u00e9es 1970, tout en fournissant des arguments \u00e0 ceux qui continuent de d\u00e9fendre leur cause aujourd&rsquo;hui.<\/p>\n","protected":false},"excerpt":{"rendered":"<p>R\u00e9\u00e9dition pour clarifier le r\u00f4le de l&rsquo;intellectuel selon Sartre, offrant rep\u00e8res et arguments actuels.<\/p>\n","protected":false},"featured_media":16608,"comment_status":"open","ping_status":"closed","template":"","meta":{"inline_featured_image":false},"product_cat":[204,143],"product_tag":[],"class_list":{"0":"post-16602","1":"product","2":"type-product","3":"status-publish","4":"has-post-thumbnail","6":"product_cat-francais","7":"product_cat-roman","8":"pa_auteurs-jean-paul-sartre","10":"first","11":"instock","12":"shipping-taxable","13":"purchasable","14":"product-type-simple"},"_links":{"self":[{"href":"https:\/\/baralivres.ma\/index.php?rest_route=\/wp\/v2\/product\/16602","targetHints":{"allow":["GET"]}}],"collection":[{"href":"https:\/\/baralivres.ma\/index.php?rest_route=\/wp\/v2\/product"}],"about":[{"href":"https:\/\/baralivres.ma\/index.php?rest_route=\/wp\/v2\/types\/product"}],"replies":[{"embeddable":true,"href":"https:\/\/baralivres.ma\/index.php?rest_route=%2Fwp%2Fv2%2Fcomments&post=16602"}],"version-history":[{"count":1,"href":"https:\/\/baralivres.ma\/index.php?rest_route=\/wp\/v2\/product\/16602\/revisions"}],"predecessor-version":[{"id":16609,"href":"https:\/\/baralivres.ma\/index.php?rest_route=\/wp\/v2\/product\/16602\/revisions\/16609"}],"wp:featuredmedia":[{"embeddable":true,"href":"https:\/\/baralivres.ma\/index.php?rest_route=\/wp\/v2\/media\/16608"}],"wp:attachment":[{"href":"https:\/\/baralivres.ma\/index.php?rest_route=%2Fwp%2Fv2%2Fmedia&parent=16602"}],"wp:term":[{"taxonomy":"product_cat","embeddable":true,"href":"https:\/\/baralivres.ma\/index.php?rest_route=%2Fwp%2Fv2%2Fproduct_cat&post=16602"},{"taxonomy":"product_tag","embeddable":true,"href":"https:\/\/baralivres.ma\/index.php?rest_route=%2Fwp%2Fv2%2Fproduct_tag&post=16602"}],"curies":[{"name":"wp","href":"https:\/\/api.w.org\/{rel}","templated":true}]}}