{"id":16597,"date":"2023-10-31T15:10:30","date_gmt":"2023-10-31T14:10:30","guid":{"rendered":"https:\/\/baralivres.ma\/?post_type=product&#038;p=16597"},"modified":"2024-03-13T15:39:59","modified_gmt":"2024-03-13T14:39:59","slug":"pere-riche-pere-pauvre","status":"publish","type":"product","link":"https:\/\/baralivres.ma\/?product=pere-riche-pere-pauvre","title":{"rendered":"P\u00e8re riche, p\u00e8re pauvre"},"content":{"rendered":"<div class=\"group w-full text-token-text-primary border-b border-black\/10 gizmo:border-0 dark:border-gray-900\/50 gizmo:dark:border-0 bg-gray-50 gizmo:bg-transparent dark:bg-[#444654] gizmo:dark:bg-transparent\" data-testid=\"conversation-turn-69\">\n<div class=\"p-4 gizmo:py-2 justify-center text-base md:gap-6 md:py-6 m-auto\">\n<div class=\"flex flex-1 gap-4 text-base mx-auto md:gap-6 gizmo:gap-3 gizmo:md:px-5 gizmo:lg:px-1 gizmo:xl:px-5 md:max-w-2xl lg:max-w-[38rem] gizmo:md:max-w-3xl gizmo:lg:max-w-[40rem] gizmo:xl:max-w-[48rem] xl:max-w-3xl }\">\n<div class=\"relative flex w-[calc(100%-50px)] flex-col gizmo:w-full lg:w-[calc(100%-115px)] agent-turn\">\n<div class=\"flex-col gap-1 md:gap-3\">\n<div class=\"flex flex-grow flex-col gap-3 max-w-full\">\n<div class=\"min-h-[20px] flex flex-col items-start gap-3 whitespace-pre-wrap break-words overflow-x-auto\" data-message-author-role=\"assistant\" data-message-id=\"0ab1338c-3a2d-4042-804f-d4d45c5e9477\">\n<div class=\"markdown prose w-full break-words dark:prose-invert light\">\n<p>\u00ab\u00a0P\u00e8re riche, P\u00e8re pauvre\u00a0\u00bb est largement consid\u00e9r\u00e9 comme le meilleur ouvrage en mati\u00e8re de finances personnelles de tous les temps. Il brise le mythe selon lequel il faut un revenu \u00e9lev\u00e9 pour devenir riche, tout en remettant en question la croyance populaire selon laquelle une maison est un actif financier. L&rsquo;auteur souligne \u00e9galement le manque d&rsquo;\u00e9ducation financi\u00e8re dans le syst\u00e8me \u00e9ducatif et encourage les parents \u00e0 enseigner \u00e0 leurs enfants les principes de la r\u00e9ussite financi\u00e8re.<\/p>\n<p>Cette \u00e9dition sp\u00e9ciale comprend neuf sections de s\u00e9ances d&rsquo;\u00e9tude con\u00e7ues pour guider les lecteurs dans leur lecture, relecture, discussions, et \u00e9tude du livre, que ce soit en solitaire ou en groupe. Elle offre un moyen suppl\u00e9mentaire d&rsquo;approfondir la compr\u00e9hension des concepts financiers abord\u00e9s dans le livre et de les appliquer dans la vie r\u00e9elle.<\/p>\n<\/div>\n<\/div>\n<\/div>\n<div class=\"flex justify-between empty:hidden gizmo:justify-start gizmo:gap-3 lg:block gizmo:lg:flex\">\n<div class=\"text-gray-400 flex self-end lg:self-center justify-center gizmo:lg:justify-start mt-2 gizmo:mt-0 visible lg:gap-1 lg:absolute lg:top-0 lg:translate-x-full lg:right-0 lg:mt-0 lg:pl-2 gap-2 md:gap-3\"><button class=\"flex ml-auto gizmo:ml-0 gap-2 items-center rounded-md p-1 text-xs gizmo:gap-1.5 gizmo:pl-0 dark:text-gray-400 dark:hover:text-gray-200 disabled:dark:hover:text-gray-400 hover:text-gray-700\"><\/button><\/p>\n<div class=\"flex gap-1\"><\/div>\n<\/div>\n<\/div>\n<\/div>\n<\/div>\n<\/div>\n<\/div>\n<\/div>\n","protected":false},"excerpt":{"rendered":"<p>\u00ab\u00a0P\u00e8re riche, P\u00e8re pauvre\u00a0\u00bb &#8211; un ouvrage r\u00e9volutionnaire qui remet en question les id\u00e9es re\u00e7ues sur la richesse, l&rsquo;immobilier, l&rsquo;\u00e9ducation financi\u00e8re, et offre des guides d&rsquo;\u00e9tude pour une meilleure compr\u00e9hension.<\/p>\n","protected":false},"featured_media":16603,"comment_status":"open","ping_status":"closed","template":"","meta":{"inline_featured_image":false},"product_cat":[3674,204,91],"product_tag":[],"class_list":{"0":"post-16597","1":"product","2":"type-product","3":"status-publish","4":"has-post-thumbnail","6":"product_cat-best-s","7":"product_cat-francais","8":"product_cat-developpement","9":"pa_auteurs-robert-kiyosaki-2","11":"first","12":"instock","13":"shipping-taxable","14":"purchasable","15":"product-type-simple"},"_links":{"self":[{"href":"https:\/\/baralivres.ma\/index.php?rest_route=\/wp\/v2\/product\/16597","targetHints":{"allow":["GET"]}}],"collection":[{"href":"https:\/\/baralivres.ma\/index.php?rest_route=\/wp\/v2\/product"}],"about":[{"href":"https:\/\/baralivres.ma\/index.php?rest_route=\/wp\/v2\/types\/product"}],"replies":[{"embeddable":true,"href":"https:\/\/baralivres.ma\/index.php?rest_route=%2Fwp%2Fv2%2Fcomments&post=16597"}],"version-history":[{"count":1,"href":"https:\/\/baralivres.ma\/index.php?rest_route=\/wp\/v2\/product\/16597\/revisions"}],"predecessor-version":[{"id":16604,"href":"https:\/\/baralivres.ma\/index.php?rest_route=\/wp\/v2\/product\/16597\/revisions\/16604"}],"wp:featuredmedia":[{"embeddable":true,"href":"https:\/\/baralivres.ma\/index.php?rest_route=\/wp\/v2\/media\/16603"}],"wp:attachment":[{"href":"https:\/\/baralivres.ma\/index.php?rest_route=%2Fwp%2Fv2%2Fmedia&parent=16597"}],"wp:term":[{"taxonomy":"product_cat","embeddable":true,"href":"https:\/\/baralivres.ma\/index.php?rest_route=%2Fwp%2Fv2%2Fproduct_cat&post=16597"},{"taxonomy":"product_tag","embeddable":true,"href":"https:\/\/baralivres.ma\/index.php?rest_route=%2Fwp%2Fv2%2Fproduct_tag&post=16597"}],"curies":[{"name":"wp","href":"https:\/\/api.w.org\/{rel}","templated":true}]}}