{"id":16594,"date":"2023-10-31T15:09:36","date_gmt":"2023-10-31T14:09:36","guid":{"rendered":"https:\/\/baralivres.ma\/?post_type=product&#038;p=16594"},"modified":"2023-10-31T15:09:37","modified_gmt":"2023-10-31T14:09:37","slug":"quest-ce-que-la-philosophie-indienne","status":"publish","type":"product","link":"https:\/\/baralivres.ma\/?product=quest-ce-que-la-philosophie-indienne","title":{"rendered":"Qu&rsquo;est-ce que la philosophie indienne ?"},"content":{"rendered":"<p>La philosophie est souvent associ\u00e9e \u00e0 des traditions grecques, allemandes et, dans une certaine mesure, fran\u00e7aises, excluant parfois des cultures comme la babylonienne ou la sanskrite. L&rsquo;Inde a \u00e9t\u00e9 \u00e9cart\u00e9e du cercle de la philosophie acad\u00e9mique \u00e0 la fin du XVIIIe si\u00e8cle, et malgr\u00e9 les efforts des indianistes, cette exclusion persiste. Il est grand temps de remettre en question les st\u00e9r\u00e9otypes occidentaux sur l&rsquo;ancienne Inde, qui pr\u00e9tendait \u00eatre trop enracin\u00e9e dans la religiosit\u00e9 pour d\u00e9velopper des concepts philosophiques.<\/p>\n<p>Vincent Eltschinger et Isabelle Rati\u00e9 ont choisi une approche diff\u00e9rente en mettant moins l&rsquo;accent sur les dogmes des traditions indiennes, pr\u00e9f\u00e9rant se concentrer sur des sujets sp\u00e9cifiques. Ce choix permet de mettre en lumi\u00e8re les philosophes et les \u00e9coles en action, d\u00e9fendant leurs id\u00e9es de mani\u00e8re pol\u00e9mique. Ce livre se d\u00e9marque en mettant l&rsquo;accent sur les points o\u00f9 le d\u00e9bat indien cristallise &#8211; comme la nature du soi, la perception de l&rsquo;autre, la conception du monde et de la conscience, la v\u00e9rit\u00e9 et la perception, la relation entre rationalit\u00e9 et religion, le langage, la notion de divinit\u00e9, et plus encore.<\/p>\n<p>L&rsquo;originalit\u00e9 de cet ouvrage r\u00e9side dans sa volont\u00e9 de pr\u00e9senter la philosophie indienne pour ce qu&rsquo;elle est, dans son propre contexte, sans recourir \u00e0 des comparaisons qui pourraient en alt\u00e9rer le sens et la puissance.<\/p>\n","protected":false},"excerpt":{"rendered":"<p>R\u00e9vision critique des pr\u00e9jug\u00e9s occidentaux sur la philosophie indienne, mettant l&rsquo;accent sur ses probl\u00e8mes cl\u00e9s.<\/p>\n","protected":false},"featured_media":16599,"comment_status":"open","ping_status":"closed","template":"","meta":{"inline_featured_image":false},"product_cat":[204,143],"product_tag":[],"class_list":{"0":"post-16594","1":"product","2":"type-product","3":"status-publish","4":"has-post-thumbnail","6":"product_cat-francais","7":"product_cat-roman","8":"pa_auteurs-isabelle-ratie","10":"first","11":"instock","12":"shipping-taxable","13":"purchasable","14":"product-type-simple"},"_links":{"self":[{"href":"https:\/\/baralivres.ma\/index.php?rest_route=\/wp\/v2\/product\/16594","targetHints":{"allow":["GET"]}}],"collection":[{"href":"https:\/\/baralivres.ma\/index.php?rest_route=\/wp\/v2\/product"}],"about":[{"href":"https:\/\/baralivres.ma\/index.php?rest_route=\/wp\/v2\/types\/product"}],"replies":[{"embeddable":true,"href":"https:\/\/baralivres.ma\/index.php?rest_route=%2Fwp%2Fv2%2Fcomments&post=16594"}],"version-history":[{"count":1,"href":"https:\/\/baralivres.ma\/index.php?rest_route=\/wp\/v2\/product\/16594\/revisions"}],"predecessor-version":[{"id":16600,"href":"https:\/\/baralivres.ma\/index.php?rest_route=\/wp\/v2\/product\/16594\/revisions\/16600"}],"wp:featuredmedia":[{"embeddable":true,"href":"https:\/\/baralivres.ma\/index.php?rest_route=\/wp\/v2\/media\/16599"}],"wp:attachment":[{"href":"https:\/\/baralivres.ma\/index.php?rest_route=%2Fwp%2Fv2%2Fmedia&parent=16594"}],"wp:term":[{"taxonomy":"product_cat","embeddable":true,"href":"https:\/\/baralivres.ma\/index.php?rest_route=%2Fwp%2Fv2%2Fproduct_cat&post=16594"},{"taxonomy":"product_tag","embeddable":true,"href":"https:\/\/baralivres.ma\/index.php?rest_route=%2Fwp%2Fv2%2Fproduct_tag&post=16594"}],"curies":[{"name":"wp","href":"https:\/\/api.w.org\/{rel}","templated":true}]}}