{"id":16592,"date":"2023-10-31T15:07:37","date_gmt":"2023-10-31T14:07:37","guid":{"rendered":"https:\/\/baralivres.ma\/?post_type=product&#038;p=16592"},"modified":"2023-10-31T15:07:38","modified_gmt":"2023-10-31T14:07:38","slug":"augmentez-votre-intelligence-financiere","status":"publish","type":"product","link":"https:\/\/baralivres.ma\/?product=augmentez-votre-intelligence-financiere","title":{"rendered":"Augmentez votre intelligence financi\u00e8re"},"content":{"rendered":"<p>Dans un monde financier turbulent, votre atout le plus pr\u00e9cieux est votre intelligence financi\u00e8re, et voici comment la d\u00e9velopper. En 1997, Robert T. Kiyosaki a fait sensation en d\u00e9clarant que \u00ab\u00a0votre maison n&rsquo;est pas un actif\u00a0\u00bb. Malgr\u00e9 les protestations, son livre \u00ab\u00a0P\u00e8re riche, P\u00e8re pauvre\u00a0\u00bb est devenu un best-seller mondial, soulignant l&rsquo;importance de l&rsquo;\u00e9ducation financi\u00e8re pour se pr\u00e9munir contre les crises financi\u00e8res pr\u00e9dites par le \u00ab\u00a0p\u00e8re riche\u00a0\u00bb de l&rsquo;auteur.<\/p>\n<p>En 2007, la crise immobili\u00e8re aux \u00c9tats-Unis a confirm\u00e9 ces enseignements, montrant que les propri\u00e9t\u00e9s r\u00e9sidentielles peuvent devenir des passifs. Aujourd&rsquo;hui, nous comprenons que les investissements boursiers comportent des risques et que la valeur de l&rsquo;argent peut fluctuer, m\u00eame les \u00e9pargnants peuvent subir des pertes.<\/p>\n<p>C&rsquo;est pourquoi l&rsquo;intelligence financi\u00e8re est plus cruciale que jamais.<\/p>\n","protected":false},"excerpt":{"rendered":"<p>L&rsquo;importance de l&rsquo;intelligence financi\u00e8re : \u00ab\u00a0P\u00e8re riche, P\u00e8re pauvre\u00a0\u00bb de Kiyosaki face aux turbulences financi\u00e8res.<\/p>\n","protected":false},"featured_media":16595,"comment_status":"open","ping_status":"closed","template":"","meta":{"inline_featured_image":false},"product_cat":[204,91],"product_tag":[],"class_list":{"0":"post-16592","1":"product","2":"type-product","3":"status-publish","4":"has-post-thumbnail","6":"product_cat-francais","7":"product_cat-developpement","8":"pa_auteurs-robert-kiyosaki-2","10":"first","11":"instock","12":"shipping-taxable","13":"purchasable","14":"product-type-simple"},"_links":{"self":[{"href":"https:\/\/baralivres.ma\/index.php?rest_route=\/wp\/v2\/product\/16592","targetHints":{"allow":["GET"]}}],"collection":[{"href":"https:\/\/baralivres.ma\/index.php?rest_route=\/wp\/v2\/product"}],"about":[{"href":"https:\/\/baralivres.ma\/index.php?rest_route=\/wp\/v2\/types\/product"}],"replies":[{"embeddable":true,"href":"https:\/\/baralivres.ma\/index.php?rest_route=%2Fwp%2Fv2%2Fcomments&post=16592"}],"version-history":[{"count":1,"href":"https:\/\/baralivres.ma\/index.php?rest_route=\/wp\/v2\/product\/16592\/revisions"}],"predecessor-version":[{"id":16596,"href":"https:\/\/baralivres.ma\/index.php?rest_route=\/wp\/v2\/product\/16592\/revisions\/16596"}],"wp:featuredmedia":[{"embeddable":true,"href":"https:\/\/baralivres.ma\/index.php?rest_route=\/wp\/v2\/media\/16595"}],"wp:attachment":[{"href":"https:\/\/baralivres.ma\/index.php?rest_route=%2Fwp%2Fv2%2Fmedia&parent=16592"}],"wp:term":[{"taxonomy":"product_cat","embeddable":true,"href":"https:\/\/baralivres.ma\/index.php?rest_route=%2Fwp%2Fv2%2Fproduct_cat&post=16592"},{"taxonomy":"product_tag","embeddable":true,"href":"https:\/\/baralivres.ma\/index.php?rest_route=%2Fwp%2Fv2%2Fproduct_tag&post=16592"}],"curies":[{"name":"wp","href":"https:\/\/api.w.org\/{rel}","templated":true}]}}