{"id":16586,"date":"2023-10-31T15:04:15","date_gmt":"2023-10-31T14:04:15","guid":{"rendered":"https:\/\/baralivres.ma\/?post_type=product&#038;p=16586"},"modified":"2023-10-31T15:04:36","modified_gmt":"2023-10-31T14:04:36","slug":"faux","status":"publish","type":"product","link":"https:\/\/baralivres.ma\/?product=faux","title":{"rendered":"FAUX"},"content":{"rendered":"<p>Richard Nixon a abandonn\u00e9 la convertibilit\u00e9 du dollar en or, le transformant en monnaie fiduciaire. Cette d\u00e9cision a \u00e9t\u00e9 critiqu\u00e9e par \u00ab\u00a0P\u00e8re riche\u00a0\u00bb de l&rsquo;auteur, consid\u00e9rant cette monnaie gouvernementale comme nuisible pour les classes moins ais\u00e9es.<\/p>\n<p>Les enseignements sur l&rsquo;argent \u00e0 l&rsquo;\u00e9cole, les connaissances des parents, des conseillers financiers, et des dirigeants, ainsi que la situation financi\u00e8re pr\u00e9caire de nombreuses personnes sont remis en question. La crise financi\u00e8re de 2008 est cit\u00e9e en exemple, mettant en \u00e9vidence les risques li\u00e9s \u00e0 de faux actifs.<\/p>\n<p>L&rsquo;auteur s&rsquo;interroge sur une crise potentielle \u00e0 l&rsquo;horizon, soulignant les manipulations des ultra-riches r\u00e9v\u00e9l\u00e9es dans \u00ab\u00a0Grunch of Giants\u00a0\u00bb de Richard Buckminster Fuller. Il encourage \u00e0 ne pas \u00eatre victime de cette fraude mondiale.<\/p>\n","protected":false},"excerpt":{"rendered":"<p>Abandon de la convertibilit\u00e9 du dollar en or, critiques de la monnaie gouvernementale, remise en question des enseignements financiers.<\/p>\n","protected":false},"featured_media":16589,"comment_status":"open","ping_status":"closed","template":"","meta":{"inline_featured_image":false},"product_cat":[204,91],"product_tag":[],"class_list":{"0":"post-16586","1":"product","2":"type-product","3":"status-publish","4":"has-post-thumbnail","6":"product_cat-francais","7":"product_cat-developpement","8":"pa_auteurs-robert-kiyosaki-2","10":"first","11":"instock","12":"shipping-taxable","13":"purchasable","14":"product-type-simple"},"_links":{"self":[{"href":"https:\/\/baralivres.ma\/index.php?rest_route=\/wp\/v2\/product\/16586","targetHints":{"allow":["GET"]}}],"collection":[{"href":"https:\/\/baralivres.ma\/index.php?rest_route=\/wp\/v2\/product"}],"about":[{"href":"https:\/\/baralivres.ma\/index.php?rest_route=\/wp\/v2\/types\/product"}],"replies":[{"embeddable":true,"href":"https:\/\/baralivres.ma\/index.php?rest_route=%2Fwp%2Fv2%2Fcomments&post=16586"}],"version-history":[{"count":2,"href":"https:\/\/baralivres.ma\/index.php?rest_route=\/wp\/v2\/product\/16586\/revisions"}],"predecessor-version":[{"id":16591,"href":"https:\/\/baralivres.ma\/index.php?rest_route=\/wp\/v2\/product\/16586\/revisions\/16591"}],"wp:featuredmedia":[{"embeddable":true,"href":"https:\/\/baralivres.ma\/index.php?rest_route=\/wp\/v2\/media\/16589"}],"wp:attachment":[{"href":"https:\/\/baralivres.ma\/index.php?rest_route=%2Fwp%2Fv2%2Fmedia&parent=16586"}],"wp:term":[{"taxonomy":"product_cat","embeddable":true,"href":"https:\/\/baralivres.ma\/index.php?rest_route=%2Fwp%2Fv2%2Fproduct_cat&post=16586"},{"taxonomy":"product_tag","embeddable":true,"href":"https:\/\/baralivres.ma\/index.php?rest_route=%2Fwp%2Fv2%2Fproduct_tag&post=16586"}],"curies":[{"name":"wp","href":"https:\/\/api.w.org\/{rel}","templated":true}]}}