{"id":16581,"date":"2023-10-31T15:01:39","date_gmt":"2023-10-31T14:01:39","guid":{"rendered":"https:\/\/baralivres.ma\/?post_type=product&#038;p=16581"},"modified":"2023-10-31T15:01:39","modified_gmt":"2023-10-31T14:01:39","slug":"jonas-ou-lartiste-au-travail","status":"publish","type":"product","link":"https:\/\/baralivres.ma\/?product=jonas-ou-lartiste-au-travail","title":{"rendered":"Jonas ou l&rsquo;artiste au travail"},"content":{"rendered":"<p>Quelles que soient les circonstances, Jonas, un peintre au talent reconnu, demeure convaincu que sa bonne \u00e9toile veillera sur lui sans rel\u00e2che, le guidant toujours. Malgr\u00e9 cette confiance, la vie, ses proches, ses amis, et ses disciples l&rsquo;entra\u00eenent peu \u00e0 peu vers l&rsquo;impasse de la st\u00e9rilit\u00e9 artistique. Pendant ce temps, un ing\u00e9nieur fran\u00e7ais en mission au Br\u00e9sil se heurte aux superstitions et au mysticisme des autochtones. Cependant, son amiti\u00e9 naissante avec l&rsquo;un d&rsquo;entre eux finit par balayer son scepticisme. Ces deux histoires captivantes, \u00e0 la conclusion myst\u00e9rieuse et ambigu\u00eb, sont sign\u00e9es par l&rsquo;auteur de \u00ab\u00a0L&rsquo;\u00c9tranger\u00a0\u00bb.<\/p>\n","protected":false},"excerpt":{"rendered":"<p>Jonas, un peintre optimiste, lutte contre la st\u00e9rilit\u00e9 artistique, tandis qu&rsquo;un ing\u00e9nieur fran\u00e7ais d\u00e9couvre la magie autochtone au Br\u00e9sil.<\/p>\n","protected":false},"featured_media":16582,"comment_status":"open","ping_status":"closed","template":"","meta":{"inline_featured_image":false},"product_cat":[204,143],"product_tag":[],"class_list":{"0":"post-16581","1":"product","2":"type-product","3":"status-publish","4":"has-post-thumbnail","6":"product_cat-francais","7":"product_cat-roman","8":"pa_auteurs-albert-camus","10":"first","11":"instock","12":"shipping-taxable","13":"purchasable","14":"product-type-simple"},"_links":{"self":[{"href":"https:\/\/baralivres.ma\/index.php?rest_route=\/wp\/v2\/product\/16581","targetHints":{"allow":["GET"]}}],"collection":[{"href":"https:\/\/baralivres.ma\/index.php?rest_route=\/wp\/v2\/product"}],"about":[{"href":"https:\/\/baralivres.ma\/index.php?rest_route=\/wp\/v2\/types\/product"}],"replies":[{"embeddable":true,"href":"https:\/\/baralivres.ma\/index.php?rest_route=%2Fwp%2Fv2%2Fcomments&post=16581"}],"version-history":[{"count":1,"href":"https:\/\/baralivres.ma\/index.php?rest_route=\/wp\/v2\/product\/16581\/revisions"}],"predecessor-version":[{"id":16585,"href":"https:\/\/baralivres.ma\/index.php?rest_route=\/wp\/v2\/product\/16581\/revisions\/16585"}],"wp:featuredmedia":[{"embeddable":true,"href":"https:\/\/baralivres.ma\/index.php?rest_route=\/wp\/v2\/media\/16582"}],"wp:attachment":[{"href":"https:\/\/baralivres.ma\/index.php?rest_route=%2Fwp%2Fv2%2Fmedia&parent=16581"}],"wp:term":[{"taxonomy":"product_cat","embeddable":true,"href":"https:\/\/baralivres.ma\/index.php?rest_route=%2Fwp%2Fv2%2Fproduct_cat&post=16581"},{"taxonomy":"product_tag","embeddable":true,"href":"https:\/\/baralivres.ma\/index.php?rest_route=%2Fwp%2Fv2%2Fproduct_tag&post=16581"}],"curies":[{"name":"wp","href":"https:\/\/api.w.org\/{rel}","templated":true}]}}