{"id":16571,"date":"2023-10-31T14:55:55","date_gmt":"2023-10-31T13:55:55","guid":{"rendered":"https:\/\/baralivres.ma\/?post_type=product&#038;p=16571"},"modified":"2023-10-31T14:55:56","modified_gmt":"2023-10-31T13:55:56","slug":"lentreprise-du-21e-siecle","status":"publish","type":"product","link":"https:\/\/baralivres.ma\/?product=lentreprise-du-21e-siecle","title":{"rendered":"L&rsquo;entreprise du 21e si\u00e8cle"},"content":{"rendered":"<p>Assumer la responsabilit\u00e9 de vos finances est crucial. Vous avez le pouvoir de devenir le ma\u00eetre de l&rsquo;argent au lieu d&rsquo;en \u00eatre esclave, et le choix vous appartient.<\/p>\n<p>L&rsquo;auteur a consacr\u00e9 une d\u00e9cennie \u00e0 trouver les m\u00e9thodes les plus efficaces pour aider les gens \u00e0 prosp\u00e9rer au 21e si\u00e8cle. Dans le cadre de la s\u00e9rie P\u00e8re riche, lui et ses associ\u00e9s ont explor\u00e9 divers types d&rsquo;entreprises et d&rsquo;investissements. Cependant, au cours de ces ann\u00e9es de recherche intensive, il a identifi\u00e9 un mod\u00e8le d&rsquo;entreprise en particulier qui, selon lui, offre les meilleures perspectives pour le plus grand nombre. Ce mod\u00e8le permet aux individus de reprendre le contr\u00f4le de leur vie financi\u00e8re, de fa\u00e7onner leur avenir et de d\u00e9terminer leur destin.<\/p>\n<p>Dans cet ouvrage, l&rsquo;auteur explique pourquoi il est essentiel pour chacun de cr\u00e9er son entreprise. Cela ne concerne pas uniquement la modification du mod\u00e8le d&rsquo;entreprise que vous utilisez, mais \u00e9galement une transformation personnelle. Il vous enseigne comment trouver la voie pour \u00e9riger une entreprise qui correspond parfaitement \u00e0 vos besoins. Cependant, pour que votre entreprise prosp\u00e8re, vous devrez \u00e9galement vous d\u00e9velopper personnellement. Votre croissance personnelle est essentielle pour accompagner la croissance de votre entreprise.<\/p>\n","protected":false},"excerpt":{"rendered":"<p>Prenez le contr\u00f4le de vos finances, soyez le ma\u00eetre, pas l&rsquo;esclave. D\u00e9couvrez un mod\u00e8le d&rsquo;entreprise prometteur pour la prosp\u00e9rit\u00e9 financi\u00e8re. Changer votre entreprise implique \u00e9galement votre propre transformation. Grandissez pour que votre entreprise prosp\u00e8re.<\/p>\n","protected":false},"featured_media":16573,"comment_status":"open","ping_status":"closed","template":"","meta":{"inline_featured_image":false},"product_cat":[204,91],"product_tag":[],"class_list":{"0":"post-16571","1":"product","2":"type-product","3":"status-publish","4":"has-post-thumbnail","6":"product_cat-francais","7":"product_cat-developpement","8":"pa_auteurs-robert-kiyosaki-2","10":"first","11":"instock","12":"shipping-taxable","13":"purchasable","14":"product-type-simple"},"_links":{"self":[{"href":"https:\/\/baralivres.ma\/index.php?rest_route=\/wp\/v2\/product\/16571","targetHints":{"allow":["GET"]}}],"collection":[{"href":"https:\/\/baralivres.ma\/index.php?rest_route=\/wp\/v2\/product"}],"about":[{"href":"https:\/\/baralivres.ma\/index.php?rest_route=\/wp\/v2\/types\/product"}],"replies":[{"embeddable":true,"href":"https:\/\/baralivres.ma\/index.php?rest_route=%2Fwp%2Fv2%2Fcomments&post=16571"}],"version-history":[{"count":1,"href":"https:\/\/baralivres.ma\/index.php?rest_route=\/wp\/v2\/product\/16571\/revisions"}],"predecessor-version":[{"id":16576,"href":"https:\/\/baralivres.ma\/index.php?rest_route=\/wp\/v2\/product\/16571\/revisions\/16576"}],"wp:featuredmedia":[{"embeddable":true,"href":"https:\/\/baralivres.ma\/index.php?rest_route=\/wp\/v2\/media\/16573"}],"wp:attachment":[{"href":"https:\/\/baralivres.ma\/index.php?rest_route=%2Fwp%2Fv2%2Fmedia&parent=16571"}],"wp:term":[{"taxonomy":"product_cat","embeddable":true,"href":"https:\/\/baralivres.ma\/index.php?rest_route=%2Fwp%2Fv2%2Fproduct_cat&post=16571"},{"taxonomy":"product_tag","embeddable":true,"href":"https:\/\/baralivres.ma\/index.php?rest_route=%2Fwp%2Fv2%2Fproduct_tag&post=16571"}],"curies":[{"name":"wp","href":"https:\/\/api.w.org\/{rel}","templated":true}]}}