{"id":16570,"date":"2023-10-31T14:55:01","date_gmt":"2023-10-31T13:55:01","guid":{"rendered":"https:\/\/baralivres.ma\/?post_type=product&#038;p=16570"},"modified":"2023-10-31T14:55:02","modified_gmt":"2023-10-31T13:55:02","slug":"les-tresors-de-la-mer-rouge","status":"publish","type":"product","link":"https:\/\/baralivres.ma\/?product=les-tresors-de-la-mer-rouge","title":{"rendered":"Les tr\u00e9sors de la mer Rouge"},"content":{"rendered":"<p>Les richesses que j&rsquo;ai rapport\u00e9es de cette r\u00e9gion sont intangibles, et lorsqu&rsquo;elles ne sont pas captur\u00e9es par la plume, elles s&rsquo;\u00e9vanouissent \u00e0 jamais. En tant qu&rsquo;\u00e9crivain, passionn\u00e9 par ces tr\u00e9sors \u00e9ph\u00e9m\u00e8res, parfois d&rsquo;une puret\u00e9 \u00e9clatante et parfois sombres, mais toujours uniques et \u00e9mouvants dans leur \u00e9nigmatique brillance, je me suis lanc\u00e9 \u00e0 leur recherche dans la mine in\u00e9puisable de richesse et de mis\u00e8re qu&rsquo;on appelait autrefois l&rsquo;\u00e2me humaine &#8211; je dis \u00ab\u00a0autrefois\u00a0\u00bb car ce terme est d\u00e9sormais d\u00e9mod\u00e9, avec son lointain \u00e9cho. De Djibouti au Y\u00e9men, Romain Gary a explor\u00e9 des terres arides et hostiles pour en rapporter un r\u00e9cit d&rsquo;une puissance exceptionnelle.<\/p>\n","protected":false},"excerpt":{"rendered":"<p>Romain Gary cherche tr\u00e9sors intangibles de l&rsquo;\u00e2me humaine, dans des terres br\u00fbl\u00e9es de Djibouti au Y\u00e9men.<\/p>\n","protected":false},"featured_media":16572,"comment_status":"open","ping_status":"closed","template":"","meta":{"inline_featured_image":false},"product_cat":[204,143],"product_tag":[],"class_list":{"0":"post-16570","1":"product","2":"type-product","3":"status-publish","4":"has-post-thumbnail","6":"product_cat-francais","7":"product_cat-roman","8":"pa_auteurs-romain-gary","10":"first","11":"instock","12":"shipping-taxable","13":"purchasable","14":"product-type-simple"},"_links":{"self":[{"href":"https:\/\/baralivres.ma\/index.php?rest_route=\/wp\/v2\/product\/16570","targetHints":{"allow":["GET"]}}],"collection":[{"href":"https:\/\/baralivres.ma\/index.php?rest_route=\/wp\/v2\/product"}],"about":[{"href":"https:\/\/baralivres.ma\/index.php?rest_route=\/wp\/v2\/types\/product"}],"replies":[{"embeddable":true,"href":"https:\/\/baralivres.ma\/index.php?rest_route=%2Fwp%2Fv2%2Fcomments&post=16570"}],"version-history":[{"count":1,"href":"https:\/\/baralivres.ma\/index.php?rest_route=\/wp\/v2\/product\/16570\/revisions"}],"predecessor-version":[{"id":16574,"href":"https:\/\/baralivres.ma\/index.php?rest_route=\/wp\/v2\/product\/16570\/revisions\/16574"}],"wp:featuredmedia":[{"embeddable":true,"href":"https:\/\/baralivres.ma\/index.php?rest_route=\/wp\/v2\/media\/16572"}],"wp:attachment":[{"href":"https:\/\/baralivres.ma\/index.php?rest_route=%2Fwp%2Fv2%2Fmedia&parent=16570"}],"wp:term":[{"taxonomy":"product_cat","embeddable":true,"href":"https:\/\/baralivres.ma\/index.php?rest_route=%2Fwp%2Fv2%2Fproduct_cat&post=16570"},{"taxonomy":"product_tag","embeddable":true,"href":"https:\/\/baralivres.ma\/index.php?rest_route=%2Fwp%2Fv2%2Fproduct_tag&post=16570"}],"curies":[{"name":"wp","href":"https:\/\/api.w.org\/{rel}","templated":true}]}}