{"id":16559,"date":"2023-10-31T14:51:45","date_gmt":"2023-10-31T13:51:45","guid":{"rendered":"https:\/\/baralivres.ma\/?post_type=product&#038;p=16559"},"modified":"2023-10-31T14:51:45","modified_gmt":"2023-10-31T13:51:45","slug":"la-metamorphose","status":"publish","type":"product","link":"https:\/\/baralivres.ma\/?product=la-metamorphose","title":{"rendered":"La M\u00e9tamorphose"},"content":{"rendered":"<p>En se r\u00e9veillant un matin apr\u00e8s une nuit de r\u00eaves agit\u00e9s, Gregor Samsa d\u00e9couvrit qu&rsquo;il \u00e9tait allong\u00e9 dans son lit m\u00e9tamorphos\u00e9 en une immense cr\u00e9ature ressemblant \u00e0 un cancrelat. Il s&rsquo;interrogea int\u00e9rieurement : \u00ab\u00a0Qu&rsquo;est-il arriv\u00e9 ?\u00a0\u00bb Ce n&rsquo;\u00e9tait pas un simple songe. Il envisagea bri\u00e8vement de retourner dormir pour chasser ces pens\u00e9es \u00e9tranges, mais cela s&rsquo;av\u00e9ra impossible, car sa nouvelle forme l&#8217;emp\u00eachait de se tourner sur son c\u00f4t\u00e9 droit, sa position habituelle. Malgr\u00e9 tous ses efforts pour se retourner, il se retrouvait constamment sur le dos.<\/p>\n","protected":false},"excerpt":{"rendered":"<p>Gregor Samsa se r\u00e9veille transform\u00e9 en cancrelat, incapable de retrouver son sommeil, confront\u00e9 \u00e0 sa m\u00e9tamorphose.<\/p>\n","protected":false},"featured_media":16565,"comment_status":"open","ping_status":"closed","template":"","meta":{"inline_featured_image":false},"product_cat":[204,143],"product_tag":[],"class_list":{"0":"post-16559","1":"product","2":"type-product","3":"status-publish","4":"has-post-thumbnail","6":"product_cat-francais","7":"product_cat-roman","8":"pa_auteurs-franz-kafka","10":"first","11":"instock","12":"shipping-taxable","13":"purchasable","14":"product-type-simple"},"_links":{"self":[{"href":"https:\/\/baralivres.ma\/index.php?rest_route=\/wp\/v2\/product\/16559","targetHints":{"allow":["GET"]}}],"collection":[{"href":"https:\/\/baralivres.ma\/index.php?rest_route=\/wp\/v2\/product"}],"about":[{"href":"https:\/\/baralivres.ma\/index.php?rest_route=\/wp\/v2\/types\/product"}],"replies":[{"embeddable":true,"href":"https:\/\/baralivres.ma\/index.php?rest_route=%2Fwp%2Fv2%2Fcomments&post=16559"}],"version-history":[{"count":1,"href":"https:\/\/baralivres.ma\/index.php?rest_route=\/wp\/v2\/product\/16559\/revisions"}],"predecessor-version":[{"id":16569,"href":"https:\/\/baralivres.ma\/index.php?rest_route=\/wp\/v2\/product\/16559\/revisions\/16569"}],"wp:featuredmedia":[{"embeddable":true,"href":"https:\/\/baralivres.ma\/index.php?rest_route=\/wp\/v2\/media\/16565"}],"wp:attachment":[{"href":"https:\/\/baralivres.ma\/index.php?rest_route=%2Fwp%2Fv2%2Fmedia&parent=16559"}],"wp:term":[{"taxonomy":"product_cat","embeddable":true,"href":"https:\/\/baralivres.ma\/index.php?rest_route=%2Fwp%2Fv2%2Fproduct_cat&post=16559"},{"taxonomy":"product_tag","embeddable":true,"href":"https:\/\/baralivres.ma\/index.php?rest_route=%2Fwp%2Fv2%2Fproduct_tag&post=16559"}],"curies":[{"name":"wp","href":"https:\/\/api.w.org\/{rel}","templated":true}]}}