{"id":16551,"date":"2023-10-31T14:11:05","date_gmt":"2023-10-31T13:11:05","guid":{"rendered":"https:\/\/baralivres.ma\/?post_type=product&#038;p=16551"},"modified":"2023-10-31T14:11:05","modified_gmt":"2023-10-31T13:11:05","slug":"allez-plus-loin-que-vos-reves","status":"publish","type":"product","link":"https:\/\/baralivres.ma\/?product=allez-plus-loin-que-vos-reves","title":{"rendered":"Allez plus loin que vos r\u00eaves"},"content":{"rendered":"<p>L&rsquo;ouvrage offre une fusion perspicace de sagesse, psychologie et une perspective entrepreneuriale pour briller dans l&rsquo;industrie du marketing relationnel. Il remet en question l&rsquo;id\u00e9e selon laquelle la plupart d&rsquo;entre nous sont form\u00e9s pour \u00eatre de simples employ\u00e9s plut\u00f4t que des entrepreneurs. Le succ\u00e8s est souvent \u00e9voqu\u00e9, mais les outils et la vision pour y parvenir sont souvent omis.<\/p>\n<p>En parcourant les pages de ce livre, vous explorerez diverses strat\u00e9gies qui vous guideront vers le succ\u00e8s dans le marketing relationnel. Vous d\u00e9couvrirez comment obtenir des r\u00e9ponses positives au sein de vos r\u00e9seaux, comment surmonter les craintes et les doutes qui peuvent vous entraver, et comment exploiter la puissance in\u00e9branlable des r\u00eaves personnels, associ\u00e9e \u00e0 une d\u00e9termination in\u00e9branlable.<\/p>\n<p>L&rsquo;auteur r\u00e9serve \u00e9galement un espace pour explorer l&rsquo;importance de la gestion du temps, en soulignant comment 15 minutes bien utilis\u00e9es peuvent \u00eatre le tremplin vers la libert\u00e9 financi\u00e8re. De plus, un v\u00e9ritable cours d&rsquo;\u00e9conomie vous est offert pour vous aider \u00e0 construire votre fortune.<\/p>\n<p>En somme, si le succ\u00e8s est votre objectif, ce livre est le guide inestimable que vous, ainsi que votre \u00e9quipe, recherchez pour vous orienter sur la voie du succ\u00e8s dans le domaine du marketing relationnel. Il offre une source d&rsquo;inspiration, des connaissances pratiques et un regard entrepreneurial pour ceux qui cherchent \u00e0 r\u00e9aliser leur r\u00eave entrepreneurial.<\/p>\n","protected":false},"excerpt":{"rendered":"<p>Un m\u00e9lange de sagesse, psychologie et vision entrepreneuriale pour r\u00e9ussir dans le marketing relationnel. D\u00e9couvrez des strat\u00e9gies, surmontez la peur et suivez le chemin vers le succ\u00e8s financier. Un guide pour les aspirants entrepreneurs.<\/p>\n","protected":false},"featured_media":16556,"comment_status":"open","ping_status":"closed","template":"","meta":{"inline_featured_image":false},"product_cat":[204,91],"product_tag":[],"class_list":{"0":"post-16551","1":"product","2":"type-product","3":"status-publish","4":"has-post-thumbnail","6":"product_cat-francais","7":"product_cat-developpement","8":"pa_auteurs-trom-barrett","10":"first","11":"instock","12":"shipping-taxable","13":"purchasable","14":"product-type-simple"},"_links":{"self":[{"href":"https:\/\/baralivres.ma\/index.php?rest_route=\/wp\/v2\/product\/16551","targetHints":{"allow":["GET"]}}],"collection":[{"href":"https:\/\/baralivres.ma\/index.php?rest_route=\/wp\/v2\/product"}],"about":[{"href":"https:\/\/baralivres.ma\/index.php?rest_route=\/wp\/v2\/types\/product"}],"replies":[{"embeddable":true,"href":"https:\/\/baralivres.ma\/index.php?rest_route=%2Fwp%2Fv2%2Fcomments&post=16551"}],"version-history":[{"count":1,"href":"https:\/\/baralivres.ma\/index.php?rest_route=\/wp\/v2\/product\/16551\/revisions"}],"predecessor-version":[{"id":16557,"href":"https:\/\/baralivres.ma\/index.php?rest_route=\/wp\/v2\/product\/16551\/revisions\/16557"}],"wp:featuredmedia":[{"embeddable":true,"href":"https:\/\/baralivres.ma\/index.php?rest_route=\/wp\/v2\/media\/16556"}],"wp:attachment":[{"href":"https:\/\/baralivres.ma\/index.php?rest_route=%2Fwp%2Fv2%2Fmedia&parent=16551"}],"wp:term":[{"taxonomy":"product_cat","embeddable":true,"href":"https:\/\/baralivres.ma\/index.php?rest_route=%2Fwp%2Fv2%2Fproduct_cat&post=16551"},{"taxonomy":"product_tag","embeddable":true,"href":"https:\/\/baralivres.ma\/index.php?rest_route=%2Fwp%2Fv2%2Fproduct_tag&post=16551"}],"curies":[{"name":"wp","href":"https:\/\/api.w.org\/{rel}","templated":true}]}}