{"id":16545,"date":"2023-10-31T14:04:59","date_gmt":"2023-10-31T13:04:59","guid":{"rendered":"https:\/\/baralivres.ma\/?post_type=product&#038;p=16545"},"modified":"2023-10-31T14:05:00","modified_gmt":"2023-10-31T13:05:00","slug":"optimisez-votre-equipe","status":"publish","type":"product","link":"https:\/\/baralivres.ma\/?product=optimisez-votre-equipe","title":{"rendered":"OPTIMISEZ VOTRE EQUIPE"},"content":{"rendered":"<p>Dans \u00ab\u00a0Optimisez votre \u00e9quipe,\u00a0\u00bb Patrick Lencioni explore la dynamique des groupes de travail. \u00c0 travers une histoire captivante, il met en sc\u00e8ne Kathryn Petersen, PDG de DecisionTech, confront\u00e9e \u00e0 une crise de leadership. L&rsquo;auteur r\u00e9v\u00e8le cinq dysfonctions courantes au sein des \u00e9quipes, offrant un mod\u00e8le pour surmonter ces obstacles et favoriser la coh\u00e9sion. Cette fable offre un message puissant sur le leadership d&rsquo;\u00e9quipe.<\/p>\n","protected":false},"excerpt":{"rendered":"<p>Lencioni explore leadership d&rsquo;\u00e9quipe, mettant en sc\u00e8ne PDG face \u00e0 crise, d\u00e9voilant dysfonctions et solutions. Inspirant.<\/p>\n","protected":false},"featured_media":16549,"comment_status":"open","ping_status":"closed","template":"","meta":{"inline_featured_image":false},"product_cat":[204,91],"product_tag":[],"class_list":{"0":"post-16545","1":"product","2":"type-product","3":"status-publish","4":"has-post-thumbnail","6":"product_cat-francais","7":"product_cat-developpement","8":"pa_auteurs-patrick-lencioni","10":"first","11":"instock","12":"shipping-taxable","13":"purchasable","14":"product-type-simple"},"_links":{"self":[{"href":"https:\/\/baralivres.ma\/index.php?rest_route=\/wp\/v2\/product\/16545","targetHints":{"allow":["GET"]}}],"collection":[{"href":"https:\/\/baralivres.ma\/index.php?rest_route=\/wp\/v2\/product"}],"about":[{"href":"https:\/\/baralivres.ma\/index.php?rest_route=\/wp\/v2\/types\/product"}],"replies":[{"embeddable":true,"href":"https:\/\/baralivres.ma\/index.php?rest_route=%2Fwp%2Fv2%2Fcomments&post=16545"}],"version-history":[{"count":1,"href":"https:\/\/baralivres.ma\/index.php?rest_route=\/wp\/v2\/product\/16545\/revisions"}],"predecessor-version":[{"id":16550,"href":"https:\/\/baralivres.ma\/index.php?rest_route=\/wp\/v2\/product\/16545\/revisions\/16550"}],"wp:featuredmedia":[{"embeddable":true,"href":"https:\/\/baralivres.ma\/index.php?rest_route=\/wp\/v2\/media\/16549"}],"wp:attachment":[{"href":"https:\/\/baralivres.ma\/index.php?rest_route=%2Fwp%2Fv2%2Fmedia&parent=16545"}],"wp:term":[{"taxonomy":"product_cat","embeddable":true,"href":"https:\/\/baralivres.ma\/index.php?rest_route=%2Fwp%2Fv2%2Fproduct_cat&post=16545"},{"taxonomy":"product_tag","embeddable":true,"href":"https:\/\/baralivres.ma\/index.php?rest_route=%2Fwp%2Fv2%2Fproduct_tag&post=16545"}],"curies":[{"name":"wp","href":"https:\/\/api.w.org\/{rel}","templated":true}]}}