{"id":16536,"date":"2023-10-31T13:57:33","date_gmt":"2023-10-31T12:57:33","guid":{"rendered":"https:\/\/baralivres.ma\/?post_type=product&#038;p=16536"},"modified":"2023-10-31T13:57:33","modified_gmt":"2023-10-31T12:57:33","slug":"la-fin-de-la-jalousie-et-autres-nouvelles","status":"publish","type":"product","link":"https:\/\/baralivres.ma\/?product=la-fin-de-la-jalousie-et-autres-nouvelles","title":{"rendered":"La fin de la jalousie et autres nouvelles"},"content":{"rendered":"<p>Honor\u00e9 de Tenvres est profond\u00e9ment amoureux de Fran\u00e7oise Seaune, et il est constamment \u00e9mu par l&rsquo;intensit\u00e9 de ses sentiments pour elle. Cependant, un jour, il entend parler de sa r\u00e9putation de femme l\u00e9g\u00e8re, ce qui le perturbe profond\u00e9ment et l&rsquo;am\u00e8ne \u00e0 exp\u00e9rimenter les tourments de la jalousie. Les personnages qui \u00e9voluent dans ces nouvelles de Proust sont \u00e0 la fois mondains, sensuels et impitoyables, pr\u00e9figurant ainsi les h\u00e9ros que l&rsquo;on retrouve dans \u00ab\u00a0\u00c0 la recherche du temps perdu\u00a0\u00bb avec un raffinement caract\u00e9ristique.<\/p>\n","protected":false},"excerpt":{"rendered":"<p>Honor\u00e9 aime Fran\u00e7oise, d\u00e9couvre sa r\u00e9putation scandaleuse, \u00e9prouve la jalousie, anticipant le raffinement de Proust.<\/p>\n","protected":false},"featured_media":16539,"comment_status":"open","ping_status":"closed","template":"","meta":{"inline_featured_image":false},"product_cat":[204,143],"product_tag":[],"class_list":{"0":"post-16536","1":"product","2":"type-product","3":"status-publish","4":"has-post-thumbnail","6":"product_cat-francais","7":"product_cat-roman","8":"pa_auteurs-marcel-proust","10":"first","11":"instock","12":"shipping-taxable","13":"purchasable","14":"product-type-simple"},"_links":{"self":[{"href":"https:\/\/baralivres.ma\/index.php?rest_route=\/wp\/v2\/product\/16536","targetHints":{"allow":["GET"]}}],"collection":[{"href":"https:\/\/baralivres.ma\/index.php?rest_route=\/wp\/v2\/product"}],"about":[{"href":"https:\/\/baralivres.ma\/index.php?rest_route=\/wp\/v2\/types\/product"}],"replies":[{"embeddable":true,"href":"https:\/\/baralivres.ma\/index.php?rest_route=%2Fwp%2Fv2%2Fcomments&post=16536"}],"version-history":[{"count":1,"href":"https:\/\/baralivres.ma\/index.php?rest_route=\/wp\/v2\/product\/16536\/revisions"}],"predecessor-version":[{"id":16540,"href":"https:\/\/baralivres.ma\/index.php?rest_route=\/wp\/v2\/product\/16536\/revisions\/16540"}],"wp:featuredmedia":[{"embeddable":true,"href":"https:\/\/baralivres.ma\/index.php?rest_route=\/wp\/v2\/media\/16539"}],"wp:attachment":[{"href":"https:\/\/baralivres.ma\/index.php?rest_route=%2Fwp%2Fv2%2Fmedia&parent=16536"}],"wp:term":[{"taxonomy":"product_cat","embeddable":true,"href":"https:\/\/baralivres.ma\/index.php?rest_route=%2Fwp%2Fv2%2Fproduct_cat&post=16536"},{"taxonomy":"product_tag","embeddable":true,"href":"https:\/\/baralivres.ma\/index.php?rest_route=%2Fwp%2Fv2%2Fproduct_tag&post=16536"}],"curies":[{"name":"wp","href":"https:\/\/api.w.org\/{rel}","templated":true}]}}