{"id":16529,"date":"2023-10-31T13:52:28","date_gmt":"2023-10-31T12:52:28","guid":{"rendered":"https:\/\/baralivres.ma\/?post_type=product&#038;p=16529"},"modified":"2023-10-31T13:52:29","modified_gmt":"2023-10-31T12:52:29","slug":"courage-de-parler-en-public","status":"publish","type":"product","link":"https:\/\/baralivres.ma\/?product=courage-de-parler-en-public","title":{"rendered":"COURAGE DE PARLER EN PUBLIC"},"content":{"rendered":"<div class=\"group w-full text-token-text-primary border-b border-black\/10 gizmo:border-0 dark:border-gray-900\/50 gizmo:dark:border-0 bg-gray-50 gizmo:bg-transparent dark:bg-[#444654] gizmo:dark:bg-transparent\" data-testid=\"conversation-turn-21\">\n<div class=\"p-4 gizmo:py-2 justify-center text-base md:gap-6 md:py-6 m-auto\">\n<div class=\"flex flex-1 gap-4 text-base mx-auto md:gap-6 gizmo:gap-3 gizmo:md:px-5 gizmo:lg:px-1 gizmo:xl:px-5 md:max-w-2xl lg:max-w-[38rem] gizmo:md:max-w-3xl gizmo:lg:max-w-[40rem] gizmo:xl:max-w-[48rem] xl:max-w-3xl }\">\n<div class=\"relative flex w-[calc(100%-50px)] flex-col gizmo:w-full lg:w-[calc(100%-115px)] agent-turn\">\n<div class=\"flex-col gap-1 md:gap-3\">\n<div class=\"flex flex-grow flex-col gap-3 max-w-full\">\n<div class=\"min-h-[20px] flex flex-col items-start gap-3 whitespace-pre-wrap break-words overflow-x-auto\" data-message-author-role=\"assistant\" data-message-id=\"98e63f97-8cd0-46eb-9fb0-6c26825658ad\">\n<div class=\"markdown prose w-full break-words dark:prose-invert light\">\n<p>Si la peur de parler en public vous paralyse, ce guide est votre alli\u00e9. Les sympt\u00f4mes tels que les mains moites, la gorge serr\u00e9e, la voix qui s&rsquo;\u00e9touffe, le regard fig\u00e9, la bouche s\u00e8che, le trou de m\u00e9moire, les tremblements, et les palpitations sont autant de manifestations courantes. Pour beaucoup, s&rsquo;exprimer devant un groupe peut \u00eatre aussi redoutable que la perspective de la mort. Cependant, que ce soit pour pr\u00e9senter un projet \u00e0 des coll\u00e8gues et des sup\u00e9rieurs, prendre le micro devant une assembl\u00e9e d&rsquo;inconnus, ou persuader un auditoire d&rsquo;adh\u00e9rer \u00e0 une id\u00e9e, il est in\u00e9vitable que, t\u00f4t ou tard, nous soyons confront\u00e9s \u00e0 cette exp\u00e9rience.<\/p>\n<p>Ce guide est un compagnon pr\u00e9cieux dans votre d\u00e9marche pour surmonter cette appr\u00e9hension. Qui de mieux pour vous encourager \u00e0 parler en public que des experts qui consacrent leurs journ\u00e9es \u00e0 r\u00e9aliser des pr\u00e9sentations devant des auditoires vari\u00e9s ? Vingt conf\u00e9renciers partagent leurs exp\u00e9riences avec humilit\u00e9, en racontant des histoires v\u00e9cues et en pr\u00e9sentant les le\u00e7ons qu&rsquo;ils en ont tir\u00e9es. Leur objectif est de vous transmettre le courage n\u00e9cessaire pour saisir la prochaine opportunit\u00e9 de prendre la parole en public et ainsi influencer positivement un auditoire. Ce guide est con\u00e7u pour vous aider \u00e0 d\u00e9velopper vos comp\u00e9tences en communication et \u00e0 gagner en assurance, quel que soit le contexte ou le public.<\/p>\n<\/div>\n<\/div>\n<\/div>\n<div class=\"flex justify-between empty:hidden gizmo:justify-start gizmo:gap-3 lg:block gizmo:lg:flex\">\n<div class=\"text-gray-400 flex self-end lg:self-center justify-center gizmo:lg:justify-start mt-2 gizmo:mt-0 visible lg:gap-1 lg:absolute lg:top-0 lg:translate-x-full lg:right-0 lg:mt-0 lg:pl-2 gap-2 md:gap-3\"><button class=\"flex ml-auto gizmo:ml-0 gap-2 items-center rounded-md p-1 text-xs gizmo:gap-1.5 gizmo:pl-0 dark:text-gray-400 dark:hover:text-gray-200 disabled:dark:hover:text-gray-400 hover:text-gray-700\"><\/button><\/p>\n<div class=\"flex gap-1\"><\/div>\n<\/div>\n<\/div>\n<\/div>\n<\/div>\n<\/div>\n<\/div>\n<\/div>\n","protected":false},"excerpt":{"rendered":"<p>Ce guide accompagne la peur de parler en public. \u00c0 un moment donn\u00e9, nous devons tous le faire, et vingt experts partagent des histoires et des le\u00e7ons pour inspirer votre confiance.<\/p>\n","protected":false},"featured_media":16533,"comment_status":"open","ping_status":"closed","template":"","meta":{"inline_featured_image":false},"product_cat":[204,91],"product_tag":[],"class_list":{"0":"post-16529","1":"product","2":"type-product","3":"status-publish","4":"has-post-thumbnail","6":"product_cat-francais","7":"product_cat-developpement","8":"pa_auteurs-collectif","10":"first","11":"instock","12":"shipping-taxable","13":"purchasable","14":"product-type-simple"},"_links":{"self":[{"href":"https:\/\/baralivres.ma\/index.php?rest_route=\/wp\/v2\/product\/16529","targetHints":{"allow":["GET"]}}],"collection":[{"href":"https:\/\/baralivres.ma\/index.php?rest_route=\/wp\/v2\/product"}],"about":[{"href":"https:\/\/baralivres.ma\/index.php?rest_route=\/wp\/v2\/types\/product"}],"replies":[{"embeddable":true,"href":"https:\/\/baralivres.ma\/index.php?rest_route=%2Fwp%2Fv2%2Fcomments&post=16529"}],"version-history":[{"count":1,"href":"https:\/\/baralivres.ma\/index.php?rest_route=\/wp\/v2\/product\/16529\/revisions"}],"predecessor-version":[{"id":16534,"href":"https:\/\/baralivres.ma\/index.php?rest_route=\/wp\/v2\/product\/16529\/revisions\/16534"}],"wp:featuredmedia":[{"embeddable":true,"href":"https:\/\/baralivres.ma\/index.php?rest_route=\/wp\/v2\/media\/16533"}],"wp:attachment":[{"href":"https:\/\/baralivres.ma\/index.php?rest_route=%2Fwp%2Fv2%2Fmedia&parent=16529"}],"wp:term":[{"taxonomy":"product_cat","embeddable":true,"href":"https:\/\/baralivres.ma\/index.php?rest_route=%2Fwp%2Fv2%2Fproduct_cat&post=16529"},{"taxonomy":"product_tag","embeddable":true,"href":"https:\/\/baralivres.ma\/index.php?rest_route=%2Fwp%2Fv2%2Fproduct_tag&post=16529"}],"curies":[{"name":"wp","href":"https:\/\/api.w.org\/{rel}","templated":true}]}}