{"id":16526,"date":"2023-10-31T13:51:47","date_gmt":"2023-10-31T12:51:47","guid":{"rendered":"https:\/\/baralivres.ma\/?post_type=product&#038;p=16526"},"modified":"2023-10-31T13:51:47","modified_gmt":"2023-10-31T12:51:47","slug":"letoile-du-nord-et-autres-enquetes-de-maigret","status":"publish","type":"product","link":"https:\/\/baralivres.ma\/?product=letoile-du-nord-et-autres-enquetes-de-maigret","title":{"rendered":"L&rsquo;\u00c9toile du Nord et autres enqu\u00eates de Maigret"},"content":{"rendered":"<p>Le commissaire Maigret, pour r\u00e9soudre ses enqu\u00eates de meurtre, utilise une m\u00e9thode infaillible. En arpentant les coins sombres de Pigalle et les h\u00f4tels louches du quartier de la gare du Nord, ce fin observateur de la nature humaine reste attentif, savoure sa pipe sans rel\u00e2che, et attend avec impatience l&rsquo;\u00e9v\u00e9nement significatif qui se produit invariablement. Tout repose sur le fait d&rsquo;\u00eatre au bon endroit au bon moment et de tirer profit de la situation. Trois intrigues palpitantes mettant en sc\u00e8ne le c\u00e9l\u00e8bre commissaire Maigret, cr\u00e9\u00e9es par un \u00e9minent \u00e9crivain du XXe si\u00e8cle.<\/p>\n","protected":false},"excerpt":{"rendered":"<p>Maigret r\u00e9sout des meurtres avec perspicacit\u00e9, observant la vie nocturne parisienne et attendant les \u00e9v\u00e9nements cruciaux.<\/p>\n","protected":false},"featured_media":16531,"comment_status":"open","ping_status":"closed","template":"","meta":{"inline_featured_image":false},"product_cat":[204,143],"product_tag":[],"class_list":{"0":"post-16526","1":"product","2":"type-product","3":"status-publish","4":"has-post-thumbnail","6":"product_cat-francais","7":"product_cat-roman","9":"first","10":"instock","11":"shipping-taxable","12":"purchasable","13":"product-type-simple"},"_links":{"self":[{"href":"https:\/\/baralivres.ma\/index.php?rest_route=\/wp\/v2\/product\/16526","targetHints":{"allow":["GET"]}}],"collection":[{"href":"https:\/\/baralivres.ma\/index.php?rest_route=\/wp\/v2\/product"}],"about":[{"href":"https:\/\/baralivres.ma\/index.php?rest_route=\/wp\/v2\/types\/product"}],"replies":[{"embeddable":true,"href":"https:\/\/baralivres.ma\/index.php?rest_route=%2Fwp%2Fv2%2Fcomments&post=16526"}],"version-history":[{"count":1,"href":"https:\/\/baralivres.ma\/index.php?rest_route=\/wp\/v2\/product\/16526\/revisions"}],"predecessor-version":[{"id":16532,"href":"https:\/\/baralivres.ma\/index.php?rest_route=\/wp\/v2\/product\/16526\/revisions\/16532"}],"wp:featuredmedia":[{"embeddable":true,"href":"https:\/\/baralivres.ma\/index.php?rest_route=\/wp\/v2\/media\/16531"}],"wp:attachment":[{"href":"https:\/\/baralivres.ma\/index.php?rest_route=%2Fwp%2Fv2%2Fmedia&parent=16526"}],"wp:term":[{"taxonomy":"product_cat","embeddable":true,"href":"https:\/\/baralivres.ma\/index.php?rest_route=%2Fwp%2Fv2%2Fproduct_cat&post=16526"},{"taxonomy":"product_tag","embeddable":true,"href":"https:\/\/baralivres.ma\/index.php?rest_route=%2Fwp%2Fv2%2Fproduct_tag&post=16526"}],"curies":[{"name":"wp","href":"https:\/\/api.w.org\/{rel}","templated":true}]}}